{"id":2446,"date":"2024-02-05T10:57:07","date_gmt":"2024-02-05T10:57:07","guid":{"rendered":"https:\/\/swissvitalityclinics.com\/datenschutzbestimmungen\/"},"modified":"2025-04-17T09:39:52","modified_gmt":"2025-04-17T09:39:52","slug":"datenschutzbestimmungen","status":"publish","type":"page","link":"https:\/\/swissvitalityclinics.com\/de\/datenschutzbestimmungen\/","title":{"rendered":"Datenschutzbestimmungen"},"content":{"rendered":"\t\t<div data-elementor-type=\"wp-page\" data-elementor-id=\"2446\" class=\"elementor elementor-2446 elementor-3\" data-elementor-post-type=\"page\">\n\t\t\t\t<div class=\"elementor-element elementor-element-1b5205b9 e-flex e-con-boxed e-con e-parent\" data-id=\"1b5205b9\" data-element_type=\"container\">\n\t\t\t\t\t<div class=\"e-con-inner\">\n\t\t\t\t<div class=\"elementor-element elementor-element-440759ab elementor-widget elementor-widget-text-editor\" data-id=\"440759ab\" data-element_type=\"widget\" data-widget_type=\"text-editor.default\">\n\t\t\t\t<div class=\"elementor-widget-container\">\n\t\t\t\t\t\t\t\t\t<h2>Datenschutzbestimmungen<\/h2>\n<h3>Wer wir sind<\/h3>\n<p>Unsere Website-Adresse lautet: <a href=\"https:\/\/swissvitalityclinics.com\/\">https:\/\/swissvitalityclinics.com.<\/a><\/p>\n<hr>\n<h3>Medien<\/h3>\n<p>Wenn Sie Bilder auf die Website hochladen, vermeiden Sie es bitte, Bilder hochzuladen, die eingebettete Standortdaten (EXIF-GPS) enthalten. Die Besucher der Website k\u00f6nnen alle Standortdaten von den Bildern auf der Website herunterladen und extrahieren.<\/p>\n<hr>\n<h3>Cookies<\/h3>\n<p>Wir verwenden Cookies, um Ihre Erfahrung auf unserer Website zu verbessern. Cookies sind kleine Textdateien, die auf Ihrem Ger\u00e4t gespeichert werden. Einige Cookies sind f\u00fcr das Funktionieren der Website erforderlich, w\u00e4hrend andere uns helfen zu analysieren, wie Besucher unsere Website nutzen.  <\/p>\n<h4>Google Analytics<\/h4>\n<p>Wir verwenden Google Analytics, einen Webanalysedienst, der von Google LLC bereitgestellt wird. Google Analytics verwendet Cookies, um zu verstehen, wie Besucher mit unserer Website interagieren, damit wir unsere Inhalte und die Benutzererfahrung verbessern k\u00f6nnen. Die von den Cookies erzeugten Informationen \u00fcber Ihre Nutzung der Website (einschlie\u00dflich Ihrer IP-Adresse, die nach M\u00f6glichkeit anonymisiert wird) werden an einen Server von Google in den Vereinigten Staaten oder an einen anderen Ort au\u00dferhalb des Europ\u00e4ischen Wirtschaftsraums \u00fcbertragen und dort gespeichert.  <\/p>\n<p>Wir haben Google Analytics so konfiguriert, dass Ihre IP-Adresse so schnell wie m\u00f6glich anonymisiert wird, und wir gestatten Google nicht, die Analysedaten f\u00fcr eigene Zwecke zu verwenden oder sie an Dritte weiterzugeben, es sei denn, dies ist gesetzlich vorgeschrieben. Sie k\u00f6nnen Google Analytics-Cookies deaktivieren, indem Sie Ihre Browsereinstellungen anpassen oder das <a href=\"https:\/\/tools.google.com\/dlpage\/gaoptout\">Opt-Out-Browser-Add-on<\/a> von Google verwenden. <\/p>\n<hr>\n<h3>Eingebettete Inhalte von anderen Websites<\/h3>\n<p>Artikel oder Seiten auf dieser Website k\u00f6nnen eingebettete Inhalte enthalten (z. B. Videos, Bilder, Artikel usw.). Eingebettete Inhalte von anderen Websites verhalten sich genau so, als ob Sie die andere Website direkt besuchen w\u00fcrden. <\/p>\n<p>Diese externen Websites k\u00f6nnen Daten \u00fcber Sie sammeln, Cookies verwenden, zus\u00e4tzliche Trackingfunktionen von Drittanbietern einbetten und Ihre Interaktion mit deren eingebetteten Inhalten \u00fcberwachen.<\/p>\n<hr>\n<h3>Mit wem wir Ihre Daten teilen<\/h3>\n<p>Wir geben Ihre pers\u00f6nlichen Daten nicht an Dritte weiter, es sei denn, dies ist gesetzlich vorgeschrieben oder f\u00fcr die Bereitstellung und Verbesserung unserer Website und Dienste erforderlich (z. B. an Analyse- oder Hosting-Anbieter unter strengen Vertraulichkeitsvereinbarungen).<\/p>\n<hr>\n<h3>Wie lange wir Ihre Daten aufbewahren<\/h3>\n<p>Wenn Sie uns \u00fcber unsere Website kontaktieren, bewahren wir Ihre Mitteilung und alle damit verbundenen Daten so lange auf, wie es notwendig ist, um einen kontinuierlichen Service zu bieten und gesetzliche Verpflichtungen zu erf\u00fcllen.<\/p>\n<hr>\n<h3>Welche Rechte Sie an Ihren Daten haben<\/h3>\n<p>Sie haben das Recht, den Zugang zu Ihren personenbezogenen Daten, die wir speichern, sowie deren Berichtigung oder L\u00f6schung zu verlangen. Sie k\u00f6nnen auch verlangen, dass wir die Verarbeitung Ihrer personenbezogenen Daten einschr\u00e4nken oder stoppen, oder eine Kopie Ihrer Daten anfordern. Dies gilt nicht f\u00fcr Daten, die wir aus administrativen, rechtlichen oder Sicherheitsgr\u00fcnden aufbewahren m\u00fcssen.  <\/p>\n<hr>\n<h3>Wohin Ihre Daten gesendet werden<\/h3>\n<p>Analytische Daten k\u00f6nnen von Drittanbietern wie Google Analytics verarbeitet werden, und Ihre Daten k\u00f6nnen sicher au\u00dferhalb des Europ\u00e4ischen Wirtschaftsraums \u00fcbertragen und gespeichert werden, wenn die erforderlichen Sicherheitsvorkehrungen getroffen wurden.<\/p>\n<hr>\n<p>Wenn Sie Fragen oder Bedenken zu dieser Datenschutzerkl\u00e4rung oder zum Umgang mit Ihren Daten haben, kontaktieren Sie uns bitte unter: <a href=\"mailto:info@swissvitalityclinics.com\">info@swissvitalityclinics.com<\/a><\/p>\n<hr>\n<p>\u00a9 2025 Swiss Vitality Clinics<\/p>\t\t\t\t\t\t\t\t<\/div>\n\t\t\t\t<\/div>\n\t\t\t\t\t<\/div>\n\t\t\t\t<\/div>\n\t\t\t\t<\/div>\n\t\t","protected":false},"excerpt":{"rendered":"<p>Datenschutzbestimmungen Wer wir sind Unsere Website-Adresse lautet: https:\/\/swissvitalityclinics.com. Medien Wenn Sie Bilder auf die Website hochladen, vermeiden Sie es bitte, Bilder hochzuladen, die eingebettete Standortdaten (EXIF-GPS) enthalten. Die Besucher der Website k\u00f6nnen alle Standortdaten von den Bildern auf der Website herunterladen und extrahieren. Cookies Wir verwenden Cookies, um Ihre Erfahrung auf unserer Website zu verbessern. [&hellip;]<\/p>\n","protected":false},"author":1,"featured_media":0,"parent":0,"menu_order":0,"comment_status":"closed","ping_status":"open","template":"","meta":{"_acf_changed":false,"footnotes":""},"class_list":["post-2446","page","type-page","status-publish","hentry"],"acf":[],"yoast_head":"<!-- This site is optimized with the Yoast SEO plugin v26.2 - https:\/\/yoast.com\/wordpress\/plugins\/seo\/ -->\n<title>Datenschutzbestimmungen - Swiss Vitality Clinics<\/title>\n<meta name=\"description\" content=\"Datenschutzbestimmungen Wer wir sind Unsere Website-Adresse lautet: https:\/\/swissvitalityclinics.com. Medien Wenn Sie Bilder auf die Website hochladen,\" \/>\n<meta name=\"robots\" content=\"noindex, follow\" \/>\n<meta property=\"og:locale\" content=\"de_DE\" \/>\n<meta property=\"og:type\" content=\"article\" \/>\n<meta property=\"og:title\" content=\"Datenschutzbestimmungen - Swiss Vitality Clinics\" \/>\n<meta property=\"og:description\" content=\"Datenschutzbestimmungen Wer wir sind Unsere Website-Adresse lautet: https:\/\/swissvitalityclinics.com. Medien Wenn Sie Bilder auf die Website hochladen,\" \/>\n<meta property=\"og:url\" content=\"https:\/\/swissvitalityclinics.com\/de\/datenschutzbestimmungen\/\" \/>\n<meta property=\"og:site_name\" content=\"Swiss Vitality Clinics\" \/>\n<meta property=\"article:modified_time\" content=\"2025-04-17T09:39:52+00:00\" \/>\n<meta name=\"twitter:card\" content=\"summary_large_image\" \/>\n<meta name=\"twitter:label1\" content=\"Gesch\u00e4tzte Lesezeit\" \/>\n\t<meta name=\"twitter:data1\" content=\"3\u00a0Minuten\" \/>\n<script type=\"application\/ld+json\" class=\"yoast-schema-graph\">{\"@context\":\"https:\/\/schema.org\",\"@graph\":[{\"@type\":\"WebPage\",\"@id\":\"https:\/\/swissvitalityclinics.com\/de\/datenschutzbestimmungen\/\",\"url\":\"https:\/\/swissvitalityclinics.com\/de\/datenschutzbestimmungen\/\",\"name\":\"Datenschutzbestimmungen - Swiss Vitality Clinics\",\"isPartOf\":{\"@id\":\"https:\/\/swissvitalityclinics.com\/de\/#website\"},\"datePublished\":\"2024-02-05T10:57:07+00:00\",\"dateModified\":\"2025-04-17T09:39:52+00:00\",\"description\":\"Datenschutzbestimmungen Wer wir sind Unsere Website-Adresse lautet: https:\/\/swissvitalityclinics.com. Medien Wenn Sie Bilder auf die Website hochladen,\",\"breadcrumb\":{\"@id\":\"https:\/\/swissvitalityclinics.com\/de\/datenschutzbestimmungen\/#breadcrumb\"},\"inLanguage\":\"de\",\"potentialAction\":[{\"@type\":\"ReadAction\",\"target\":[\"https:\/\/swissvitalityclinics.com\/de\/datenschutzbestimmungen\/\"]}]},{\"@type\":\"BreadcrumbList\",\"@id\":\"https:\/\/swissvitalityclinics.com\/de\/datenschutzbestimmungen\/#breadcrumb\",\"itemListElement\":[{\"@type\":\"ListItem\",\"position\":1,\"name\":\"Home\",\"item\":\"https:\/\/swissvitalityclinics.com\/de\/startseite\/\"},{\"@type\":\"ListItem\",\"position\":2,\"name\":\"Datenschutzbestimmungen\"}]},{\"@type\":\"WebSite\",\"@id\":\"https:\/\/swissvitalityclinics.com\/de\/#website\",\"url\":\"https:\/\/swissvitalityclinics.com\/de\/\",\"name\":\"Swiss Vitality Clinics\",\"description\":\"Epigenetics, Inuspherese, Nano Therapy\",\"publisher\":{\"@id\":\"https:\/\/swissvitalityclinics.com\/de\/#organization\"},\"potentialAction\":[{\"@type\":\"SearchAction\",\"target\":{\"@type\":\"EntryPoint\",\"urlTemplate\":\"https:\/\/swissvitalityclinics.com\/de\/?s={search_term_string}\"},\"query-input\":{\"@type\":\"PropertyValueSpecification\",\"valueRequired\":true,\"valueName\":\"search_term_string\"}}],\"inLanguage\":\"de\"},{\"@type\":\"Organization\",\"@id\":\"https:\/\/swissvitalityclinics.com\/de\/#organization\",\"name\":\"Swiss Vitality Clinics\",\"url\":\"https:\/\/swissvitalityclinics.com\/de\/\",\"logo\":{\"@type\":\"ImageObject\",\"inLanguage\":\"de\",\"@id\":\"https:\/\/swissvitalityclinics.com\/de\/#\/schema\/logo\/image\/\",\"url\":\"https:\/\/swissvitalityclinics.com\/wp-content\/uploads\/2024\/02\/Swiss-Vitality-Clinics-Logo-002-02-3000px.png\",\"contentUrl\":\"https:\/\/swissvitalityclinics.com\/wp-content\/uploads\/2024\/02\/Swiss-Vitality-Clinics-Logo-002-02-3000px.png\",\"width\":3000,\"height\":542,\"caption\":\"Swiss Vitality Clinics\"},\"image\":{\"@id\":\"https:\/\/swissvitalityclinics.com\/de\/#\/schema\/logo\/image\/\"}}]}<\/script>\n<!-- \/ Yoast SEO plugin. -->","yoast_head_json":{"title":"Datenschutzbestimmungen - Swiss Vitality Clinics","description":"Datenschutzbestimmungen Wer wir sind Unsere Website-Adresse lautet: https:\/\/swissvitalityclinics.com. Medien Wenn Sie Bilder auf die Website hochladen,","robots":{"index":"noindex","follow":"follow"},"og_locale":"de_DE","og_type":"article","og_title":"Datenschutzbestimmungen - Swiss Vitality Clinics","og_description":"Datenschutzbestimmungen Wer wir sind Unsere Website-Adresse lautet: https:\/\/swissvitalityclinics.com. Medien Wenn Sie Bilder auf die Website hochladen,","og_url":"https:\/\/swissvitalityclinics.com\/de\/datenschutzbestimmungen\/","og_site_name":"Swiss Vitality Clinics","article_modified_time":"2025-04-17T09:39:52+00:00","twitter_card":"summary_large_image","twitter_misc":{"Gesch\u00e4tzte Lesezeit":"3\u00a0Minuten"},"schema":{"@context":"https:\/\/schema.org","@graph":[{"@type":"WebPage","@id":"https:\/\/swissvitalityclinics.com\/de\/datenschutzbestimmungen\/","url":"https:\/\/swissvitalityclinics.com\/de\/datenschutzbestimmungen\/","name":"Datenschutzbestimmungen - Swiss Vitality Clinics","isPartOf":{"@id":"https:\/\/swissvitalityclinics.com\/de\/#website"},"datePublished":"2024-02-05T10:57:07+00:00","dateModified":"2025-04-17T09:39:52+00:00","description":"Datenschutzbestimmungen Wer wir sind Unsere Website-Adresse lautet: https:\/\/swissvitalityclinics.com. Medien Wenn Sie Bilder auf die Website hochladen,","breadcrumb":{"@id":"https:\/\/swissvitalityclinics.com\/de\/datenschutzbestimmungen\/#breadcrumb"},"inLanguage":"de","potentialAction":[{"@type":"ReadAction","target":["https:\/\/swissvitalityclinics.com\/de\/datenschutzbestimmungen\/"]}]},{"@type":"BreadcrumbList","@id":"https:\/\/swissvitalityclinics.com\/de\/datenschutzbestimmungen\/#breadcrumb","itemListElement":[{"@type":"ListItem","position":1,"name":"Home","item":"https:\/\/swissvitalityclinics.com\/de\/startseite\/"},{"@type":"ListItem","position":2,"name":"Datenschutzbestimmungen"}]},{"@type":"WebSite","@id":"https:\/\/swissvitalityclinics.com\/de\/#website","url":"https:\/\/swissvitalityclinics.com\/de\/","name":"Swiss Vitality Clinics","description":"Epigenetics, Inuspherese, Nano Therapy","publisher":{"@id":"https:\/\/swissvitalityclinics.com\/de\/#organization"},"potentialAction":[{"@type":"SearchAction","target":{"@type":"EntryPoint","urlTemplate":"https:\/\/swissvitalityclinics.com\/de\/?s={search_term_string}"},"query-input":{"@type":"PropertyValueSpecification","valueRequired":true,"valueName":"search_term_string"}}],"inLanguage":"de"},{"@type":"Organization","@id":"https:\/\/swissvitalityclinics.com\/de\/#organization","name":"Swiss Vitality Clinics","url":"https:\/\/swissvitalityclinics.com\/de\/","logo":{"@type":"ImageObject","inLanguage":"de","@id":"https:\/\/swissvitalityclinics.com\/de\/#\/schema\/logo\/image\/","url":"https:\/\/swissvitalityclinics.com\/wp-content\/uploads\/2024\/02\/Swiss-Vitality-Clinics-Logo-002-02-3000px.png","contentUrl":"https:\/\/swissvitalityclinics.com\/wp-content\/uploads\/2024\/02\/Swiss-Vitality-Clinics-Logo-002-02-3000px.png","width":3000,"height":542,"caption":"Swiss Vitality Clinics"},"image":{"@id":"https:\/\/swissvitalityclinics.com\/de\/#\/schema\/logo\/image\/"}}]}},"_links":{"self":[{"href":"https:\/\/swissvitalityclinics.com\/de\/wp-json\/wp\/v2\/pages\/2446","targetHints":{"allow":["GET"]}}],"collection":[{"href":"https:\/\/swissvitalityclinics.com\/de\/wp-json\/wp\/v2\/pages"}],"about":[{"href":"https:\/\/swissvitalityclinics.com\/de\/wp-json\/wp\/v2\/types\/page"}],"author":[{"embeddable":true,"href":"https:\/\/swissvitalityclinics.com\/de\/wp-json\/wp\/v2\/users\/1"}],"replies":[{"embeddable":true,"href":"https:\/\/swissvitalityclinics.com\/de\/wp-json\/wp\/v2\/comments?post=2446"}],"version-history":[{"count":2,"href":"https:\/\/swissvitalityclinics.com\/de\/wp-json\/wp\/v2\/pages\/2446\/revisions"}],"predecessor-version":[{"id":5462,"href":"https:\/\/swissvitalityclinics.com\/de\/wp-json\/wp\/v2\/pages\/2446\/revisions\/5462"}],"wp:attachment":[{"href":"https:\/\/swissvitalityclinics.com\/de\/wp-json\/wp\/v2\/media?parent=2446"}],"curies":[{"name":"wp","href":"https:\/\/api.w.org\/{rel}","templated":true}]}}