{"id":2748,"date":"2024-03-27T11:15:57","date_gmt":"2024-03-27T11:15:57","guid":{"rendered":"https:\/\/swissvitalityclinics.com\/product\/selank-5mg\/"},"modified":"2024-06-27T14:41:14","modified_gmt":"2024-06-27T14:41:14","slug":"selank-5mg","status":"publish","type":"product","link":"https:\/\/swissvitalityclinics.com\/de\/produkt\/selank-5mg\/","title":{"rendered":"Selank 5mg"},"content":{"rendered":"<div class=\"page\" title=\"Seite 19\">\n<div class=\"section\">\n<div class=\"layoutArea\">\n<div class=\"column\">\n<p>Selank, ein weiteres synthetisches Peptid, ist f\u00fcr seine anxiolytische und stimmungsaufhellende Wirkung bekannt. Indem es auf das Neuropeptidsystem abzielt, erleichtert Selank die Regulierung der Stressreaktion und der emotionalen Stabilit\u00e4t. Dieses Peptid hat in Untersuchungen vielversprechende Ergebnisse bei der Verringerung von Angstzust\u00e4nden, der Verbesserung der Stimmung und der F\u00f6rderung eines Gef\u00fchls der Ruhe ohne sedierende Wirkung gezeigt. Selank besitzt auch immunmodulatorische Eigenschaften, die zum allgemeinen Wohlbefinden beitragen.<\/p>\n<\/div>\n<\/div>\n<\/div>\n<\/div>\n","protected":false},"excerpt":{"rendered":"<p>Selank, ein weiteres synthetisches Peptid, ist f\u00fcr seine anxiolytische und stimmungsaufhellende Wirkung bekannt. Indem es auf das Neuropeptidsystem abzielt, erleichtert Selank die Regulierung der Stressreaktion und der emotionalen Stabilit\u00e4t. Dieses Peptid hat in Untersuchungen vielversprechende Ergebnisse bei der Verringerung von Angstzust\u00e4nden, der Verbesserung der Stimmung und der F\u00f6rderung eines Gef\u00fchls der Ruhe ohne sedierende Wirkung [&hellip;]<\/p>\n","protected":false},"featured_media":2370,"comment_status":"open","ping_status":"closed","template":"","meta":{"_acf_changed":false},"product_brand":[],"product_cat":[54],"product_tag":[],"class_list":{"0":"post-2748","1":"product","2":"type-product","3":"status-publish","4":"has-post-thumbnail","6":"product_cat-nano-therapie","8":"first","9":"instock","10":"shipping-taxable","11":"product-type-simple"},"acf":[],"yoast_head":"<!-- This site is optimized with the Yoast SEO plugin v26.2 - https:\/\/yoast.com\/wordpress\/plugins\/seo\/ -->\n<title>Selank 5mg - Swiss Vitality Clinics<\/title>\n<meta name=\"robots\" content=\"index, follow, max-snippet:-1, max-image-preview:large, max-video-preview:-1\" \/>\n<link rel=\"canonical\" href=\"https:\/\/swissvitalityclinics.com\/de\/produkt\/selank-5mg\/\" \/>\n<meta property=\"og:locale\" content=\"de_DE\" \/>\n<meta property=\"og:type\" content=\"article\" \/>\n<meta property=\"og:title\" content=\"Selank 5mg - Swiss Vitality Clinics\" \/>\n<meta property=\"og:description\" content=\"Selank, ein weiteres synthetisches Peptid, ist f\u00fcr seine anxiolytische und stimmungsaufhellende Wirkung bekannt. Indem es auf das Neuropeptidsystem abzielt, erleichtert Selank die Regulierung der Stressreaktion und der emotionalen Stabilit\u00e4t. Dieses Peptid hat in Untersuchungen vielversprechende Ergebnisse bei der Verringerung von Angstzust\u00e4nden, der Verbesserung der Stimmung und der F\u00f6rderung eines Gef\u00fchls der Ruhe ohne sedierende Wirkung [&hellip;]\" \/>\n<meta property=\"og:url\" content=\"https:\/\/swissvitalityclinics.com\/de\/produkt\/selank-5mg\/\" \/>\n<meta property=\"og:site_name\" content=\"Swiss Vitality Clinics\" \/>\n<meta property=\"article:modified_time\" content=\"2024-06-27T14:41:14+00:00\" \/>\n<meta property=\"og:image\" content=\"https:\/\/swissvitalityclinics.com\/wp-content\/uploads\/2024\/03\/Screenshot-2024-03-27-at-12.30.41.png\" \/>\n\t<meta property=\"og:image:width\" content=\"1532\" \/>\n\t<meta property=\"og:image:height\" content=\"710\" \/>\n\t<meta property=\"og:image:type\" content=\"image\/png\" \/>\n<meta name=\"twitter:card\" content=\"summary_large_image\" \/>\n<script type=\"application\/ld+json\" class=\"yoast-schema-graph\">{\"@context\":\"https:\/\/schema.org\",\"@graph\":[{\"@type\":\"WebPage\",\"@id\":\"https:\/\/swissvitalityclinics.com\/de\/produkt\/selank-5mg\/\",\"url\":\"https:\/\/swissvitalityclinics.com\/de\/produkt\/selank-5mg\/\",\"name\":\"Selank 5mg - Swiss Vitality Clinics\",\"isPartOf\":{\"@id\":\"https:\/\/swissvitalityclinics.com\/de\/#website\"},\"primaryImageOfPage\":{\"@id\":\"https:\/\/swissvitalityclinics.com\/de\/produkt\/selank-5mg\/#primaryimage\"},\"image\":{\"@id\":\"https:\/\/swissvitalityclinics.com\/de\/produkt\/selank-5mg\/#primaryimage\"},\"thumbnailUrl\":\"https:\/\/swissvitalityclinics.com\/wp-content\/uploads\/2024\/03\/Screenshot-2024-03-27-at-12.30.41.png\",\"datePublished\":\"2024-03-27T11:15:57+00:00\",\"dateModified\":\"2024-06-27T14:41:14+00:00\",\"breadcrumb\":{\"@id\":\"https:\/\/swissvitalityclinics.com\/de\/produkt\/selank-5mg\/#breadcrumb\"},\"inLanguage\":\"de\",\"potentialAction\":[{\"@type\":\"ReadAction\",\"target\":[\"https:\/\/swissvitalityclinics.com\/de\/produkt\/selank-5mg\/\"]}]},{\"@type\":\"ImageObject\",\"inLanguage\":\"de\",\"@id\":\"https:\/\/swissvitalityclinics.com\/de\/produkt\/selank-5mg\/#primaryimage\",\"url\":\"https:\/\/swissvitalityclinics.com\/wp-content\/uploads\/2024\/03\/Screenshot-2024-03-27-at-12.30.41.png\",\"contentUrl\":\"https:\/\/swissvitalityclinics.com\/wp-content\/uploads\/2024\/03\/Screenshot-2024-03-27-at-12.30.41.png\",\"width\":1532,\"height\":710},{\"@type\":\"BreadcrumbList\",\"@id\":\"https:\/\/swissvitalityclinics.com\/de\/produkt\/selank-5mg\/#breadcrumb\",\"itemListElement\":[{\"@type\":\"ListItem\",\"position\":1,\"name\":\"Home\",\"item\":\"https:\/\/swissvitalityclinics.com\/de\/startseite\/\"},{\"@type\":\"ListItem\",\"position\":2,\"name\":\"Shop\",\"item\":\"https:\/\/swissvitalityclinics.com\/de\/shop\/\"},{\"@type\":\"ListItem\",\"position\":3,\"name\":\"Selank 5mg\"}]},{\"@type\":\"WebSite\",\"@id\":\"https:\/\/swissvitalityclinics.com\/de\/#website\",\"url\":\"https:\/\/swissvitalityclinics.com\/de\/\",\"name\":\"Swiss Vitality Clinics\",\"description\":\"Epigenetics, Inuspherese, Nano Therapy\",\"publisher\":{\"@id\":\"https:\/\/swissvitalityclinics.com\/de\/#organization\"},\"potentialAction\":[{\"@type\":\"SearchAction\",\"target\":{\"@type\":\"EntryPoint\",\"urlTemplate\":\"https:\/\/swissvitalityclinics.com\/de\/?s={search_term_string}\"},\"query-input\":{\"@type\":\"PropertyValueSpecification\",\"valueRequired\":true,\"valueName\":\"search_term_string\"}}],\"inLanguage\":\"de\"},{\"@type\":\"Organization\",\"@id\":\"https:\/\/swissvitalityclinics.com\/de\/#organization\",\"name\":\"Swiss Vitality Clinics\",\"url\":\"https:\/\/swissvitalityclinics.com\/de\/\",\"logo\":{\"@type\":\"ImageObject\",\"inLanguage\":\"de\",\"@id\":\"https:\/\/swissvitalityclinics.com\/de\/#\/schema\/logo\/image\/\",\"url\":\"https:\/\/swissvitalityclinics.com\/wp-content\/uploads\/2024\/02\/Swiss-Vitality-Clinics-Logo-002-02-3000px.png\",\"contentUrl\":\"https:\/\/swissvitalityclinics.com\/wp-content\/uploads\/2024\/02\/Swiss-Vitality-Clinics-Logo-002-02-3000px.png\",\"width\":3000,\"height\":542,\"caption\":\"Swiss Vitality Clinics\"},\"image\":{\"@id\":\"https:\/\/swissvitalityclinics.com\/de\/#\/schema\/logo\/image\/\"}}]}<\/script>\n<!-- \/ Yoast SEO plugin. -->","yoast_head_json":{"title":"Selank 5mg - Swiss Vitality Clinics","robots":{"index":"index","follow":"follow","max-snippet":"max-snippet:-1","max-image-preview":"max-image-preview:large","max-video-preview":"max-video-preview:-1"},"canonical":"https:\/\/swissvitalityclinics.com\/de\/produkt\/selank-5mg\/","og_locale":"de_DE","og_type":"article","og_title":"Selank 5mg - Swiss Vitality Clinics","og_description":"Selank, ein weiteres synthetisches Peptid, ist f\u00fcr seine anxiolytische und stimmungsaufhellende Wirkung bekannt. Indem es auf das Neuropeptidsystem abzielt, erleichtert Selank die Regulierung der Stressreaktion und der emotionalen Stabilit\u00e4t. Dieses Peptid hat in Untersuchungen vielversprechende Ergebnisse bei der Verringerung von Angstzust\u00e4nden, der Verbesserung der Stimmung und der F\u00f6rderung eines Gef\u00fchls der Ruhe ohne sedierende Wirkung [&hellip;]","og_url":"https:\/\/swissvitalityclinics.com\/de\/produkt\/selank-5mg\/","og_site_name":"Swiss Vitality Clinics","article_modified_time":"2024-06-27T14:41:14+00:00","og_image":[{"width":1532,"height":710,"url":"https:\/\/swissvitalityclinics.com\/wp-content\/uploads\/2024\/03\/Screenshot-2024-03-27-at-12.30.41.png","type":"image\/png"}],"twitter_card":"summary_large_image","schema":{"@context":"https:\/\/schema.org","@graph":[{"@type":"WebPage","@id":"https:\/\/swissvitalityclinics.com\/de\/produkt\/selank-5mg\/","url":"https:\/\/swissvitalityclinics.com\/de\/produkt\/selank-5mg\/","name":"Selank 5mg - Swiss Vitality Clinics","isPartOf":{"@id":"https:\/\/swissvitalityclinics.com\/de\/#website"},"primaryImageOfPage":{"@id":"https:\/\/swissvitalityclinics.com\/de\/produkt\/selank-5mg\/#primaryimage"},"image":{"@id":"https:\/\/swissvitalityclinics.com\/de\/produkt\/selank-5mg\/#primaryimage"},"thumbnailUrl":"https:\/\/swissvitalityclinics.com\/wp-content\/uploads\/2024\/03\/Screenshot-2024-03-27-at-12.30.41.png","datePublished":"2024-03-27T11:15:57+00:00","dateModified":"2024-06-27T14:41:14+00:00","breadcrumb":{"@id":"https:\/\/swissvitalityclinics.com\/de\/produkt\/selank-5mg\/#breadcrumb"},"inLanguage":"de","potentialAction":[{"@type":"ReadAction","target":["https:\/\/swissvitalityclinics.com\/de\/produkt\/selank-5mg\/"]}]},{"@type":"ImageObject","inLanguage":"de","@id":"https:\/\/swissvitalityclinics.com\/de\/produkt\/selank-5mg\/#primaryimage","url":"https:\/\/swissvitalityclinics.com\/wp-content\/uploads\/2024\/03\/Screenshot-2024-03-27-at-12.30.41.png","contentUrl":"https:\/\/swissvitalityclinics.com\/wp-content\/uploads\/2024\/03\/Screenshot-2024-03-27-at-12.30.41.png","width":1532,"height":710},{"@type":"BreadcrumbList","@id":"https:\/\/swissvitalityclinics.com\/de\/produkt\/selank-5mg\/#breadcrumb","itemListElement":[{"@type":"ListItem","position":1,"name":"Home","item":"https:\/\/swissvitalityclinics.com\/de\/startseite\/"},{"@type":"ListItem","position":2,"name":"Shop","item":"https:\/\/swissvitalityclinics.com\/de\/shop\/"},{"@type":"ListItem","position":3,"name":"Selank 5mg"}]},{"@type":"WebSite","@id":"https:\/\/swissvitalityclinics.com\/de\/#website","url":"https:\/\/swissvitalityclinics.com\/de\/","name":"Swiss Vitality Clinics","description":"Epigenetics, Inuspherese, Nano Therapy","publisher":{"@id":"https:\/\/swissvitalityclinics.com\/de\/#organization"},"potentialAction":[{"@type":"SearchAction","target":{"@type":"EntryPoint","urlTemplate":"https:\/\/swissvitalityclinics.com\/de\/?s={search_term_string}"},"query-input":{"@type":"PropertyValueSpecification","valueRequired":true,"valueName":"search_term_string"}}],"inLanguage":"de"},{"@type":"Organization","@id":"https:\/\/swissvitalityclinics.com\/de\/#organization","name":"Swiss Vitality Clinics","url":"https:\/\/swissvitalityclinics.com\/de\/","logo":{"@type":"ImageObject","inLanguage":"de","@id":"https:\/\/swissvitalityclinics.com\/de\/#\/schema\/logo\/image\/","url":"https:\/\/swissvitalityclinics.com\/wp-content\/uploads\/2024\/02\/Swiss-Vitality-Clinics-Logo-002-02-3000px.png","contentUrl":"https:\/\/swissvitalityclinics.com\/wp-content\/uploads\/2024\/02\/Swiss-Vitality-Clinics-Logo-002-02-3000px.png","width":3000,"height":542,"caption":"Swiss Vitality Clinics"},"image":{"@id":"https:\/\/swissvitalityclinics.com\/de\/#\/schema\/logo\/image\/"}}]}},"_links":{"self":[{"href":"https:\/\/swissvitalityclinics.com\/de\/wp-json\/wp\/v2\/product\/2748","targetHints":{"allow":["GET"]}}],"collection":[{"href":"https:\/\/swissvitalityclinics.com\/de\/wp-json\/wp\/v2\/product"}],"about":[{"href":"https:\/\/swissvitalityclinics.com\/de\/wp-json\/wp\/v2\/types\/product"}],"replies":[{"embeddable":true,"href":"https:\/\/swissvitalityclinics.com\/de\/wp-json\/wp\/v2\/comments?post=2748"}],"wp:featuredmedia":[{"embeddable":true,"href":"https:\/\/swissvitalityclinics.com\/de\/wp-json\/wp\/v2\/media\/2370"}],"wp:attachment":[{"href":"https:\/\/swissvitalityclinics.com\/de\/wp-json\/wp\/v2\/media?parent=2748"}],"wp:term":[{"taxonomy":"product_brand","embeddable":true,"href":"https:\/\/swissvitalityclinics.com\/de\/wp-json\/wp\/v2\/product_brand?post=2748"},{"taxonomy":"product_cat","embeddable":true,"href":"https:\/\/swissvitalityclinics.com\/de\/wp-json\/wp\/v2\/product_cat?post=2748"},{"taxonomy":"product_tag","embeddable":true,"href":"https:\/\/swissvitalityclinics.com\/de\/wp-json\/wp\/v2\/product_tag?post=2748"}],"curies":[{"name":"wp","href":"https:\/\/api.w.org\/{rel}","templated":true}]}}