{"id":2787,"date":"2024-03-27T11:08:57","date_gmt":"2024-03-27T11:08:57","guid":{"rendered":"https:\/\/swissvitalityclinics.com\/product\/immunitaet-b-6\/"},"modified":"2024-06-27T14:43:13","modified_gmt":"2024-06-27T14:43:13","slug":"immunitaet-b-6","status":"publish","type":"product","link":"https:\/\/swissvitalityclinics.com\/de\/produkt\/immunitaet-b-6\/","title":{"rendered":"Immune B-6\u00ae"},"content":{"rendered":"<div class=\"page\" title=\"Seite 12\">\n<div class=\"section\">\n<div class=\"layoutArea\">\n<div class=\"column\">\n<p>Immune B-6\u00ae, f\u00fcllt den Pool der von den Thymuszellen produzierten regulatorischen Peptide wieder auf. Es tr\u00e4gt zur Normalisierung des Zellstoffwechsels in den Zellen des Immunsystems und zur Wiederherstellung der k\u00f6rpereigenen Abwehrkr\u00e4fte bei. Es wird f\u00fcr die komplexe Wiederherstellung der Immunit\u00e4t nach vergangenen Krankheiten verschiedener Herkunft, bei pathologischen Zust\u00e4nden, die zu einer Beeintr\u00e4chtigung der Funktionen des Immunsystems f\u00fchren, bei extremen Umweltfaktoren und zur Aufrechterhaltung des Immunsystems w\u00e4hrend des Alterns empfohlen.<\/p>\n<\/div>\n<\/div>\n<\/div>\n<\/div>\n","protected":false},"excerpt":{"rendered":"<p>Immune B-6\u00ae, f\u00fcllt den Pool der von den Thymuszellen produzierten regulatorischen Peptide wieder auf. Es tr\u00e4gt zur Normalisierung des Zellstoffwechsels in den Zellen des Immunsystems und zur Wiederherstellung der k\u00f6rpereigenen Abwehrkr\u00e4fte bei. Es wird f\u00fcr die komplexe Wiederherstellung der Immunit\u00e4t nach vergangenen Krankheiten verschiedener Herkunft, bei pathologischen Zust\u00e4nden, die zu einer Beeintr\u00e4chtigung der Funktionen des [&hellip;]<\/p>\n","protected":false},"featured_media":2330,"comment_status":"open","ping_status":"closed","template":"","meta":{"_acf_changed":false},"product_brand":[],"product_cat":[54],"product_tag":[],"class_list":{"0":"post-2787","1":"product","2":"type-product","3":"status-publish","4":"has-post-thumbnail","6":"product_cat-nano-therapie","8":"first","9":"instock","10":"shipping-taxable","11":"product-type-simple"},"acf":[],"yoast_head":"<!-- This site is optimized with the Yoast SEO plugin v26.2 - https:\/\/yoast.com\/wordpress\/plugins\/seo\/ -->\n<title>Immune B-6\u00ae - Swiss Vitality Clinics<\/title>\n<meta name=\"robots\" content=\"index, follow, max-snippet:-1, max-image-preview:large, max-video-preview:-1\" \/>\n<link rel=\"canonical\" href=\"https:\/\/swissvitalityclinics.com\/de\/produkt\/immunitaet-b-6\/\" \/>\n<meta property=\"og:locale\" content=\"de_DE\" \/>\n<meta property=\"og:type\" content=\"article\" \/>\n<meta property=\"og:title\" content=\"Immune B-6\u00ae - Swiss Vitality Clinics\" \/>\n<meta property=\"og:description\" content=\"Immune B-6\u00ae, f\u00fcllt den Pool der von den Thymuszellen produzierten regulatorischen Peptide wieder auf. Es tr\u00e4gt zur Normalisierung des Zellstoffwechsels in den Zellen des Immunsystems und zur Wiederherstellung der k\u00f6rpereigenen Abwehrkr\u00e4fte bei. Es wird f\u00fcr die komplexe Wiederherstellung der Immunit\u00e4t nach vergangenen Krankheiten verschiedener Herkunft, bei pathologischen Zust\u00e4nden, die zu einer Beeintr\u00e4chtigung der Funktionen des [&hellip;]\" \/>\n<meta property=\"og:url\" content=\"https:\/\/swissvitalityclinics.com\/de\/produkt\/immunitaet-b-6\/\" \/>\n<meta property=\"og:site_name\" content=\"Swiss Vitality Clinics\" \/>\n<meta property=\"article:modified_time\" content=\"2024-06-27T14:43:13+00:00\" \/>\n<meta property=\"og:image\" content=\"https:\/\/swissvitalityclinics.com\/wp-content\/uploads\/2024\/03\/Screenshot-2024-03-27-at-12.24.27.png\" \/>\n\t<meta property=\"og:image:width\" content=\"1533\" \/>\n\t<meta property=\"og:image:height\" content=\"698\" \/>\n\t<meta property=\"og:image:type\" content=\"image\/png\" \/>\n<meta name=\"twitter:card\" content=\"summary_large_image\" \/>\n<script type=\"application\/ld+json\" class=\"yoast-schema-graph\">{\"@context\":\"https:\/\/schema.org\",\"@graph\":[{\"@type\":\"WebPage\",\"@id\":\"https:\/\/swissvitalityclinics.com\/de\/produkt\/immunitaet-b-6\/\",\"url\":\"https:\/\/swissvitalityclinics.com\/de\/produkt\/immunitaet-b-6\/\",\"name\":\"Immune B-6\u00ae - Swiss Vitality Clinics\",\"isPartOf\":{\"@id\":\"https:\/\/swissvitalityclinics.com\/de\/#website\"},\"primaryImageOfPage\":{\"@id\":\"https:\/\/swissvitalityclinics.com\/de\/produkt\/immunitaet-b-6\/#primaryimage\"},\"image\":{\"@id\":\"https:\/\/swissvitalityclinics.com\/de\/produkt\/immunitaet-b-6\/#primaryimage\"},\"thumbnailUrl\":\"https:\/\/swissvitalityclinics.com\/wp-content\/uploads\/2024\/03\/Screenshot-2024-03-27-at-12.24.27.png\",\"datePublished\":\"2024-03-27T11:08:57+00:00\",\"dateModified\":\"2024-06-27T14:43:13+00:00\",\"breadcrumb\":{\"@id\":\"https:\/\/swissvitalityclinics.com\/de\/produkt\/immunitaet-b-6\/#breadcrumb\"},\"inLanguage\":\"de\",\"potentialAction\":[{\"@type\":\"ReadAction\",\"target\":[\"https:\/\/swissvitalityclinics.com\/de\/produkt\/immunitaet-b-6\/\"]}]},{\"@type\":\"ImageObject\",\"inLanguage\":\"de\",\"@id\":\"https:\/\/swissvitalityclinics.com\/de\/produkt\/immunitaet-b-6\/#primaryimage\",\"url\":\"https:\/\/swissvitalityclinics.com\/wp-content\/uploads\/2024\/03\/Screenshot-2024-03-27-at-12.24.27.png\",\"contentUrl\":\"https:\/\/swissvitalityclinics.com\/wp-content\/uploads\/2024\/03\/Screenshot-2024-03-27-at-12.24.27.png\",\"width\":1533,\"height\":698},{\"@type\":\"BreadcrumbList\",\"@id\":\"https:\/\/swissvitalityclinics.com\/de\/produkt\/immunitaet-b-6\/#breadcrumb\",\"itemListElement\":[{\"@type\":\"ListItem\",\"position\":1,\"name\":\"Home\",\"item\":\"https:\/\/swissvitalityclinics.com\/de\/startseite\/\"},{\"@type\":\"ListItem\",\"position\":2,\"name\":\"Shop\",\"item\":\"https:\/\/swissvitalityclinics.com\/de\/shop\/\"},{\"@type\":\"ListItem\",\"position\":3,\"name\":\"Immune B-6\u00ae\"}]},{\"@type\":\"WebSite\",\"@id\":\"https:\/\/swissvitalityclinics.com\/de\/#website\",\"url\":\"https:\/\/swissvitalityclinics.com\/de\/\",\"name\":\"Swiss Vitality Clinics\",\"description\":\"Epigenetics, Inuspherese, Nano Therapy\",\"publisher\":{\"@id\":\"https:\/\/swissvitalityclinics.com\/de\/#organization\"},\"potentialAction\":[{\"@type\":\"SearchAction\",\"target\":{\"@type\":\"EntryPoint\",\"urlTemplate\":\"https:\/\/swissvitalityclinics.com\/de\/?s={search_term_string}\"},\"query-input\":{\"@type\":\"PropertyValueSpecification\",\"valueRequired\":true,\"valueName\":\"search_term_string\"}}],\"inLanguage\":\"de\"},{\"@type\":\"Organization\",\"@id\":\"https:\/\/swissvitalityclinics.com\/de\/#organization\",\"name\":\"Swiss Vitality Clinics\",\"url\":\"https:\/\/swissvitalityclinics.com\/de\/\",\"logo\":{\"@type\":\"ImageObject\",\"inLanguage\":\"de\",\"@id\":\"https:\/\/swissvitalityclinics.com\/de\/#\/schema\/logo\/image\/\",\"url\":\"https:\/\/swissvitalityclinics.com\/wp-content\/uploads\/2024\/02\/Swiss-Vitality-Clinics-Logo-002-02-3000px.png\",\"contentUrl\":\"https:\/\/swissvitalityclinics.com\/wp-content\/uploads\/2024\/02\/Swiss-Vitality-Clinics-Logo-002-02-3000px.png\",\"width\":3000,\"height\":542,\"caption\":\"Swiss Vitality Clinics\"},\"image\":{\"@id\":\"https:\/\/swissvitalityclinics.com\/de\/#\/schema\/logo\/image\/\"}}]}<\/script>\n<!-- \/ Yoast SEO plugin. -->","yoast_head_json":{"title":"Immune B-6\u00ae - Swiss Vitality Clinics","robots":{"index":"index","follow":"follow","max-snippet":"max-snippet:-1","max-image-preview":"max-image-preview:large","max-video-preview":"max-video-preview:-1"},"canonical":"https:\/\/swissvitalityclinics.com\/de\/produkt\/immunitaet-b-6\/","og_locale":"de_DE","og_type":"article","og_title":"Immune B-6\u00ae - Swiss Vitality Clinics","og_description":"Immune B-6\u00ae, f\u00fcllt den Pool der von den Thymuszellen produzierten regulatorischen Peptide wieder auf. Es tr\u00e4gt zur Normalisierung des Zellstoffwechsels in den Zellen des Immunsystems und zur Wiederherstellung der k\u00f6rpereigenen Abwehrkr\u00e4fte bei. Es wird f\u00fcr die komplexe Wiederherstellung der Immunit\u00e4t nach vergangenen Krankheiten verschiedener Herkunft, bei pathologischen Zust\u00e4nden, die zu einer Beeintr\u00e4chtigung der Funktionen des [&hellip;]","og_url":"https:\/\/swissvitalityclinics.com\/de\/produkt\/immunitaet-b-6\/","og_site_name":"Swiss Vitality Clinics","article_modified_time":"2024-06-27T14:43:13+00:00","og_image":[{"width":1533,"height":698,"url":"https:\/\/swissvitalityclinics.com\/wp-content\/uploads\/2024\/03\/Screenshot-2024-03-27-at-12.24.27.png","type":"image\/png"}],"twitter_card":"summary_large_image","schema":{"@context":"https:\/\/schema.org","@graph":[{"@type":"WebPage","@id":"https:\/\/swissvitalityclinics.com\/de\/produkt\/immunitaet-b-6\/","url":"https:\/\/swissvitalityclinics.com\/de\/produkt\/immunitaet-b-6\/","name":"Immune B-6\u00ae - Swiss Vitality Clinics","isPartOf":{"@id":"https:\/\/swissvitalityclinics.com\/de\/#website"},"primaryImageOfPage":{"@id":"https:\/\/swissvitalityclinics.com\/de\/produkt\/immunitaet-b-6\/#primaryimage"},"image":{"@id":"https:\/\/swissvitalityclinics.com\/de\/produkt\/immunitaet-b-6\/#primaryimage"},"thumbnailUrl":"https:\/\/swissvitalityclinics.com\/wp-content\/uploads\/2024\/03\/Screenshot-2024-03-27-at-12.24.27.png","datePublished":"2024-03-27T11:08:57+00:00","dateModified":"2024-06-27T14:43:13+00:00","breadcrumb":{"@id":"https:\/\/swissvitalityclinics.com\/de\/produkt\/immunitaet-b-6\/#breadcrumb"},"inLanguage":"de","potentialAction":[{"@type":"ReadAction","target":["https:\/\/swissvitalityclinics.com\/de\/produkt\/immunitaet-b-6\/"]}]},{"@type":"ImageObject","inLanguage":"de","@id":"https:\/\/swissvitalityclinics.com\/de\/produkt\/immunitaet-b-6\/#primaryimage","url":"https:\/\/swissvitalityclinics.com\/wp-content\/uploads\/2024\/03\/Screenshot-2024-03-27-at-12.24.27.png","contentUrl":"https:\/\/swissvitalityclinics.com\/wp-content\/uploads\/2024\/03\/Screenshot-2024-03-27-at-12.24.27.png","width":1533,"height":698},{"@type":"BreadcrumbList","@id":"https:\/\/swissvitalityclinics.com\/de\/produkt\/immunitaet-b-6\/#breadcrumb","itemListElement":[{"@type":"ListItem","position":1,"name":"Home","item":"https:\/\/swissvitalityclinics.com\/de\/startseite\/"},{"@type":"ListItem","position":2,"name":"Shop","item":"https:\/\/swissvitalityclinics.com\/de\/shop\/"},{"@type":"ListItem","position":3,"name":"Immune B-6\u00ae"}]},{"@type":"WebSite","@id":"https:\/\/swissvitalityclinics.com\/de\/#website","url":"https:\/\/swissvitalityclinics.com\/de\/","name":"Swiss Vitality Clinics","description":"Epigenetics, Inuspherese, Nano Therapy","publisher":{"@id":"https:\/\/swissvitalityclinics.com\/de\/#organization"},"potentialAction":[{"@type":"SearchAction","target":{"@type":"EntryPoint","urlTemplate":"https:\/\/swissvitalityclinics.com\/de\/?s={search_term_string}"},"query-input":{"@type":"PropertyValueSpecification","valueRequired":true,"valueName":"search_term_string"}}],"inLanguage":"de"},{"@type":"Organization","@id":"https:\/\/swissvitalityclinics.com\/de\/#organization","name":"Swiss Vitality Clinics","url":"https:\/\/swissvitalityclinics.com\/de\/","logo":{"@type":"ImageObject","inLanguage":"de","@id":"https:\/\/swissvitalityclinics.com\/de\/#\/schema\/logo\/image\/","url":"https:\/\/swissvitalityclinics.com\/wp-content\/uploads\/2024\/02\/Swiss-Vitality-Clinics-Logo-002-02-3000px.png","contentUrl":"https:\/\/swissvitalityclinics.com\/wp-content\/uploads\/2024\/02\/Swiss-Vitality-Clinics-Logo-002-02-3000px.png","width":3000,"height":542,"caption":"Swiss Vitality Clinics"},"image":{"@id":"https:\/\/swissvitalityclinics.com\/de\/#\/schema\/logo\/image\/"}}]}},"_links":{"self":[{"href":"https:\/\/swissvitalityclinics.com\/de\/wp-json\/wp\/v2\/product\/2787","targetHints":{"allow":["GET"]}}],"collection":[{"href":"https:\/\/swissvitalityclinics.com\/de\/wp-json\/wp\/v2\/product"}],"about":[{"href":"https:\/\/swissvitalityclinics.com\/de\/wp-json\/wp\/v2\/types\/product"}],"replies":[{"embeddable":true,"href":"https:\/\/swissvitalityclinics.com\/de\/wp-json\/wp\/v2\/comments?post=2787"}],"wp:featuredmedia":[{"embeddable":true,"href":"https:\/\/swissvitalityclinics.com\/de\/wp-json\/wp\/v2\/media\/2330"}],"wp:attachment":[{"href":"https:\/\/swissvitalityclinics.com\/de\/wp-json\/wp\/v2\/media?parent=2787"}],"wp:term":[{"taxonomy":"product_brand","embeddable":true,"href":"https:\/\/swissvitalityclinics.com\/de\/wp-json\/wp\/v2\/product_brand?post=2787"},{"taxonomy":"product_cat","embeddable":true,"href":"https:\/\/swissvitalityclinics.com\/de\/wp-json\/wp\/v2\/product_cat?post=2787"},{"taxonomy":"product_tag","embeddable":true,"href":"https:\/\/swissvitalityclinics.com\/de\/wp-json\/wp\/v2\/product_tag?post=2787"}],"curies":[{"name":"wp","href":"https:\/\/api.w.org\/{rel}","templated":true}]}}