{"id":2797,"date":"2024-03-27T11:04:27","date_gmt":"2024-03-27T11:04:27","guid":{"rendered":"https:\/\/swissvitalityclinics.com\/product\/bauchspeicheldruese-b-1\/"},"modified":"2024-06-27T14:43:42","modified_gmt":"2024-06-27T14:43:42","slug":"bauchspeicheldruese-b-1","status":"publish","type":"product","link":"https:\/\/swissvitalityclinics.com\/de\/produkt\/bauchspeicheldruese-b-1\/","title":{"rendered":"Bauchspeicheldr\u00fcse B-1\u00ae"},"content":{"rendered":"<div class=\"page\" title=\"Seite 11\">\n<div class=\"section\">\n<div class=\"layoutArea\">\n<div class=\"column\">\n<p>Pancreas B-1\u00ae f\u00fcllt den Pool der von der Bauchspeicheldr\u00fcse produzierten regulatorischen Peptide wieder auf. Es tr\u00e4gt dazu bei, die Funktion der Bauchspeicheldr\u00fcse zu normalisieren, den Kohlenhydratstoffwechsel zu verbessern, das Risiko der Entwicklung von Diabetes-Komplikationen zu verringern, die Entwicklung von atrophischen Prozessen in der Bauchspeicheldr\u00fcse und anderen pathologischen Zust\u00e4nden des Verdauungssystems zu verhindern. Es wird zur komplexen Wiederherstellung der Bauchspeicheldr\u00fcsenfunktionen nach fr\u00fcheren Erkrankungen der Bauchspeicheldr\u00fcse verschiedener Herkunft, bei pathologischen Zust\u00e4nden, die zu Funktionsst\u00f6rungen der Bauchspeicheldr\u00fcse f\u00fchren, bei extremen Umwelteinfl\u00fcssen, bei gest\u00f6rtem Kohlenhydratstoffwechsel, bei Unterern\u00e4hrung sowie im Alter empfohlen.<\/p>\n<\/div>\n<\/div>\n<\/div>\n<\/div>\n","protected":false},"excerpt":{"rendered":"<p>Pancreas B-1\u00ae f\u00fcllt den Pool der von der Bauchspeicheldr\u00fcse produzierten regulatorischen Peptide wieder auf. Es tr\u00e4gt dazu bei, die Funktion der Bauchspeicheldr\u00fcse zu normalisieren, den Kohlenhydratstoffwechsel zu verbessern, das Risiko der Entwicklung von Diabetes-Komplikationen zu verringern, die Entwicklung von atrophischen Prozessen in der Bauchspeicheldr\u00fcse und anderen pathologischen Zust\u00e4nden des Verdauungssystems zu verhindern. Es wird zur [&hellip;]<\/p>\n","protected":false},"featured_media":2320,"comment_status":"open","ping_status":"closed","template":"","meta":{"_acf_changed":false},"product_brand":[],"product_cat":[54],"product_tag":[],"class_list":{"0":"post-2797","1":"product","2":"type-product","3":"status-publish","4":"has-post-thumbnail","6":"product_cat-nano-therapie","8":"first","9":"instock","10":"shipping-taxable","11":"product-type-simple"},"acf":[],"yoast_head":"<!-- This site is optimized with the Yoast SEO plugin v26.2 - https:\/\/yoast.com\/wordpress\/plugins\/seo\/ -->\n<title>Bauchspeicheldr\u00fcse B-1\u00ae - Swiss Vitality Clinics<\/title>\n<meta name=\"robots\" content=\"index, follow, max-snippet:-1, max-image-preview:large, max-video-preview:-1\" \/>\n<link rel=\"canonical\" href=\"https:\/\/swissvitalityclinics.com\/de\/produkt\/bauchspeicheldruese-b-1\/\" \/>\n<meta property=\"og:locale\" content=\"de_DE\" \/>\n<meta property=\"og:type\" content=\"article\" \/>\n<meta property=\"og:title\" content=\"Bauchspeicheldr\u00fcse B-1\u00ae - Swiss Vitality Clinics\" \/>\n<meta property=\"og:description\" content=\"Pancreas B-1\u00ae f\u00fcllt den Pool der von der Bauchspeicheldr\u00fcse produzierten regulatorischen Peptide wieder auf. Es tr\u00e4gt dazu bei, die Funktion der Bauchspeicheldr\u00fcse zu normalisieren, den Kohlenhydratstoffwechsel zu verbessern, das Risiko der Entwicklung von Diabetes-Komplikationen zu verringern, die Entwicklung von atrophischen Prozessen in der Bauchspeicheldr\u00fcse und anderen pathologischen Zust\u00e4nden des Verdauungssystems zu verhindern. Es wird zur [&hellip;]\" \/>\n<meta property=\"og:url\" content=\"https:\/\/swissvitalityclinics.com\/de\/produkt\/bauchspeicheldruese-b-1\/\" \/>\n<meta property=\"og:site_name\" content=\"Swiss Vitality Clinics\" \/>\n<meta property=\"article:modified_time\" content=\"2024-06-27T14:43:42+00:00\" \/>\n<meta property=\"og:image\" content=\"https:\/\/swissvitalityclinics.com\/wp-content\/uploads\/2024\/03\/Screenshot-2024-03-27-at-12.22.07.png\" \/>\n\t<meta property=\"og:image:width\" content=\"1532\" \/>\n\t<meta property=\"og:image:height\" content=\"699\" \/>\n\t<meta property=\"og:image:type\" content=\"image\/png\" \/>\n<meta name=\"twitter:card\" content=\"summary_large_image\" \/>\n<meta name=\"twitter:label1\" content=\"Gesch\u00e4tzte Lesezeit\" \/>\n\t<meta name=\"twitter:data1\" content=\"1\u00a0Minute\" \/>\n<script type=\"application\/ld+json\" class=\"yoast-schema-graph\">{\"@context\":\"https:\/\/schema.org\",\"@graph\":[{\"@type\":\"WebPage\",\"@id\":\"https:\/\/swissvitalityclinics.com\/de\/produkt\/bauchspeicheldruese-b-1\/\",\"url\":\"https:\/\/swissvitalityclinics.com\/de\/produkt\/bauchspeicheldruese-b-1\/\",\"name\":\"Bauchspeicheldr\u00fcse B-1\u00ae - Swiss Vitality Clinics\",\"isPartOf\":{\"@id\":\"https:\/\/swissvitalityclinics.com\/de\/#website\"},\"primaryImageOfPage\":{\"@id\":\"https:\/\/swissvitalityclinics.com\/de\/produkt\/bauchspeicheldruese-b-1\/#primaryimage\"},\"image\":{\"@id\":\"https:\/\/swissvitalityclinics.com\/de\/produkt\/bauchspeicheldruese-b-1\/#primaryimage\"},\"thumbnailUrl\":\"https:\/\/swissvitalityclinics.com\/wp-content\/uploads\/2024\/03\/Screenshot-2024-03-27-at-12.22.07.png\",\"datePublished\":\"2024-03-27T11:04:27+00:00\",\"dateModified\":\"2024-06-27T14:43:42+00:00\",\"breadcrumb\":{\"@id\":\"https:\/\/swissvitalityclinics.com\/de\/produkt\/bauchspeicheldruese-b-1\/#breadcrumb\"},\"inLanguage\":\"de\",\"potentialAction\":[{\"@type\":\"ReadAction\",\"target\":[\"https:\/\/swissvitalityclinics.com\/de\/produkt\/bauchspeicheldruese-b-1\/\"]}]},{\"@type\":\"ImageObject\",\"inLanguage\":\"de\",\"@id\":\"https:\/\/swissvitalityclinics.com\/de\/produkt\/bauchspeicheldruese-b-1\/#primaryimage\",\"url\":\"https:\/\/swissvitalityclinics.com\/wp-content\/uploads\/2024\/03\/Screenshot-2024-03-27-at-12.22.07.png\",\"contentUrl\":\"https:\/\/swissvitalityclinics.com\/wp-content\/uploads\/2024\/03\/Screenshot-2024-03-27-at-12.22.07.png\",\"width\":1532,\"height\":699},{\"@type\":\"BreadcrumbList\",\"@id\":\"https:\/\/swissvitalityclinics.com\/de\/produkt\/bauchspeicheldruese-b-1\/#breadcrumb\",\"itemListElement\":[{\"@type\":\"ListItem\",\"position\":1,\"name\":\"Home\",\"item\":\"https:\/\/swissvitalityclinics.com\/de\/startseite\/\"},{\"@type\":\"ListItem\",\"position\":2,\"name\":\"Shop\",\"item\":\"https:\/\/swissvitalityclinics.com\/de\/shop\/\"},{\"@type\":\"ListItem\",\"position\":3,\"name\":\"Bauchspeicheldr\u00fcse B-1\u00ae\"}]},{\"@type\":\"WebSite\",\"@id\":\"https:\/\/swissvitalityclinics.com\/de\/#website\",\"url\":\"https:\/\/swissvitalityclinics.com\/de\/\",\"name\":\"Swiss Vitality Clinics\",\"description\":\"Epigenetics, Inuspherese, Nano Therapy\",\"publisher\":{\"@id\":\"https:\/\/swissvitalityclinics.com\/de\/#organization\"},\"potentialAction\":[{\"@type\":\"SearchAction\",\"target\":{\"@type\":\"EntryPoint\",\"urlTemplate\":\"https:\/\/swissvitalityclinics.com\/de\/?s={search_term_string}\"},\"query-input\":{\"@type\":\"PropertyValueSpecification\",\"valueRequired\":true,\"valueName\":\"search_term_string\"}}],\"inLanguage\":\"de\"},{\"@type\":\"Organization\",\"@id\":\"https:\/\/swissvitalityclinics.com\/de\/#organization\",\"name\":\"Swiss Vitality Clinics\",\"url\":\"https:\/\/swissvitalityclinics.com\/de\/\",\"logo\":{\"@type\":\"ImageObject\",\"inLanguage\":\"de\",\"@id\":\"https:\/\/swissvitalityclinics.com\/de\/#\/schema\/logo\/image\/\",\"url\":\"https:\/\/swissvitalityclinics.com\/wp-content\/uploads\/2024\/02\/Swiss-Vitality-Clinics-Logo-002-02-3000px.png\",\"contentUrl\":\"https:\/\/swissvitalityclinics.com\/wp-content\/uploads\/2024\/02\/Swiss-Vitality-Clinics-Logo-002-02-3000px.png\",\"width\":3000,\"height\":542,\"caption\":\"Swiss Vitality Clinics\"},\"image\":{\"@id\":\"https:\/\/swissvitalityclinics.com\/de\/#\/schema\/logo\/image\/\"}}]}<\/script>\n<!-- \/ Yoast SEO plugin. -->","yoast_head_json":{"title":"Bauchspeicheldr\u00fcse B-1\u00ae - Swiss Vitality Clinics","robots":{"index":"index","follow":"follow","max-snippet":"max-snippet:-1","max-image-preview":"max-image-preview:large","max-video-preview":"max-video-preview:-1"},"canonical":"https:\/\/swissvitalityclinics.com\/de\/produkt\/bauchspeicheldruese-b-1\/","og_locale":"de_DE","og_type":"article","og_title":"Bauchspeicheldr\u00fcse B-1\u00ae - Swiss Vitality Clinics","og_description":"Pancreas B-1\u00ae f\u00fcllt den Pool der von der Bauchspeicheldr\u00fcse produzierten regulatorischen Peptide wieder auf. Es tr\u00e4gt dazu bei, die Funktion der Bauchspeicheldr\u00fcse zu normalisieren, den Kohlenhydratstoffwechsel zu verbessern, das Risiko der Entwicklung von Diabetes-Komplikationen zu verringern, die Entwicklung von atrophischen Prozessen in der Bauchspeicheldr\u00fcse und anderen pathologischen Zust\u00e4nden des Verdauungssystems zu verhindern. Es wird zur [&hellip;]","og_url":"https:\/\/swissvitalityclinics.com\/de\/produkt\/bauchspeicheldruese-b-1\/","og_site_name":"Swiss Vitality Clinics","article_modified_time":"2024-06-27T14:43:42+00:00","og_image":[{"width":1532,"height":699,"url":"https:\/\/swissvitalityclinics.com\/wp-content\/uploads\/2024\/03\/Screenshot-2024-03-27-at-12.22.07.png","type":"image\/png"}],"twitter_card":"summary_large_image","twitter_misc":{"Gesch\u00e4tzte Lesezeit":"1\u00a0Minute"},"schema":{"@context":"https:\/\/schema.org","@graph":[{"@type":"WebPage","@id":"https:\/\/swissvitalityclinics.com\/de\/produkt\/bauchspeicheldruese-b-1\/","url":"https:\/\/swissvitalityclinics.com\/de\/produkt\/bauchspeicheldruese-b-1\/","name":"Bauchspeicheldr\u00fcse B-1\u00ae - Swiss Vitality Clinics","isPartOf":{"@id":"https:\/\/swissvitalityclinics.com\/de\/#website"},"primaryImageOfPage":{"@id":"https:\/\/swissvitalityclinics.com\/de\/produkt\/bauchspeicheldruese-b-1\/#primaryimage"},"image":{"@id":"https:\/\/swissvitalityclinics.com\/de\/produkt\/bauchspeicheldruese-b-1\/#primaryimage"},"thumbnailUrl":"https:\/\/swissvitalityclinics.com\/wp-content\/uploads\/2024\/03\/Screenshot-2024-03-27-at-12.22.07.png","datePublished":"2024-03-27T11:04:27+00:00","dateModified":"2024-06-27T14:43:42+00:00","breadcrumb":{"@id":"https:\/\/swissvitalityclinics.com\/de\/produkt\/bauchspeicheldruese-b-1\/#breadcrumb"},"inLanguage":"de","potentialAction":[{"@type":"ReadAction","target":["https:\/\/swissvitalityclinics.com\/de\/produkt\/bauchspeicheldruese-b-1\/"]}]},{"@type":"ImageObject","inLanguage":"de","@id":"https:\/\/swissvitalityclinics.com\/de\/produkt\/bauchspeicheldruese-b-1\/#primaryimage","url":"https:\/\/swissvitalityclinics.com\/wp-content\/uploads\/2024\/03\/Screenshot-2024-03-27-at-12.22.07.png","contentUrl":"https:\/\/swissvitalityclinics.com\/wp-content\/uploads\/2024\/03\/Screenshot-2024-03-27-at-12.22.07.png","width":1532,"height":699},{"@type":"BreadcrumbList","@id":"https:\/\/swissvitalityclinics.com\/de\/produkt\/bauchspeicheldruese-b-1\/#breadcrumb","itemListElement":[{"@type":"ListItem","position":1,"name":"Home","item":"https:\/\/swissvitalityclinics.com\/de\/startseite\/"},{"@type":"ListItem","position":2,"name":"Shop","item":"https:\/\/swissvitalityclinics.com\/de\/shop\/"},{"@type":"ListItem","position":3,"name":"Bauchspeicheldr\u00fcse B-1\u00ae"}]},{"@type":"WebSite","@id":"https:\/\/swissvitalityclinics.com\/de\/#website","url":"https:\/\/swissvitalityclinics.com\/de\/","name":"Swiss Vitality Clinics","description":"Epigenetics, Inuspherese, Nano Therapy","publisher":{"@id":"https:\/\/swissvitalityclinics.com\/de\/#organization"},"potentialAction":[{"@type":"SearchAction","target":{"@type":"EntryPoint","urlTemplate":"https:\/\/swissvitalityclinics.com\/de\/?s={search_term_string}"},"query-input":{"@type":"PropertyValueSpecification","valueRequired":true,"valueName":"search_term_string"}}],"inLanguage":"de"},{"@type":"Organization","@id":"https:\/\/swissvitalityclinics.com\/de\/#organization","name":"Swiss Vitality Clinics","url":"https:\/\/swissvitalityclinics.com\/de\/","logo":{"@type":"ImageObject","inLanguage":"de","@id":"https:\/\/swissvitalityclinics.com\/de\/#\/schema\/logo\/image\/","url":"https:\/\/swissvitalityclinics.com\/wp-content\/uploads\/2024\/02\/Swiss-Vitality-Clinics-Logo-002-02-3000px.png","contentUrl":"https:\/\/swissvitalityclinics.com\/wp-content\/uploads\/2024\/02\/Swiss-Vitality-Clinics-Logo-002-02-3000px.png","width":3000,"height":542,"caption":"Swiss Vitality Clinics"},"image":{"@id":"https:\/\/swissvitalityclinics.com\/de\/#\/schema\/logo\/image\/"}}]}},"_links":{"self":[{"href":"https:\/\/swissvitalityclinics.com\/de\/wp-json\/wp\/v2\/product\/2797","targetHints":{"allow":["GET"]}}],"collection":[{"href":"https:\/\/swissvitalityclinics.com\/de\/wp-json\/wp\/v2\/product"}],"about":[{"href":"https:\/\/swissvitalityclinics.com\/de\/wp-json\/wp\/v2\/types\/product"}],"replies":[{"embeddable":true,"href":"https:\/\/swissvitalityclinics.com\/de\/wp-json\/wp\/v2\/comments?post=2797"}],"wp:featuredmedia":[{"embeddable":true,"href":"https:\/\/swissvitalityclinics.com\/de\/wp-json\/wp\/v2\/media\/2320"}],"wp:attachment":[{"href":"https:\/\/swissvitalityclinics.com\/de\/wp-json\/wp\/v2\/media?parent=2797"}],"wp:term":[{"taxonomy":"product_brand","embeddable":true,"href":"https:\/\/swissvitalityclinics.com\/de\/wp-json\/wp\/v2\/product_brand?post=2797"},{"taxonomy":"product_cat","embeddable":true,"href":"https:\/\/swissvitalityclinics.com\/de\/wp-json\/wp\/v2\/product_cat?post=2797"},{"taxonomy":"product_tag","embeddable":true,"href":"https:\/\/swissvitalityclinics.com\/de\/wp-json\/wp\/v2\/product_tag?post=2797"}],"curies":[{"name":"wp","href":"https:\/\/api.w.org\/{rel}","templated":true}]}}