{"id":2803,"date":"2024-02-09T14:28:15","date_gmt":"2024-02-09T14:28:15","guid":{"rendered":"https:\/\/swissvitalityclinics.com\/product\/biorithmus\/"},"modified":"2024-06-27T14:44:01","modified_gmt":"2024-06-27T14:44:01","slug":"BioRiskus","status":"publish","type":"product","link":"https:\/\/swissvitalityclinics.com\/de\/produkt\/BioRiskus\/","title":{"rendered":"BioRiskus\u00ae."},"content":{"rendered":"<p><strong>Entschl\u00fcsseln Sie Ihren genetischen Bauplan: BioRisk\u00ae DNA-Profiling &#8211; Ihr personalisierter Fahrplan zur Gesundheit.<\/strong><\/p>\n<p data-sourcepos=\"29:1-29:232\">Ihre Gene sind der Schl\u00fcssel zum Verst\u00e4ndnis Ihres einzigartigen Gesundheitspotenzials. BioRisk\u00ae DNA-Profiling entschl\u00fcsselt diesen Code, indem es Tausende von genetischen Markern analysiert, um potenzielle Risiken f\u00fcr verschiedene Gesundheitszust\u00e4nde aufzudecken.<\/p>\n<p data-sourcepos=\"31:1-31:249\">Diese personalisierten Daten erm\u00f6glichen es Ihnen und Ihrem Arzt, einen proaktiven Plan zu erstellen. BioRisk\u00ae geht \u00fcber die Identifizierung von Risiken hinaus und zeigt auch genetische St\u00e4rken auf, die Sie nutzen k\u00f6nnen, um Ihre Gesundheit, Ihre Ern\u00e4hrung und Ihren Lebensstil zu optimieren.<\/p>\n<p data-sourcepos=\"31:1-31:249\"><strong>Wie funktioniert das?<\/strong><\/p>\n<div class=\"page\" title=\"Seite 5\">\n<div class=\"section\">\n<div class=\"layoutArea\">\n<div class=\"column\">\n<p>Anhand einer Salbeiprobe berechnet der Algorithmus ein Risikoprofil. Die Ergebnisse werden \u00fcber einen pers\u00f6nlichen Code auf die Patienten-App hochgeladen. Dem Labor sind keine pers\u00f6nlichen Daten bekannt. Jeder Patient kann sein pers\u00f6nliches Risikoprofil auf dem Portal des Swiss Vitality Clinic Partners hochladen. Jetzt wird das personalisierte BioRegulator-Protokoll von der Klinik erstellt.<\/p>\n<p><strong>Entwickelt f\u00fcr den Schutz der Privatsph\u00e4re<\/strong><\/p>\n<\/div>\n<p>Das Labor unterliegt strenger Vertraulichkeit und verf\u00fcgt \u00fcber keine pers\u00f6nlichen Daten. Die Patienten haben die M\u00f6glichkeit, ihr pers\u00f6nliches Risikoprofil anonym auf das Portal der Swiss Vitality Clinic Partner hochzuladen. Im Anschluss daran wird von Swiss Vitality Clinics ein pers\u00f6nliches BioRegulator-Protokoll erstellt, das einen ma\u00dfgeschneiderten Ansatz f\u00fcr die Wellness-Reise eines jeden Patienten gew\u00e4hrleistet.<\/p>\n<p>&nbsp;<\/p>\n<p>&nbsp;<\/p>\n<\/div>\n<\/div>\n<\/div>\n","protected":false},"excerpt":{"rendered":"<p data-sourcepos=\"27:1-27:194\">Entdecken Sie Ihre einzigartige genetische Veranlagung mit dem BioRisk\u00ae DNA-Profiling. Gewinnen Sie Einblicke, um Ihre Gesundheitsversorgung zu personalisieren, zuk\u00fcnftige Risiken zu vermeiden und Ihr Wohlbefinden zu optimieren.<\/p>\n","protected":false},"featured_media":2188,"comment_status":"open","ping_status":"closed","template":"","meta":{"_acf_changed":false},"product_brand":[],"product_cat":[56],"product_tag":[],"class_list":{"0":"post-2803","1":"product","2":"type-product","3":"status-publish","4":"has-post-thumbnail","6":"product_cat-analyse","8":"first","9":"instock","10":"shipping-taxable","11":"product-type-simple"},"acf":[],"yoast_head":"<!-- This site is optimized with the Yoast SEO plugin v26.2 - https:\/\/yoast.com\/wordpress\/plugins\/seo\/ -->\n<title>BioRiskus\u00ae. - Swiss Vitality Clinics<\/title>\n<meta name=\"robots\" content=\"index, follow, max-snippet:-1, max-image-preview:large, max-video-preview:-1\" \/>\n<link rel=\"canonical\" href=\"https:\/\/swissvitalityclinics.com\/de\/produkt\/BioRiskus\/\" \/>\n<meta property=\"og:locale\" content=\"de_DE\" \/>\n<meta property=\"og:type\" content=\"article\" \/>\n<meta property=\"og:title\" content=\"BioRiskus\u00ae. - Swiss Vitality Clinics\" \/>\n<meta property=\"og:description\" content=\"Entdecken Sie Ihre einzigartige genetische Veranlagung mit dem BioRisk\u00ae DNA-Profiling. Gewinnen Sie Einblicke, um Ihre Gesundheitsversorgung zu personalisieren, zuk\u00fcnftige Risiken zu vermeiden und Ihr Wohlbefinden zu optimieren.\" \/>\n<meta property=\"og:url\" content=\"https:\/\/swissvitalityclinics.com\/de\/produkt\/BioRiskus\/\" \/>\n<meta property=\"og:site_name\" content=\"Swiss Vitality Clinics\" \/>\n<meta property=\"article:modified_time\" content=\"2024-06-27T14:44:01+00:00\" \/>\n<meta property=\"og:image\" content=\"https:\/\/swissvitalityclinics.com\/wp-content\/uploads\/2024\/02\/DNA.jpeg\" \/>\n\t<meta property=\"og:image:width\" content=\"1756\" \/>\n\t<meta property=\"og:image:height\" content=\"742\" \/>\n\t<meta property=\"og:image:type\" content=\"image\/jpeg\" \/>\n<meta name=\"twitter:card\" content=\"summary_large_image\" \/>\n<meta name=\"twitter:label1\" content=\"Gesch\u00e4tzte Lesezeit\" \/>\n\t<meta name=\"twitter:data1\" content=\"1\u00a0Minute\" \/>\n<script type=\"application\/ld+json\" class=\"yoast-schema-graph\">{\"@context\":\"https:\/\/schema.org\",\"@graph\":[{\"@type\":\"WebPage\",\"@id\":\"https:\/\/swissvitalityclinics.com\/de\/produkt\/BioRiskus\/\",\"url\":\"https:\/\/swissvitalityclinics.com\/de\/produkt\/BioRiskus\/\",\"name\":\"BioRiskus\u00ae. - Swiss Vitality Clinics\",\"isPartOf\":{\"@id\":\"https:\/\/swissvitalityclinics.com\/de\/#website\"},\"primaryImageOfPage\":{\"@id\":\"https:\/\/swissvitalityclinics.com\/de\/produkt\/BioRiskus\/#primaryimage\"},\"image\":{\"@id\":\"https:\/\/swissvitalityclinics.com\/de\/produkt\/BioRiskus\/#primaryimage\"},\"thumbnailUrl\":\"https:\/\/swissvitalityclinics.com\/wp-content\/uploads\/2024\/02\/DNA.jpeg\",\"datePublished\":\"2024-02-09T14:28:15+00:00\",\"dateModified\":\"2024-06-27T14:44:01+00:00\",\"breadcrumb\":{\"@id\":\"https:\/\/swissvitalityclinics.com\/de\/produkt\/BioRiskus\/#breadcrumb\"},\"inLanguage\":\"de\",\"potentialAction\":[{\"@type\":\"ReadAction\",\"target\":[\"https:\/\/swissvitalityclinics.com\/de\/produkt\/BioRiskus\/\"]}]},{\"@type\":\"ImageObject\",\"inLanguage\":\"de\",\"@id\":\"https:\/\/swissvitalityclinics.com\/de\/produkt\/BioRiskus\/#primaryimage\",\"url\":\"https:\/\/swissvitalityclinics.com\/wp-content\/uploads\/2024\/02\/DNA.jpeg\",\"contentUrl\":\"https:\/\/swissvitalityclinics.com\/wp-content\/uploads\/2024\/02\/DNA.jpeg\",\"width\":1756,\"height\":742,\"caption\":\"DNS. \u00d6ffentlich zug\u00e4ngliches Originalbild von Wikimedia Commons\"},{\"@type\":\"BreadcrumbList\",\"@id\":\"https:\/\/swissvitalityclinics.com\/de\/produkt\/BioRiskus\/#breadcrumb\",\"itemListElement\":[{\"@type\":\"ListItem\",\"position\":1,\"name\":\"Home\",\"item\":\"https:\/\/swissvitalityclinics.com\/de\/startseite\/\"},{\"@type\":\"ListItem\",\"position\":2,\"name\":\"Shop\",\"item\":\"https:\/\/swissvitalityclinics.com\/de\/shop\/\"},{\"@type\":\"ListItem\",\"position\":3,\"name\":\"BioRiskus\u00ae.\"}]},{\"@type\":\"WebSite\",\"@id\":\"https:\/\/swissvitalityclinics.com\/de\/#website\",\"url\":\"https:\/\/swissvitalityclinics.com\/de\/\",\"name\":\"Swiss Vitality Clinics\",\"description\":\"Epigenetics, Inuspherese, Nano Therapy\",\"publisher\":{\"@id\":\"https:\/\/swissvitalityclinics.com\/de\/#organization\"},\"potentialAction\":[{\"@type\":\"SearchAction\",\"target\":{\"@type\":\"EntryPoint\",\"urlTemplate\":\"https:\/\/swissvitalityclinics.com\/de\/?s={search_term_string}\"},\"query-input\":{\"@type\":\"PropertyValueSpecification\",\"valueRequired\":true,\"valueName\":\"search_term_string\"}}],\"inLanguage\":\"de\"},{\"@type\":\"Organization\",\"@id\":\"https:\/\/swissvitalityclinics.com\/de\/#organization\",\"name\":\"Swiss Vitality Clinics\",\"url\":\"https:\/\/swissvitalityclinics.com\/de\/\",\"logo\":{\"@type\":\"ImageObject\",\"inLanguage\":\"de\",\"@id\":\"https:\/\/swissvitalityclinics.com\/de\/#\/schema\/logo\/image\/\",\"url\":\"https:\/\/swissvitalityclinics.com\/wp-content\/uploads\/2024\/02\/Swiss-Vitality-Clinics-Logo-002-02-3000px.png\",\"contentUrl\":\"https:\/\/swissvitalityclinics.com\/wp-content\/uploads\/2024\/02\/Swiss-Vitality-Clinics-Logo-002-02-3000px.png\",\"width\":3000,\"height\":542,\"caption\":\"Swiss Vitality Clinics\"},\"image\":{\"@id\":\"https:\/\/swissvitalityclinics.com\/de\/#\/schema\/logo\/image\/\"}}]}<\/script>\n<!-- \/ Yoast SEO plugin. -->","yoast_head_json":{"title":"BioRiskus\u00ae. - Swiss Vitality Clinics","robots":{"index":"index","follow":"follow","max-snippet":"max-snippet:-1","max-image-preview":"max-image-preview:large","max-video-preview":"max-video-preview:-1"},"canonical":"https:\/\/swissvitalityclinics.com\/de\/produkt\/BioRiskus\/","og_locale":"de_DE","og_type":"article","og_title":"BioRiskus\u00ae. - Swiss Vitality Clinics","og_description":"Entdecken Sie Ihre einzigartige genetische Veranlagung mit dem BioRisk\u00ae DNA-Profiling. Gewinnen Sie Einblicke, um Ihre Gesundheitsversorgung zu personalisieren, zuk\u00fcnftige Risiken zu vermeiden und Ihr Wohlbefinden zu optimieren.","og_url":"https:\/\/swissvitalityclinics.com\/de\/produkt\/BioRiskus\/","og_site_name":"Swiss Vitality Clinics","article_modified_time":"2024-06-27T14:44:01+00:00","og_image":[{"width":1756,"height":742,"url":"https:\/\/swissvitalityclinics.com\/wp-content\/uploads\/2024\/02\/DNA.jpeg","type":"image\/jpeg"}],"twitter_card":"summary_large_image","twitter_misc":{"Gesch\u00e4tzte Lesezeit":"1\u00a0Minute"},"schema":{"@context":"https:\/\/schema.org","@graph":[{"@type":"WebPage","@id":"https:\/\/swissvitalityclinics.com\/de\/produkt\/BioRiskus\/","url":"https:\/\/swissvitalityclinics.com\/de\/produkt\/BioRiskus\/","name":"BioRiskus\u00ae. - Swiss Vitality Clinics","isPartOf":{"@id":"https:\/\/swissvitalityclinics.com\/de\/#website"},"primaryImageOfPage":{"@id":"https:\/\/swissvitalityclinics.com\/de\/produkt\/BioRiskus\/#primaryimage"},"image":{"@id":"https:\/\/swissvitalityclinics.com\/de\/produkt\/BioRiskus\/#primaryimage"},"thumbnailUrl":"https:\/\/swissvitalityclinics.com\/wp-content\/uploads\/2024\/02\/DNA.jpeg","datePublished":"2024-02-09T14:28:15+00:00","dateModified":"2024-06-27T14:44:01+00:00","breadcrumb":{"@id":"https:\/\/swissvitalityclinics.com\/de\/produkt\/BioRiskus\/#breadcrumb"},"inLanguage":"de","potentialAction":[{"@type":"ReadAction","target":["https:\/\/swissvitalityclinics.com\/de\/produkt\/BioRiskus\/"]}]},{"@type":"ImageObject","inLanguage":"de","@id":"https:\/\/swissvitalityclinics.com\/de\/produkt\/BioRiskus\/#primaryimage","url":"https:\/\/swissvitalityclinics.com\/wp-content\/uploads\/2024\/02\/DNA.jpeg","contentUrl":"https:\/\/swissvitalityclinics.com\/wp-content\/uploads\/2024\/02\/DNA.jpeg","width":1756,"height":742,"caption":"DNS. \u00d6ffentlich zug\u00e4ngliches Originalbild von Wikimedia Commons"},{"@type":"BreadcrumbList","@id":"https:\/\/swissvitalityclinics.com\/de\/produkt\/BioRiskus\/#breadcrumb","itemListElement":[{"@type":"ListItem","position":1,"name":"Home","item":"https:\/\/swissvitalityclinics.com\/de\/startseite\/"},{"@type":"ListItem","position":2,"name":"Shop","item":"https:\/\/swissvitalityclinics.com\/de\/shop\/"},{"@type":"ListItem","position":3,"name":"BioRiskus\u00ae."}]},{"@type":"WebSite","@id":"https:\/\/swissvitalityclinics.com\/de\/#website","url":"https:\/\/swissvitalityclinics.com\/de\/","name":"Swiss Vitality Clinics","description":"Epigenetics, Inuspherese, Nano Therapy","publisher":{"@id":"https:\/\/swissvitalityclinics.com\/de\/#organization"},"potentialAction":[{"@type":"SearchAction","target":{"@type":"EntryPoint","urlTemplate":"https:\/\/swissvitalityclinics.com\/de\/?s={search_term_string}"},"query-input":{"@type":"PropertyValueSpecification","valueRequired":true,"valueName":"search_term_string"}}],"inLanguage":"de"},{"@type":"Organization","@id":"https:\/\/swissvitalityclinics.com\/de\/#organization","name":"Swiss Vitality Clinics","url":"https:\/\/swissvitalityclinics.com\/de\/","logo":{"@type":"ImageObject","inLanguage":"de","@id":"https:\/\/swissvitalityclinics.com\/de\/#\/schema\/logo\/image\/","url":"https:\/\/swissvitalityclinics.com\/wp-content\/uploads\/2024\/02\/Swiss-Vitality-Clinics-Logo-002-02-3000px.png","contentUrl":"https:\/\/swissvitalityclinics.com\/wp-content\/uploads\/2024\/02\/Swiss-Vitality-Clinics-Logo-002-02-3000px.png","width":3000,"height":542,"caption":"Swiss Vitality Clinics"},"image":{"@id":"https:\/\/swissvitalityclinics.com\/de\/#\/schema\/logo\/image\/"}}]}},"_links":{"self":[{"href":"https:\/\/swissvitalityclinics.com\/de\/wp-json\/wp\/v2\/product\/2803","targetHints":{"allow":["GET"]}}],"collection":[{"href":"https:\/\/swissvitalityclinics.com\/de\/wp-json\/wp\/v2\/product"}],"about":[{"href":"https:\/\/swissvitalityclinics.com\/de\/wp-json\/wp\/v2\/types\/product"}],"replies":[{"embeddable":true,"href":"https:\/\/swissvitalityclinics.com\/de\/wp-json\/wp\/v2\/comments?post=2803"}],"wp:featuredmedia":[{"embeddable":true,"href":"https:\/\/swissvitalityclinics.com\/de\/wp-json\/wp\/v2\/media\/2188"}],"wp:attachment":[{"href":"https:\/\/swissvitalityclinics.com\/de\/wp-json\/wp\/v2\/media?parent=2803"}],"wp:term":[{"taxonomy":"product_brand","embeddable":true,"href":"https:\/\/swissvitalityclinics.com\/de\/wp-json\/wp\/v2\/product_brand?post=2803"},{"taxonomy":"product_cat","embeddable":true,"href":"https:\/\/swissvitalityclinics.com\/de\/wp-json\/wp\/v2\/product_cat?post=2803"},{"taxonomy":"product_tag","embeddable":true,"href":"https:\/\/swissvitalityclinics.com\/de\/wp-json\/wp\/v2\/product_tag?post=2803"}],"curies":[{"name":"wp","href":"https:\/\/api.w.org\/{rel}","templated":true}]}}