{"id":5294,"date":"2025-02-17T14:25:46","date_gmt":"2025-02-17T14:25:46","guid":{"rendered":"https:\/\/swissvitalityclinics.com\/product\/mydrip\/"},"modified":"2025-02-17T14:29:06","modified_gmt":"2025-02-17T14:29:06","slug":"mydrip","status":"publish","type":"product","link":"https:\/\/swissvitalityclinics.com\/de\/produkt\/mydrip\/","title":{"rendered":"myDrip\u00ae"},"content":{"rendered":"<p><strong>Regenerieren. Revitalisieren. Verj\u00fcngen: Erleben Sie den Unterschied. Tanken Sie Ihren K\u00f6rper von innen auf und entdecken Sie unsere personalisierten Vitamin- und Mineralstoffkuren.   <\/strong><\/p>\n<p>In der heutigen schnelllebigen Welt kann es eine Herausforderung sein, eine optimale Gesundheit aufrechtzuerhalten. myDrip\u00ae bietet eine bequeme und effektive M\u00f6glichkeit, essentielle Vitamine und Mineralien zuzuf\u00fchren, die die nat\u00fcrlichen Funktionen Ihres K\u00f6rpers unterst\u00fctzen und das allgemeine Wohlbefinden f\u00f6rdern. Unsere ma\u00dfgeschneiderten Infusionsrezepturen liefern lebenswichtige N\u00e4hrstoffe direkt in Ihren Blutkreislauf und umgehen dabei das Verdauungssystem, um eine maximale Aufnahme und sofortige Wirkung zu gew\u00e4hrleisten. Ganz gleich, ob Sie einen Energieschub, eine verbesserte Immunit\u00e4t, eine verbesserte Fl\u00fcssigkeitszufuhr oder Unterst\u00fctzung f\u00fcr bestimmte Gesundheitsziele suchen, myDrip\u00ae hat eine ma\u00dfgeschneiderte L\u00f6sung f\u00fcr Sie. Unser erfahrenes medizinisches Fachpersonal f\u00fchrt Sie durch den Prozess und sorgt f\u00fcr eine sichere und angenehme Erfahrung.    <\/p>\n<ul>\n<li data-sourcepos=\"17:1-17:95\"><strong>Personalisierte Formulierungen:<\/strong> Ma\u00dfgeschneiderte Tropfen f\u00fcr Ihre individuellen Bed\u00fcrfnisse und Gesundheitsziele.<\/li>\n<li data-sourcepos=\"19:1-19:91\"><strong>Erfahrenes medizinisches Fachpersonal:<\/strong> Zertifizierte \u00c4rzte und Krankenschwestern verabreichen alle Infusionen.<\/li>\n<li data-sourcepos=\"22:1-22:96\"><strong>Maximale Absorption:<\/strong> Die N\u00e4hrstoffe gelangen direkt in den Blutkreislauf, um optimal zu wirken.<\/li>\n<li><strong>Sichere &amp; komfortable Umgebung:<\/strong> Entspannende und professionelle Klinikumgebung.<\/li>\n<\/ul>\n","protected":false},"excerpt":{"rendered":"<p>Regenerieren. Revitalisieren. Verj\u00fcngen: Erleben Sie den Unterschied. Tanken Sie Ihren K\u00f6rper von innen auf und entdecken Sie unsere personalisierten Vitamin- und Mineralstoffkuren. In der heutigen schnelllebigen Welt kann es eine Herausforderung sein, eine optimale Gesundheit aufrechtzuerhalten. myDrip\u00ae bietet eine bequeme und effektive M\u00f6glichkeit, essentielle Vitamine und Mineralien zuzuf\u00fchren, die die nat\u00fcrlichen Funktionen Ihres K\u00f6rpers unterst\u00fctzen [&hellip;]<\/p>\n","protected":false},"featured_media":5301,"comment_status":"open","ping_status":"closed","template":"","meta":{"_acf_changed":false},"product_brand":[],"product_cat":[56],"product_tag":[],"class_list":{"0":"post-5294","1":"product","2":"type-product","3":"status-publish","4":"has-post-thumbnail","6":"product_cat-analyse","8":"first","9":"instock","10":"shipping-taxable","11":"product-type-simple"},"acf":[],"yoast_head":"<!-- This site is optimized with the Yoast SEO plugin v26.2 - https:\/\/yoast.com\/wordpress\/plugins\/seo\/ -->\n<title>myDrip\u00ae - Swiss Vitality Clinics<\/title>\n<meta name=\"robots\" content=\"index, follow, max-snippet:-1, max-image-preview:large, max-video-preview:-1\" \/>\n<link rel=\"canonical\" href=\"https:\/\/swissvitalityclinics.com\/de\/produkt\/mydrip\/\" \/>\n<meta property=\"og:locale\" content=\"de_DE\" \/>\n<meta property=\"og:type\" content=\"article\" \/>\n<meta property=\"og:title\" content=\"myDrip\u00ae - Swiss Vitality Clinics\" \/>\n<meta property=\"og:description\" content=\"Regenerieren. Revitalisieren. Verj\u00fcngen: Erleben Sie den Unterschied. Tanken Sie Ihren K\u00f6rper von innen auf und entdecken Sie unsere personalisierten Vitamin- und Mineralstoffkuren. In der heutigen schnelllebigen Welt kann es eine Herausforderung sein, eine optimale Gesundheit aufrechtzuerhalten. myDrip\u00ae bietet eine bequeme und effektive M\u00f6glichkeit, essentielle Vitamine und Mineralien zuzuf\u00fchren, die die nat\u00fcrlichen Funktionen Ihres K\u00f6rpers unterst\u00fctzen [&hellip;]\" \/>\n<meta property=\"og:url\" content=\"https:\/\/swissvitalityclinics.com\/de\/produkt\/mydrip\/\" \/>\n<meta property=\"og:site_name\" content=\"Swiss Vitality Clinics\" \/>\n<meta property=\"article:modified_time\" content=\"2025-02-17T14:29:06+00:00\" \/>\n<meta property=\"og:image\" content=\"https:\/\/swissvitalityclinics.com\/wp-content\/uploads\/2025\/02\/izzy-gibson-sFrkWv4ACJg-unsplash-scaled.jpg\" \/>\n\t<meta property=\"og:image:width\" content=\"2560\" \/>\n\t<meta property=\"og:image:height\" content=\"1793\" \/>\n\t<meta property=\"og:image:type\" content=\"image\/jpeg\" \/>\n<meta name=\"twitter:card\" content=\"summary_large_image\" \/>\n<meta name=\"twitter:label1\" content=\"Gesch\u00e4tzte Lesezeit\" \/>\n\t<meta name=\"twitter:data1\" content=\"1\u00a0Minute\" \/>\n<script type=\"application\/ld+json\" class=\"yoast-schema-graph\">{\"@context\":\"https:\/\/schema.org\",\"@graph\":[{\"@type\":\"WebPage\",\"@id\":\"https:\/\/swissvitalityclinics.com\/de\/produkt\/mydrip\/\",\"url\":\"https:\/\/swissvitalityclinics.com\/de\/produkt\/mydrip\/\",\"name\":\"myDrip\u00ae - Swiss Vitality Clinics\",\"isPartOf\":{\"@id\":\"https:\/\/swissvitalityclinics.com\/de\/#website\"},\"primaryImageOfPage\":{\"@id\":\"https:\/\/swissvitalityclinics.com\/de\/produkt\/mydrip\/#primaryimage\"},\"image\":{\"@id\":\"https:\/\/swissvitalityclinics.com\/de\/produkt\/mydrip\/#primaryimage\"},\"thumbnailUrl\":\"https:\/\/swissvitalityclinics.com\/wp-content\/uploads\/2025\/02\/izzy-gibson-sFrkWv4ACJg-unsplash-scaled.jpg\",\"datePublished\":\"2025-02-17T14:25:46+00:00\",\"dateModified\":\"2025-02-17T14:29:06+00:00\",\"breadcrumb\":{\"@id\":\"https:\/\/swissvitalityclinics.com\/de\/produkt\/mydrip\/#breadcrumb\"},\"inLanguage\":\"de\",\"potentialAction\":[{\"@type\":\"ReadAction\",\"target\":[\"https:\/\/swissvitalityclinics.com\/de\/produkt\/mydrip\/\"]}]},{\"@type\":\"ImageObject\",\"inLanguage\":\"de\",\"@id\":\"https:\/\/swissvitalityclinics.com\/de\/produkt\/mydrip\/#primaryimage\",\"url\":\"https:\/\/swissvitalityclinics.com\/wp-content\/uploads\/2025\/02\/izzy-gibson-sFrkWv4ACJg-unsplash-scaled.jpg\",\"contentUrl\":\"https:\/\/swissvitalityclinics.com\/wp-content\/uploads\/2025\/02\/izzy-gibson-sFrkWv4ACJg-unsplash-scaled.jpg\",\"width\":2560,\"height\":1793},{\"@type\":\"BreadcrumbList\",\"@id\":\"https:\/\/swissvitalityclinics.com\/de\/produkt\/mydrip\/#breadcrumb\",\"itemListElement\":[{\"@type\":\"ListItem\",\"position\":1,\"name\":\"Home\",\"item\":\"https:\/\/swissvitalityclinics.com\/de\/startseite\/\"},{\"@type\":\"ListItem\",\"position\":2,\"name\":\"Shop\",\"item\":\"https:\/\/swissvitalityclinics.com\/de\/shop\/\"},{\"@type\":\"ListItem\",\"position\":3,\"name\":\"myDrip\u00ae\"}]},{\"@type\":\"WebSite\",\"@id\":\"https:\/\/swissvitalityclinics.com\/de\/#website\",\"url\":\"https:\/\/swissvitalityclinics.com\/de\/\",\"name\":\"Swiss Vitality Clinics\",\"description\":\"Epigenetics, Inuspherese, Nano Therapy\",\"publisher\":{\"@id\":\"https:\/\/swissvitalityclinics.com\/de\/#organization\"},\"potentialAction\":[{\"@type\":\"SearchAction\",\"target\":{\"@type\":\"EntryPoint\",\"urlTemplate\":\"https:\/\/swissvitalityclinics.com\/de\/?s={search_term_string}\"},\"query-input\":{\"@type\":\"PropertyValueSpecification\",\"valueRequired\":true,\"valueName\":\"search_term_string\"}}],\"inLanguage\":\"de\"},{\"@type\":\"Organization\",\"@id\":\"https:\/\/swissvitalityclinics.com\/de\/#organization\",\"name\":\"Swiss Vitality Clinics\",\"url\":\"https:\/\/swissvitalityclinics.com\/de\/\",\"logo\":{\"@type\":\"ImageObject\",\"inLanguage\":\"de\",\"@id\":\"https:\/\/swissvitalityclinics.com\/de\/#\/schema\/logo\/image\/\",\"url\":\"https:\/\/swissvitalityclinics.com\/wp-content\/uploads\/2024\/02\/Swiss-Vitality-Clinics-Logo-002-02-3000px.png\",\"contentUrl\":\"https:\/\/swissvitalityclinics.com\/wp-content\/uploads\/2024\/02\/Swiss-Vitality-Clinics-Logo-002-02-3000px.png\",\"width\":3000,\"height\":542,\"caption\":\"Swiss Vitality Clinics\"},\"image\":{\"@id\":\"https:\/\/swissvitalityclinics.com\/de\/#\/schema\/logo\/image\/\"}}]}<\/script>\n<!-- \/ Yoast SEO plugin. -->","yoast_head_json":{"title":"myDrip\u00ae - Swiss Vitality Clinics","robots":{"index":"index","follow":"follow","max-snippet":"max-snippet:-1","max-image-preview":"max-image-preview:large","max-video-preview":"max-video-preview:-1"},"canonical":"https:\/\/swissvitalityclinics.com\/de\/produkt\/mydrip\/","og_locale":"de_DE","og_type":"article","og_title":"myDrip\u00ae - Swiss Vitality Clinics","og_description":"Regenerieren. Revitalisieren. Verj\u00fcngen: Erleben Sie den Unterschied. Tanken Sie Ihren K\u00f6rper von innen auf und entdecken Sie unsere personalisierten Vitamin- und Mineralstoffkuren. In der heutigen schnelllebigen Welt kann es eine Herausforderung sein, eine optimale Gesundheit aufrechtzuerhalten. myDrip\u00ae bietet eine bequeme und effektive M\u00f6glichkeit, essentielle Vitamine und Mineralien zuzuf\u00fchren, die die nat\u00fcrlichen Funktionen Ihres K\u00f6rpers unterst\u00fctzen [&hellip;]","og_url":"https:\/\/swissvitalityclinics.com\/de\/produkt\/mydrip\/","og_site_name":"Swiss Vitality Clinics","article_modified_time":"2025-02-17T14:29:06+00:00","og_image":[{"width":2560,"height":1793,"url":"https:\/\/swissvitalityclinics.com\/wp-content\/uploads\/2025\/02\/izzy-gibson-sFrkWv4ACJg-unsplash-scaled.jpg","type":"image\/jpeg"}],"twitter_card":"summary_large_image","twitter_misc":{"Gesch\u00e4tzte Lesezeit":"1\u00a0Minute"},"schema":{"@context":"https:\/\/schema.org","@graph":[{"@type":"WebPage","@id":"https:\/\/swissvitalityclinics.com\/de\/produkt\/mydrip\/","url":"https:\/\/swissvitalityclinics.com\/de\/produkt\/mydrip\/","name":"myDrip\u00ae - Swiss Vitality Clinics","isPartOf":{"@id":"https:\/\/swissvitalityclinics.com\/de\/#website"},"primaryImageOfPage":{"@id":"https:\/\/swissvitalityclinics.com\/de\/produkt\/mydrip\/#primaryimage"},"image":{"@id":"https:\/\/swissvitalityclinics.com\/de\/produkt\/mydrip\/#primaryimage"},"thumbnailUrl":"https:\/\/swissvitalityclinics.com\/wp-content\/uploads\/2025\/02\/izzy-gibson-sFrkWv4ACJg-unsplash-scaled.jpg","datePublished":"2025-02-17T14:25:46+00:00","dateModified":"2025-02-17T14:29:06+00:00","breadcrumb":{"@id":"https:\/\/swissvitalityclinics.com\/de\/produkt\/mydrip\/#breadcrumb"},"inLanguage":"de","potentialAction":[{"@type":"ReadAction","target":["https:\/\/swissvitalityclinics.com\/de\/produkt\/mydrip\/"]}]},{"@type":"ImageObject","inLanguage":"de","@id":"https:\/\/swissvitalityclinics.com\/de\/produkt\/mydrip\/#primaryimage","url":"https:\/\/swissvitalityclinics.com\/wp-content\/uploads\/2025\/02\/izzy-gibson-sFrkWv4ACJg-unsplash-scaled.jpg","contentUrl":"https:\/\/swissvitalityclinics.com\/wp-content\/uploads\/2025\/02\/izzy-gibson-sFrkWv4ACJg-unsplash-scaled.jpg","width":2560,"height":1793},{"@type":"BreadcrumbList","@id":"https:\/\/swissvitalityclinics.com\/de\/produkt\/mydrip\/#breadcrumb","itemListElement":[{"@type":"ListItem","position":1,"name":"Home","item":"https:\/\/swissvitalityclinics.com\/de\/startseite\/"},{"@type":"ListItem","position":2,"name":"Shop","item":"https:\/\/swissvitalityclinics.com\/de\/shop\/"},{"@type":"ListItem","position":3,"name":"myDrip\u00ae"}]},{"@type":"WebSite","@id":"https:\/\/swissvitalityclinics.com\/de\/#website","url":"https:\/\/swissvitalityclinics.com\/de\/","name":"Swiss Vitality Clinics","description":"Epigenetics, Inuspherese, Nano Therapy","publisher":{"@id":"https:\/\/swissvitalityclinics.com\/de\/#organization"},"potentialAction":[{"@type":"SearchAction","target":{"@type":"EntryPoint","urlTemplate":"https:\/\/swissvitalityclinics.com\/de\/?s={search_term_string}"},"query-input":{"@type":"PropertyValueSpecification","valueRequired":true,"valueName":"search_term_string"}}],"inLanguage":"de"},{"@type":"Organization","@id":"https:\/\/swissvitalityclinics.com\/de\/#organization","name":"Swiss Vitality Clinics","url":"https:\/\/swissvitalityclinics.com\/de\/","logo":{"@type":"ImageObject","inLanguage":"de","@id":"https:\/\/swissvitalityclinics.com\/de\/#\/schema\/logo\/image\/","url":"https:\/\/swissvitalityclinics.com\/wp-content\/uploads\/2024\/02\/Swiss-Vitality-Clinics-Logo-002-02-3000px.png","contentUrl":"https:\/\/swissvitalityclinics.com\/wp-content\/uploads\/2024\/02\/Swiss-Vitality-Clinics-Logo-002-02-3000px.png","width":3000,"height":542,"caption":"Swiss Vitality Clinics"},"image":{"@id":"https:\/\/swissvitalityclinics.com\/de\/#\/schema\/logo\/image\/"}}]}},"_links":{"self":[{"href":"https:\/\/swissvitalityclinics.com\/de\/wp-json\/wp\/v2\/product\/5294","targetHints":{"allow":["GET"]}}],"collection":[{"href":"https:\/\/swissvitalityclinics.com\/de\/wp-json\/wp\/v2\/product"}],"about":[{"href":"https:\/\/swissvitalityclinics.com\/de\/wp-json\/wp\/v2\/types\/product"}],"replies":[{"embeddable":true,"href":"https:\/\/swissvitalityclinics.com\/de\/wp-json\/wp\/v2\/comments?post=5294"}],"wp:featuredmedia":[{"embeddable":true,"href":"https:\/\/swissvitalityclinics.com\/de\/wp-json\/wp\/v2\/media\/5301"}],"wp:attachment":[{"href":"https:\/\/swissvitalityclinics.com\/de\/wp-json\/wp\/v2\/media?parent=5294"}],"wp:term":[{"taxonomy":"product_brand","embeddable":true,"href":"https:\/\/swissvitalityclinics.com\/de\/wp-json\/wp\/v2\/product_brand?post=5294"},{"taxonomy":"product_cat","embeddable":true,"href":"https:\/\/swissvitalityclinics.com\/de\/wp-json\/wp\/v2\/product_cat?post=5294"},{"taxonomy":"product_tag","embeddable":true,"href":"https:\/\/swissvitalityclinics.com\/de\/wp-json\/wp\/v2\/product_tag?post=5294"}],"curies":[{"name":"wp","href":"https:\/\/api.w.org\/{rel}","templated":true}]}}