{"id":3117,"date":"2024-02-05T10:57:07","date_gmt":"2024-02-05T10:57:07","guid":{"rendered":"https:\/\/swissvitalityclinics.com\/politique-de-confidentialite\/"},"modified":"2025-04-17T09:39:52","modified_gmt":"2025-04-17T09:39:52","slug":"politique-de-confidentialite","status":"publish","type":"page","link":"https:\/\/swissvitalityclinics.com\/fr\/politique-de-confidentialite\/","title":{"rendered":"Politique de confidentialit\u00e9"},"content":{"rendered":"\t\t<div data-elementor-type=\"wp-page\" data-elementor-id=\"3117\" class=\"elementor elementor-3117 elementor-3\" data-elementor-post-type=\"page\">\n\t\t\t\t<div class=\"elementor-element elementor-element-1b5205b9 e-flex e-con-boxed e-con e-parent\" data-id=\"1b5205b9\" data-element_type=\"container\">\n\t\t\t\t\t<div class=\"e-con-inner\">\n\t\t\t\t<div class=\"elementor-element elementor-element-440759ab elementor-widget elementor-widget-text-editor\" data-id=\"440759ab\" data-element_type=\"widget\" data-widget_type=\"text-editor.default\">\n\t\t\t\t<div class=\"elementor-widget-container\">\n\t\t\t\t\t\t\t\t\t<h2>Politique de confidentialit\u00e9<\/h2>\n<h3>Qui sommes-nous ?<\/h3>\n<p>L&rsquo;adresse de notre site web est la suivante <a href=\"https:\/\/swissvitalityclinics.com\/\">: https:\/\/swissvitalityclinics.com.<\/a><\/p>\n<hr>\n<h3>Les m\u00e9dias<\/h3>\n<p>Si vous t\u00e9l\u00e9chargez des images sur le site web, \u00e9vitez de t\u00e9l\u00e9charger des images contenant des donn\u00e9es de localisation (EXIF GPS). Les visiteurs du site web peuvent t\u00e9l\u00e9charger et extraire n&rsquo;importe quelle donn\u00e9e de localisation \u00e0 partir des images du site web.<\/p>\n<hr>\n<h3>Cookies<\/h3>\n<p>Nous utilisons des cookies pour am\u00e9liorer votre exp\u00e9rience sur notre site web. Les cookies sont de petits fichiers texte qui sont stock\u00e9s sur votre appareil. Certains cookies sont n\u00e9cessaires au fonctionnement du site, tandis que d&rsquo;autres nous aident \u00e0 analyser la fa\u00e7on dont les visiteurs utilisent notre site web.  <\/p>\n<h4>Google Analytics<\/h4>\n<p>Nous utilisons Google Analytics, un service d&rsquo;analyse de site internet fourni par Google LLC. Google Analytics utilise des cookies pour nous aider \u00e0 comprendre comment les visiteurs interagissent avec notre site web, afin que nous puissions am\u00e9liorer notre contenu et l&rsquo;exp\u00e9rience des utilisateurs. Les informations g\u00e9n\u00e9r\u00e9es par les cookies concernant votre utilisation du site (y compris votre adresse IP, qui est anonymis\u00e9e dans la mesure du possible) sont transmises et stock\u00e9es par Google sur des serveurs situ\u00e9s aux \u00c9tats-Unis ou ailleurs en dehors de l&rsquo;Espace \u00e9conomique europ\u00e9en.  <\/p>\n<p>Nous avons configur\u00e9 Google Analytics de mani\u00e8re \u00e0 anonymiser votre adresse IP d\u00e8s que possible et nous n&rsquo;autorisons pas Google \u00e0 utiliser les donn\u00e9es d&rsquo;analyse \u00e0 ses propres fins ou \u00e0 les partager avec des tiers, sauf si la loi l&rsquo;exige. Vous pouvez d\u00e9sactiver les cookies de Google Analytics en r\u00e9glant les param\u00e8tres de votre navigateur ou en utilisant le <a href=\"https:\/\/tools.google.com\/dlpage\/gaoptout\">module compl\u00e9mentaire de d\u00e9sactivation de<\/a> Google. <\/p>\n<hr>\n<h3>Contenu int\u00e9gr\u00e9 d&rsquo;autres sites web<\/h3>\n<p>Les articles ou les pages de ce site peuvent contenir du contenu int\u00e9gr\u00e9 (par exemple, des vid\u00e9os, des images, des articles, etc.). Le contenu int\u00e9gr\u00e9 provenant d&rsquo;autres sites web se comporte exactement de la m\u00eame mani\u00e8re que si vous visitiez directement l&rsquo;autre site web. <\/p>\n<p>Ces sites web externes peuvent collecter des donn\u00e9es vous concernant, utiliser des cookies, int\u00e9grer un suivi suppl\u00e9mentaire par des tiers et surveiller votre interaction avec le contenu qu&rsquo;ils int\u00e8grent.<\/p>\n<hr>\n<h3>Avec qui partageons-nous vos donn\u00e9es ?<\/h3>\n<p>Nous ne partageons pas vos donn\u00e9es personnelles avec des tiers, sauf si la loi l&rsquo;exige ou si cela est n\u00e9cessaire pour fournir et am\u00e9liorer notre site web et nos services (par exemple, avec des fournisseurs d&rsquo;analyse ou d&rsquo;h\u00e9bergement dans le cadre d&rsquo;accords de confidentialit\u00e9 stricts).<\/p>\n<hr>\n<h3>Dur\u00e9e de conservation de vos donn\u00e9es<\/h3>\n<p>Si vous nous contactez par l&rsquo;interm\u00e9diaire de notre site web, nous conservons votre communication et toutes les donn\u00e9es qui s&rsquo;y rapportent aussi longtemps que n\u00e9cessaire pour fournir un service continu et respecter les obligations l\u00e9gales.<\/p>\n<hr>\n<h3>Quels sont vos droits sur vos donn\u00e9es ?<\/h3>\n<p>Vous avez le droit de demander l&rsquo;acc\u00e8s, la rectification ou la suppression des donn\u00e9es \u00e0 caract\u00e8re personnel vous concernant que nous d\u00e9tenons. Vous pouvez \u00e9galement nous demander de restreindre ou d&rsquo;arr\u00eater le traitement de vos donn\u00e9es personnelles, ou demander une copie de vos donn\u00e9es. Ce droit ne s&rsquo;applique pas aux donn\u00e9es que nous sommes tenus de conserver \u00e0 des fins administratives, juridiques ou de s\u00e9curit\u00e9.  <\/p>\n<hr>\n<h3>O\u00f9 vos donn\u00e9es sont-elles envoy\u00e9es ?<\/h3>\n<p>Les donn\u00e9es analytiques peuvent \u00eatre trait\u00e9es par des services tiers tels que Google Analytics, et vos donn\u00e9es peuvent \u00eatre transf\u00e9r\u00e9es et stock\u00e9es en toute s\u00e9curit\u00e9 en dehors de l&rsquo;Espace \u00e9conomique europ\u00e9en lorsque les garanties n\u00e9cessaires sont en place.<\/p>\n<hr>\n<p>Si vous avez des questions ou des inqui\u00e9tudes concernant cette politique de confidentialit\u00e9 ou la mani\u00e8re dont vos donn\u00e9es sont trait\u00e9es, veuillez nous contacter \u00e0 l&rsquo;adresse suivante : <a href=\"mailto:info@swissvitalityclinics.com\">info@swissvitalityclinics.com<\/a><\/p>\n<hr>\n<p>\u00a9 2025 Swiss Vitality Clinics<\/p>\t\t\t\t\t\t\t\t<\/div>\n\t\t\t\t<\/div>\n\t\t\t\t\t<\/div>\n\t\t\t\t<\/div>\n\t\t\t\t<\/div>\n\t\t","protected":false},"excerpt":{"rendered":"<p>Politique de confidentialit\u00e9 Qui sommes-nous ? L&rsquo;adresse de notre site web est la suivante : https:\/\/swissvitalityclinics.com. Les m\u00e9dias Si vous t\u00e9l\u00e9chargez des images sur le site web, \u00e9vitez de t\u00e9l\u00e9charger des images contenant des donn\u00e9es de localisation (EXIF GPS). Les visiteurs du site web peuvent t\u00e9l\u00e9charger et extraire n&rsquo;importe quelle donn\u00e9e de localisation \u00e0 partir [&hellip;]<\/p>\n","protected":false},"author":1,"featured_media":0,"parent":0,"menu_order":0,"comment_status":"closed","ping_status":"open","template":"","meta":{"_acf_changed":false,"footnotes":""},"class_list":["post-3117","page","type-page","status-publish","hentry"],"acf":[],"yoast_head":"<!-- This site is optimized with the Yoast SEO plugin v26.2 - https:\/\/yoast.com\/wordpress\/plugins\/seo\/ -->\n<title>Politique de confidentialit\u00e9 - Swiss Vitality Clinics<\/title>\n<meta name=\"description\" content=\"Politique de confidentialit\u00e9 Qui sommes-nous ? L&#039;adresse de notre site web est la suivante : https:\/\/swissvitalityclinics.com. Les m\u00e9dias Si vous\" \/>\n<meta name=\"robots\" content=\"noindex, follow\" \/>\n<meta property=\"og:locale\" content=\"fr_FR\" \/>\n<meta property=\"og:type\" content=\"article\" \/>\n<meta property=\"og:title\" content=\"Politique de confidentialit\u00e9 - Swiss Vitality Clinics\" \/>\n<meta property=\"og:description\" content=\"Politique de confidentialit\u00e9 Qui sommes-nous ? L&#039;adresse de notre site web est la suivante : https:\/\/swissvitalityclinics.com. Les m\u00e9dias Si vous\" \/>\n<meta property=\"og:url\" content=\"https:\/\/swissvitalityclinics.com\/fr\/politique-de-confidentialite\/\" \/>\n<meta property=\"og:site_name\" content=\"Swiss Vitality Clinics\" \/>\n<meta property=\"article:modified_time\" content=\"2025-04-17T09:39:52+00:00\" \/>\n<meta name=\"twitter:card\" content=\"summary_large_image\" \/>\n<meta name=\"twitter:label1\" content=\"Dur\u00e9e de lecture estim\u00e9e\" \/>\n\t<meta name=\"twitter:data1\" content=\"3 minutes\" \/>\n<script type=\"application\/ld+json\" class=\"yoast-schema-graph\">{\"@context\":\"https:\/\/schema.org\",\"@graph\":[{\"@type\":\"WebPage\",\"@id\":\"https:\/\/swissvitalityclinics.com\/fr\/politique-de-confidentialite\/\",\"url\":\"https:\/\/swissvitalityclinics.com\/fr\/politique-de-confidentialite\/\",\"name\":\"Politique de confidentialit\u00e9 - Swiss Vitality Clinics\",\"isPartOf\":{\"@id\":\"https:\/\/swissvitalityclinics.com\/fr\/#website\"},\"datePublished\":\"2024-02-05T10:57:07+00:00\",\"dateModified\":\"2025-04-17T09:39:52+00:00\",\"description\":\"Politique de confidentialit\u00e9 Qui sommes-nous ? L'adresse de notre site web est la suivante : https:\/\/swissvitalityclinics.com. Les m\u00e9dias Si vous\",\"breadcrumb\":{\"@id\":\"https:\/\/swissvitalityclinics.com\/fr\/politique-de-confidentialite\/#breadcrumb\"},\"inLanguage\":\"fr-FR\",\"potentialAction\":[{\"@type\":\"ReadAction\",\"target\":[\"https:\/\/swissvitalityclinics.com\/fr\/politique-de-confidentialite\/\"]}]},{\"@type\":\"BreadcrumbList\",\"@id\":\"https:\/\/swissvitalityclinics.com\/fr\/politique-de-confidentialite\/#breadcrumb\",\"itemListElement\":[{\"@type\":\"ListItem\",\"position\":1,\"name\":\"Home\",\"item\":\"https:\/\/swissvitalityclinics.com\/fr\/accueil\/\"},{\"@type\":\"ListItem\",\"position\":2,\"name\":\"Politique de confidentialit\u00e9\"}]},{\"@type\":\"WebSite\",\"@id\":\"https:\/\/swissvitalityclinics.com\/fr\/#website\",\"url\":\"https:\/\/swissvitalityclinics.com\/fr\/\",\"name\":\"Swiss Vitality Clinics\",\"description\":\"Epigenetics, Inuspherese, Nano Therapy\",\"publisher\":{\"@id\":\"https:\/\/swissvitalityclinics.com\/fr\/#organization\"},\"potentialAction\":[{\"@type\":\"SearchAction\",\"target\":{\"@type\":\"EntryPoint\",\"urlTemplate\":\"https:\/\/swissvitalityclinics.com\/fr\/?s={search_term_string}\"},\"query-input\":{\"@type\":\"PropertyValueSpecification\",\"valueRequired\":true,\"valueName\":\"search_term_string\"}}],\"inLanguage\":\"fr-FR\"},{\"@type\":\"Organization\",\"@id\":\"https:\/\/swissvitalityclinics.com\/fr\/#organization\",\"name\":\"Swiss Vitality Clinics\",\"url\":\"https:\/\/swissvitalityclinics.com\/fr\/\",\"logo\":{\"@type\":\"ImageObject\",\"inLanguage\":\"fr-FR\",\"@id\":\"https:\/\/swissvitalityclinics.com\/fr\/#\/schema\/logo\/image\/\",\"url\":\"https:\/\/swissvitalityclinics.com\/wp-content\/uploads\/2024\/02\/Swiss-Vitality-Clinics-Logo-002-02-3000px.png\",\"contentUrl\":\"https:\/\/swissvitalityclinics.com\/wp-content\/uploads\/2024\/02\/Swiss-Vitality-Clinics-Logo-002-02-3000px.png\",\"width\":3000,\"height\":542,\"caption\":\"Swiss Vitality Clinics\"},\"image\":{\"@id\":\"https:\/\/swissvitalityclinics.com\/fr\/#\/schema\/logo\/image\/\"}}]}<\/script>\n<!-- \/ Yoast SEO plugin. -->","yoast_head_json":{"title":"Politique de confidentialit\u00e9 - Swiss Vitality Clinics","description":"Politique de confidentialit\u00e9 Qui sommes-nous ? L'adresse de notre site web est la suivante : https:\/\/swissvitalityclinics.com. Les m\u00e9dias Si vous","robots":{"index":"noindex","follow":"follow"},"og_locale":"fr_FR","og_type":"article","og_title":"Politique de confidentialit\u00e9 - Swiss Vitality Clinics","og_description":"Politique de confidentialit\u00e9 Qui sommes-nous ? L'adresse de notre site web est la suivante : https:\/\/swissvitalityclinics.com. Les m\u00e9dias Si vous","og_url":"https:\/\/swissvitalityclinics.com\/fr\/politique-de-confidentialite\/","og_site_name":"Swiss Vitality Clinics","article_modified_time":"2025-04-17T09:39:52+00:00","twitter_card":"summary_large_image","twitter_misc":{"Dur\u00e9e de lecture estim\u00e9e":"3 minutes"},"schema":{"@context":"https:\/\/schema.org","@graph":[{"@type":"WebPage","@id":"https:\/\/swissvitalityclinics.com\/fr\/politique-de-confidentialite\/","url":"https:\/\/swissvitalityclinics.com\/fr\/politique-de-confidentialite\/","name":"Politique de confidentialit\u00e9 - Swiss Vitality Clinics","isPartOf":{"@id":"https:\/\/swissvitalityclinics.com\/fr\/#website"},"datePublished":"2024-02-05T10:57:07+00:00","dateModified":"2025-04-17T09:39:52+00:00","description":"Politique de confidentialit\u00e9 Qui sommes-nous ? L'adresse de notre site web est la suivante : https:\/\/swissvitalityclinics.com. Les m\u00e9dias Si vous","breadcrumb":{"@id":"https:\/\/swissvitalityclinics.com\/fr\/politique-de-confidentialite\/#breadcrumb"},"inLanguage":"fr-FR","potentialAction":[{"@type":"ReadAction","target":["https:\/\/swissvitalityclinics.com\/fr\/politique-de-confidentialite\/"]}]},{"@type":"BreadcrumbList","@id":"https:\/\/swissvitalityclinics.com\/fr\/politique-de-confidentialite\/#breadcrumb","itemListElement":[{"@type":"ListItem","position":1,"name":"Home","item":"https:\/\/swissvitalityclinics.com\/fr\/accueil\/"},{"@type":"ListItem","position":2,"name":"Politique de confidentialit\u00e9"}]},{"@type":"WebSite","@id":"https:\/\/swissvitalityclinics.com\/fr\/#website","url":"https:\/\/swissvitalityclinics.com\/fr\/","name":"Swiss Vitality Clinics","description":"Epigenetics, Inuspherese, Nano Therapy","publisher":{"@id":"https:\/\/swissvitalityclinics.com\/fr\/#organization"},"potentialAction":[{"@type":"SearchAction","target":{"@type":"EntryPoint","urlTemplate":"https:\/\/swissvitalityclinics.com\/fr\/?s={search_term_string}"},"query-input":{"@type":"PropertyValueSpecification","valueRequired":true,"valueName":"search_term_string"}}],"inLanguage":"fr-FR"},{"@type":"Organization","@id":"https:\/\/swissvitalityclinics.com\/fr\/#organization","name":"Swiss Vitality Clinics","url":"https:\/\/swissvitalityclinics.com\/fr\/","logo":{"@type":"ImageObject","inLanguage":"fr-FR","@id":"https:\/\/swissvitalityclinics.com\/fr\/#\/schema\/logo\/image\/","url":"https:\/\/swissvitalityclinics.com\/wp-content\/uploads\/2024\/02\/Swiss-Vitality-Clinics-Logo-002-02-3000px.png","contentUrl":"https:\/\/swissvitalityclinics.com\/wp-content\/uploads\/2024\/02\/Swiss-Vitality-Clinics-Logo-002-02-3000px.png","width":3000,"height":542,"caption":"Swiss Vitality Clinics"},"image":{"@id":"https:\/\/swissvitalityclinics.com\/fr\/#\/schema\/logo\/image\/"}}]}},"_links":{"self":[{"href":"https:\/\/swissvitalityclinics.com\/fr\/wp-json\/wp\/v2\/pages\/3117","targetHints":{"allow":["GET"]}}],"collection":[{"href":"https:\/\/swissvitalityclinics.com\/fr\/wp-json\/wp\/v2\/pages"}],"about":[{"href":"https:\/\/swissvitalityclinics.com\/fr\/wp-json\/wp\/v2\/types\/page"}],"author":[{"embeddable":true,"href":"https:\/\/swissvitalityclinics.com\/fr\/wp-json\/wp\/v2\/users\/1"}],"replies":[{"embeddable":true,"href":"https:\/\/swissvitalityclinics.com\/fr\/wp-json\/wp\/v2\/comments?post=3117"}],"version-history":[{"count":2,"href":"https:\/\/swissvitalityclinics.com\/fr\/wp-json\/wp\/v2\/pages\/3117\/revisions"}],"predecessor-version":[{"id":5459,"href":"https:\/\/swissvitalityclinics.com\/fr\/wp-json\/wp\/v2\/pages\/3117\/revisions\/5459"}],"wp:attachment":[{"href":"https:\/\/swissvitalityclinics.com\/fr\/wp-json\/wp\/v2\/media?parent=3117"}],"curies":[{"name":"wp","href":"https:\/\/api.w.org\/{rel}","templated":true}]}}