{"id":3519,"date":"2024-02-09T14:28:15","date_gmt":"2024-02-09T14:28:15","guid":{"rendered":"https:\/\/swissvitalityclinics.com\/product\/biorithm-en-anglais\/"},"modified":"2024-06-27T14:44:00","modified_gmt":"2024-06-27T14:44:00","slug":"BioRisk-en-anglais","status":"publish","type":"product","link":"https:\/\/swissvitalityclinics.com\/fr\/produit\/BioRisk-en-anglais\/","title":{"rendered":"BioRisk\u00ae (en anglais)"},"content":{"rendered":"<p><strong>D\u00e9verrouillez votre empreinte g\u00e9n\u00e9tique : BioRisk\u00ae DNA Profiling &#8211; Your Personalized Roadmap to Health (Profil d&rsquo;ADN BioRisk\u00ae &#8211; Votre feuille de route personnalis\u00e9e pour la sant\u00e9).<\/strong><\/p>\n<p data-sourcepos=\"29:1-29:232\">Vos g\u00e8nes sont la cl\u00e9 qui vous permet de comprendre votre potentiel de sant\u00e9 unique. Le profilage ADN BioRisk\u00ae d\u00e9bloque ce code, en analysant des milliers de marqueurs g\u00e9n\u00e9tiques pour r\u00e9v\u00e9ler les risques potentiels de divers probl\u00e8mes de sant\u00e9.<\/p>\n<p data-sourcepos=\"31:1-31:249\">Ces donn\u00e9es personnalis\u00e9es vous permettent, ainsi qu&rsquo;\u00e0 votre professionnel de la sant\u00e9, de cr\u00e9er un plan proactif. BioRisk\u00ae ne se contente pas d&rsquo;identifier les risques ; il met \u00e9galement en \u00e9vidence les atouts g\u00e9n\u00e9tiques dont vous pouvez tirer parti pour optimiser votre sant\u00e9, votre alimentation et vos choix de mode de vie.<\/p>\n<p data-sourcepos=\"31:1-31:249\"><strong>Comment cela fonctionne-t-il ?<\/strong><\/p>\n<div class=\"page\" title=\"Page 5\">\n<div class=\"section\">\n<div class=\"layoutArea\">\n<div class=\"column\">\n<p>\u00c0 partir d&rsquo;un \u00e9chantillon de salvia, l&rsquo;algorithme calcule un profil de risque. Les r\u00e9sultats sont t\u00e9l\u00e9charg\u00e9s via un code personnel sur l&rsquo;application du patient. Le laboratoire ne conna\u00eet aucune donn\u00e9e personnelle. Chaque patient peut t\u00e9l\u00e9charger son profil de risque personnel sur le portail du partenaire de la clinique Swiss Vitality. D\u00e9sormais, le protocole personnalis\u00e9 du BioRegulator est r\u00e9alis\u00e9 par la Clinique.<\/p>\n<p><strong>Con\u00e7u pour la protection de la vie priv\u00e9e<\/strong><\/p>\n<\/div>\n<p>Le laboratoire maintient une stricte confidentialit\u00e9 et ne poss\u00e8de aucune donn\u00e9e personnelle. Les patients ont la possibilit\u00e9 de t\u00e9l\u00e9charger anonymement leur profil de risque personnel sur le portail du partenaire de la clinique Swiss Vitality. Ensuite, un protocole BioRegulators personnalis\u00e9 est m\u00e9ticuleusement \u00e9labor\u00e9 par Swiss Vitality Clinics, garantissant une approche sur mesure du parcours de bien-\u00eatre de chaque patient.<\/p>\n<p>&nbsp;<\/p>\n<p>&nbsp;<\/p>\n<\/div>\n<\/div>\n<\/div>\n","protected":false},"excerpt":{"rendered":"<p data-sourcepos=\"27:1-27:194\">D\u00e9couvrez vos pr\u00e9dispositions g\u00e9n\u00e9tiques uniques gr\u00e2ce au profilage ADN BioRisk\u00ae. Obtenez des informations pour personnaliser vos soins de sant\u00e9, pr\u00e9venir les risques futurs et optimiser votre bien-\u00eatre.<\/p>\n","protected":false},"featured_media":3520,"comment_status":"open","ping_status":"closed","template":"","meta":{"_acf_changed":false},"product_brand":[],"product_cat":[78],"product_tag":[],"class_list":{"0":"post-3519","1":"product","2":"type-product","3":"status-publish","4":"has-post-thumbnail","6":"product_cat-analyse-fr","8":"first","9":"instock","10":"shipping-taxable","11":"product-type-simple"},"acf":[],"yoast_head":"<!-- This site is optimized with the Yoast SEO plugin v26.2 - https:\/\/yoast.com\/wordpress\/plugins\/seo\/ -->\n<title>BioRisk\u00ae (en anglais) - Swiss Vitality Clinics<\/title>\n<meta name=\"robots\" content=\"index, follow, max-snippet:-1, max-image-preview:large, max-video-preview:-1\" \/>\n<link rel=\"canonical\" href=\"https:\/\/swissvitalityclinics.com\/fr\/produit\/BioRisk-en-anglais\/\" \/>\n<meta property=\"og:locale\" content=\"fr_FR\" \/>\n<meta property=\"og:type\" content=\"article\" \/>\n<meta property=\"og:title\" content=\"BioRisk\u00ae (en anglais) - Swiss Vitality Clinics\" \/>\n<meta property=\"og:description\" content=\"D\u00e9couvrez vos pr\u00e9dispositions g\u00e9n\u00e9tiques uniques gr\u00e2ce au profilage ADN BioRisk\u00ae. Obtenez des informations pour personnaliser vos soins de sant\u00e9, pr\u00e9venir les risques futurs et optimiser votre bien-\u00eatre.\" \/>\n<meta property=\"og:url\" content=\"https:\/\/swissvitalityclinics.com\/fr\/produit\/BioRisk-en-anglais\/\" \/>\n<meta property=\"og:site_name\" content=\"Swiss Vitality Clinics\" \/>\n<meta property=\"article:modified_time\" content=\"2024-06-27T14:44:00+00:00\" \/>\n<meta property=\"og:image\" content=\"https:\/\/swissvitalityclinics.com\/wp-content\/uploads\/2024\/02\/DNA.jpeg\" \/>\n\t<meta property=\"og:image:width\" content=\"1756\" \/>\n\t<meta property=\"og:image:height\" content=\"742\" \/>\n\t<meta property=\"og:image:type\" content=\"image\/jpeg\" \/>\n<meta name=\"twitter:card\" content=\"summary_large_image\" \/>\n<meta name=\"twitter:label1\" content=\"Dur\u00e9e de lecture estim\u00e9e\" \/>\n\t<meta name=\"twitter:data1\" content=\"1 minute\" \/>\n<script type=\"application\/ld+json\" class=\"yoast-schema-graph\">{\"@context\":\"https:\/\/schema.org\",\"@graph\":[{\"@type\":\"WebPage\",\"@id\":\"https:\/\/swissvitalityclinics.com\/fr\/produit\/BioRisk-en-anglais\/\",\"url\":\"https:\/\/swissvitalityclinics.com\/fr\/produit\/BioRisk-en-anglais\/\",\"name\":\"BioRisk\u00ae (en anglais) - Swiss Vitality Clinics\",\"isPartOf\":{\"@id\":\"https:\/\/swissvitalityclinics.com\/fr\/#website\"},\"primaryImageOfPage\":{\"@id\":\"https:\/\/swissvitalityclinics.com\/fr\/produit\/BioRisk-en-anglais\/#primaryimage\"},\"image\":{\"@id\":\"https:\/\/swissvitalityclinics.com\/fr\/produit\/BioRisk-en-anglais\/#primaryimage\"},\"thumbnailUrl\":\"https:\/\/swissvitalityclinics.com\/wp-content\/uploads\/2024\/02\/DNA.jpeg\",\"datePublished\":\"2024-02-09T14:28:15+00:00\",\"dateModified\":\"2024-06-27T14:44:00+00:00\",\"breadcrumb\":{\"@id\":\"https:\/\/swissvitalityclinics.com\/fr\/produit\/BioRisk-en-anglais\/#breadcrumb\"},\"inLanguage\":\"fr-FR\",\"potentialAction\":[{\"@type\":\"ReadAction\",\"target\":[\"https:\/\/swissvitalityclinics.com\/fr\/produit\/BioRisk-en-anglais\/\"]}]},{\"@type\":\"ImageObject\",\"inLanguage\":\"fr-FR\",\"@id\":\"https:\/\/swissvitalityclinics.com\/fr\/produit\/BioRisk-en-anglais\/#primaryimage\",\"url\":\"https:\/\/swissvitalityclinics.com\/wp-content\/uploads\/2024\/02\/DNA.jpeg\",\"contentUrl\":\"https:\/\/swissvitalityclinics.com\/wp-content\/uploads\/2024\/02\/DNA.jpeg\",\"width\":1756,\"height\":742,\"caption\":\"ADN. Image originale du domaine public de Wikimedia Commons\"},{\"@type\":\"BreadcrumbList\",\"@id\":\"https:\/\/swissvitalityclinics.com\/fr\/produit\/BioRisk-en-anglais\/#breadcrumb\",\"itemListElement\":[{\"@type\":\"ListItem\",\"position\":1,\"name\":\"Home\",\"item\":\"https:\/\/swissvitalityclinics.com\/fr\/accueil\/\"},{\"@type\":\"ListItem\",\"position\":2,\"name\":\"Boutique\",\"item\":\"https:\/\/swissvitalityclinics.com\/fr\/boutique\/\"},{\"@type\":\"ListItem\",\"position\":3,\"name\":\"BioRisk\u00ae (en anglais)\"}]},{\"@type\":\"WebSite\",\"@id\":\"https:\/\/swissvitalityclinics.com\/fr\/#website\",\"url\":\"https:\/\/swissvitalityclinics.com\/fr\/\",\"name\":\"Swiss Vitality Clinics\",\"description\":\"Epigenetics, Inuspherese, Nano Therapy\",\"publisher\":{\"@id\":\"https:\/\/swissvitalityclinics.com\/fr\/#organization\"},\"potentialAction\":[{\"@type\":\"SearchAction\",\"target\":{\"@type\":\"EntryPoint\",\"urlTemplate\":\"https:\/\/swissvitalityclinics.com\/fr\/?s={search_term_string}\"},\"query-input\":{\"@type\":\"PropertyValueSpecification\",\"valueRequired\":true,\"valueName\":\"search_term_string\"}}],\"inLanguage\":\"fr-FR\"},{\"@type\":\"Organization\",\"@id\":\"https:\/\/swissvitalityclinics.com\/fr\/#organization\",\"name\":\"Swiss Vitality Clinics\",\"url\":\"https:\/\/swissvitalityclinics.com\/fr\/\",\"logo\":{\"@type\":\"ImageObject\",\"inLanguage\":\"fr-FR\",\"@id\":\"https:\/\/swissvitalityclinics.com\/fr\/#\/schema\/logo\/image\/\",\"url\":\"https:\/\/swissvitalityclinics.com\/wp-content\/uploads\/2024\/02\/Swiss-Vitality-Clinics-Logo-002-02-3000px.png\",\"contentUrl\":\"https:\/\/swissvitalityclinics.com\/wp-content\/uploads\/2024\/02\/Swiss-Vitality-Clinics-Logo-002-02-3000px.png\",\"width\":3000,\"height\":542,\"caption\":\"Swiss Vitality Clinics\"},\"image\":{\"@id\":\"https:\/\/swissvitalityclinics.com\/fr\/#\/schema\/logo\/image\/\"}}]}<\/script>\n<!-- \/ Yoast SEO plugin. -->","yoast_head_json":{"title":"BioRisk\u00ae (en anglais) - Swiss Vitality Clinics","robots":{"index":"index","follow":"follow","max-snippet":"max-snippet:-1","max-image-preview":"max-image-preview:large","max-video-preview":"max-video-preview:-1"},"canonical":"https:\/\/swissvitalityclinics.com\/fr\/produit\/BioRisk-en-anglais\/","og_locale":"fr_FR","og_type":"article","og_title":"BioRisk\u00ae (en anglais) - Swiss Vitality Clinics","og_description":"D\u00e9couvrez vos pr\u00e9dispositions g\u00e9n\u00e9tiques uniques gr\u00e2ce au profilage ADN BioRisk\u00ae. Obtenez des informations pour personnaliser vos soins de sant\u00e9, pr\u00e9venir les risques futurs et optimiser votre bien-\u00eatre.","og_url":"https:\/\/swissvitalityclinics.com\/fr\/produit\/BioRisk-en-anglais\/","og_site_name":"Swiss Vitality Clinics","article_modified_time":"2024-06-27T14:44:00+00:00","og_image":[{"width":1756,"height":742,"url":"https:\/\/swissvitalityclinics.com\/wp-content\/uploads\/2024\/02\/DNA.jpeg","type":"image\/jpeg"}],"twitter_card":"summary_large_image","twitter_misc":{"Dur\u00e9e de lecture estim\u00e9e":"1 minute"},"schema":{"@context":"https:\/\/schema.org","@graph":[{"@type":"WebPage","@id":"https:\/\/swissvitalityclinics.com\/fr\/produit\/BioRisk-en-anglais\/","url":"https:\/\/swissvitalityclinics.com\/fr\/produit\/BioRisk-en-anglais\/","name":"BioRisk\u00ae (en anglais) - Swiss Vitality Clinics","isPartOf":{"@id":"https:\/\/swissvitalityclinics.com\/fr\/#website"},"primaryImageOfPage":{"@id":"https:\/\/swissvitalityclinics.com\/fr\/produit\/BioRisk-en-anglais\/#primaryimage"},"image":{"@id":"https:\/\/swissvitalityclinics.com\/fr\/produit\/BioRisk-en-anglais\/#primaryimage"},"thumbnailUrl":"https:\/\/swissvitalityclinics.com\/wp-content\/uploads\/2024\/02\/DNA.jpeg","datePublished":"2024-02-09T14:28:15+00:00","dateModified":"2024-06-27T14:44:00+00:00","breadcrumb":{"@id":"https:\/\/swissvitalityclinics.com\/fr\/produit\/BioRisk-en-anglais\/#breadcrumb"},"inLanguage":"fr-FR","potentialAction":[{"@type":"ReadAction","target":["https:\/\/swissvitalityclinics.com\/fr\/produit\/BioRisk-en-anglais\/"]}]},{"@type":"ImageObject","inLanguage":"fr-FR","@id":"https:\/\/swissvitalityclinics.com\/fr\/produit\/BioRisk-en-anglais\/#primaryimage","url":"https:\/\/swissvitalityclinics.com\/wp-content\/uploads\/2024\/02\/DNA.jpeg","contentUrl":"https:\/\/swissvitalityclinics.com\/wp-content\/uploads\/2024\/02\/DNA.jpeg","width":1756,"height":742,"caption":"ADN. Image originale du domaine public de Wikimedia Commons"},{"@type":"BreadcrumbList","@id":"https:\/\/swissvitalityclinics.com\/fr\/produit\/BioRisk-en-anglais\/#breadcrumb","itemListElement":[{"@type":"ListItem","position":1,"name":"Home","item":"https:\/\/swissvitalityclinics.com\/fr\/accueil\/"},{"@type":"ListItem","position":2,"name":"Boutique","item":"https:\/\/swissvitalityclinics.com\/fr\/boutique\/"},{"@type":"ListItem","position":3,"name":"BioRisk\u00ae (en anglais)"}]},{"@type":"WebSite","@id":"https:\/\/swissvitalityclinics.com\/fr\/#website","url":"https:\/\/swissvitalityclinics.com\/fr\/","name":"Swiss Vitality Clinics","description":"Epigenetics, Inuspherese, Nano Therapy","publisher":{"@id":"https:\/\/swissvitalityclinics.com\/fr\/#organization"},"potentialAction":[{"@type":"SearchAction","target":{"@type":"EntryPoint","urlTemplate":"https:\/\/swissvitalityclinics.com\/fr\/?s={search_term_string}"},"query-input":{"@type":"PropertyValueSpecification","valueRequired":true,"valueName":"search_term_string"}}],"inLanguage":"fr-FR"},{"@type":"Organization","@id":"https:\/\/swissvitalityclinics.com\/fr\/#organization","name":"Swiss Vitality Clinics","url":"https:\/\/swissvitalityclinics.com\/fr\/","logo":{"@type":"ImageObject","inLanguage":"fr-FR","@id":"https:\/\/swissvitalityclinics.com\/fr\/#\/schema\/logo\/image\/","url":"https:\/\/swissvitalityclinics.com\/wp-content\/uploads\/2024\/02\/Swiss-Vitality-Clinics-Logo-002-02-3000px.png","contentUrl":"https:\/\/swissvitalityclinics.com\/wp-content\/uploads\/2024\/02\/Swiss-Vitality-Clinics-Logo-002-02-3000px.png","width":3000,"height":542,"caption":"Swiss Vitality Clinics"},"image":{"@id":"https:\/\/swissvitalityclinics.com\/fr\/#\/schema\/logo\/image\/"}}]}},"_links":{"self":[{"href":"https:\/\/swissvitalityclinics.com\/fr\/wp-json\/wp\/v2\/product\/3519","targetHints":{"allow":["GET"]}}],"collection":[{"href":"https:\/\/swissvitalityclinics.com\/fr\/wp-json\/wp\/v2\/product"}],"about":[{"href":"https:\/\/swissvitalityclinics.com\/fr\/wp-json\/wp\/v2\/types\/product"}],"replies":[{"embeddable":true,"href":"https:\/\/swissvitalityclinics.com\/fr\/wp-json\/wp\/v2\/comments?post=3519"}],"wp:featuredmedia":[{"embeddable":true,"href":"https:\/\/swissvitalityclinics.com\/fr\/wp-json\/wp\/v2\/media\/3520"}],"wp:attachment":[{"href":"https:\/\/swissvitalityclinics.com\/fr\/wp-json\/wp\/v2\/media?parent=3519"}],"wp:term":[{"taxonomy":"product_brand","embeddable":true,"href":"https:\/\/swissvitalityclinics.com\/fr\/wp-json\/wp\/v2\/product_brand?post=3519"},{"taxonomy":"product_cat","embeddable":true,"href":"https:\/\/swissvitalityclinics.com\/fr\/wp-json\/wp\/v2\/product_cat?post=3519"},{"taxonomy":"product_tag","embeddable":true,"href":"https:\/\/swissvitalityclinics.com\/fr\/wp-json\/wp\/v2\/product_tag?post=3519"}],"curies":[{"name":"wp","href":"https:\/\/api.w.org\/{rel}","templated":true}]}}