{"id":3526,"date":"2024-02-09T14:28:22","date_gmt":"2024-02-09T14:28:22","guid":{"rendered":"https:\/\/swissvitalityclinics.com\/product\/bioclock\/"},"modified":"2024-06-27T14:43:53","modified_gmt":"2024-06-27T14:43:53","slug":"bioclock","status":"publish","type":"product","link":"https:\/\/swissvitalityclinics.com\/fr\/produit\/bioclock\/","title":{"rendered":"BioClock"},"content":{"rendered":"<p data-sourcepos=\"15:1-15:66\"><strong>D\u00e9codez votre horloge biologique : Test \u00e9pig\u00e9n\u00e9tique BioClock\u00ae &#8211; Votre cl\u00e9 pour une sant\u00e9 optimale.<\/strong><\/p>\n<p data-sourcepos=\"19:1-19:305\">Au-del\u00e0 des g\u00e8nes, il y a le langage cach\u00e9 de l&rsquo;\u00e9pig\u00e9n\u00e9tique, c&rsquo;est-\u00e0-dire la fa\u00e7on dont votre environnement et votre mode de vie fa\u00e7onnent votre biologie. BioClock\u00ae d\u00e9bloque ce langage gr\u00e2ce \u00e0 un test \u00e9pig\u00e9n\u00e9tique, r\u00e9v\u00e9lant votre \u00e2ge biologique, reflet plus pr\u00e9cis de votre sant\u00e9 cellulaire par rapport \u00e0 l&rsquo;\u00e2ge chronologique.<\/p>\n<p data-sourcepos=\"21:1-21:295\">BioClock\u00ae analyse des marqueurs \u00e9pig\u00e9n\u00e9tiques sp\u00e9cifiques, fournissant des informations pr\u00e9cieuses dans des domaines tels que l&rsquo;inflammation, la r\u00e9paration cellulaire et la fonction m\u00e9tabolique. Ces donn\u00e9es personnalis\u00e9es vous permettent de faire des choix \u00e9clair\u00e9s, d&rsquo;optimiser votre mode de vie et de soutenir de mani\u00e8re proactive votre sant\u00e9 et votre bien-\u00eatre \u00e0 long terme.<\/p>\n<p data-sourcepos=\"21:1-21:295\"><em>Vos donn\u00e9es seront partag\u00e9es avec tous les laboratoires de mani\u00e8re anonyme. Nous n&rsquo;avons pas non plus acc\u00e8s \u00e0 vos donn\u00e9es, sauf si vous choisissez de les partager avec nous. Ce choix vous appartient enti\u00e8rement.<\/em><\/p>\n","protected":false},"excerpt":{"rendered":"<p>BioClock\u00ae d\u00e9voile votre \u00e2ge biologique, r\u00e9v\u00e9lant l&rsquo;impact du mode de vie et de l&rsquo;environnement sur votre sant\u00e9. Obtenez des informations qui vous permettront d&rsquo;optimiser votre bien-\u00eatre et de lib\u00e9rer tout votre potentiel.<\/p>\n","protected":false},"featured_media":3529,"comment_status":"open","ping_status":"closed","template":"","meta":{"_acf_changed":false},"product_brand":[],"product_cat":[78],"product_tag":[],"class_list":{"0":"post-3526","1":"product","2":"type-product","3":"status-publish","4":"has-post-thumbnail","6":"product_cat-analyse-fr","8":"first","9":"instock","10":"shipping-taxable","11":"product-type-simple"},"acf":[],"yoast_head":"<!-- This site is optimized with the Yoast SEO plugin v26.2 - https:\/\/yoast.com\/wordpress\/plugins\/seo\/ -->\n<title>BioClock - Swiss Vitality Clinics<\/title>\n<meta name=\"robots\" content=\"index, follow, max-snippet:-1, max-image-preview:large, max-video-preview:-1\" \/>\n<link rel=\"canonical\" href=\"https:\/\/swissvitalityclinics.com\/fr\/produit\/bioclock\/\" \/>\n<meta property=\"og:locale\" content=\"fr_FR\" \/>\n<meta property=\"og:type\" content=\"article\" \/>\n<meta property=\"og:title\" content=\"BioClock - Swiss Vitality Clinics\" \/>\n<meta property=\"og:description\" content=\"BioClock\u00ae d\u00e9voile votre \u00e2ge biologique, r\u00e9v\u00e9lant l&#039;impact du mode de vie et de l&#039;environnement sur votre sant\u00e9. Obtenez des informations qui vous permettront d&#039;optimiser votre bien-\u00eatre et de lib\u00e9rer tout votre potentiel.\" \/>\n<meta property=\"og:url\" content=\"https:\/\/swissvitalityclinics.com\/fr\/produit\/bioclock\/\" \/>\n<meta property=\"og:site_name\" content=\"Swiss Vitality Clinics\" \/>\n<meta property=\"article:modified_time\" content=\"2024-06-27T14:43:53+00:00\" \/>\n<meta property=\"og:image\" content=\"https:\/\/swissvitalityclinics.com\/wp-content\/uploads\/2024\/02\/luke-chesser-rCOWMC8qf8A-unsplash-scaled.jpg\" \/>\n\t<meta property=\"og:image:width\" content=\"2560\" \/>\n\t<meta property=\"og:image:height\" content=\"1707\" \/>\n\t<meta property=\"og:image:type\" content=\"image\/jpeg\" \/>\n<meta name=\"twitter:card\" content=\"summary_large_image\" \/>\n<meta name=\"twitter:label1\" content=\"Dur\u00e9e de lecture estim\u00e9e\" \/>\n\t<meta name=\"twitter:data1\" content=\"1 minute\" \/>\n<script type=\"application\/ld+json\" class=\"yoast-schema-graph\">{\"@context\":\"https:\/\/schema.org\",\"@graph\":[{\"@type\":\"WebPage\",\"@id\":\"https:\/\/swissvitalityclinics.com\/fr\/produit\/bioclock\/\",\"url\":\"https:\/\/swissvitalityclinics.com\/fr\/produit\/bioclock\/\",\"name\":\"BioClock - Swiss Vitality Clinics\",\"isPartOf\":{\"@id\":\"https:\/\/swissvitalityclinics.com\/fr\/#website\"},\"primaryImageOfPage\":{\"@id\":\"https:\/\/swissvitalityclinics.com\/fr\/produit\/bioclock\/#primaryimage\"},\"image\":{\"@id\":\"https:\/\/swissvitalityclinics.com\/fr\/produit\/bioclock\/#primaryimage\"},\"thumbnailUrl\":\"https:\/\/swissvitalityclinics.com\/wp-content\/uploads\/2024\/02\/luke-chesser-rCOWMC8qf8A-unsplash-scaled.jpg\",\"datePublished\":\"2024-02-09T14:28:22+00:00\",\"dateModified\":\"2024-06-27T14:43:53+00:00\",\"breadcrumb\":{\"@id\":\"https:\/\/swissvitalityclinics.com\/fr\/produit\/bioclock\/#breadcrumb\"},\"inLanguage\":\"fr-FR\",\"potentialAction\":[{\"@type\":\"ReadAction\",\"target\":[\"https:\/\/swissvitalityclinics.com\/fr\/produit\/bioclock\/\"]}]},{\"@type\":\"ImageObject\",\"inLanguage\":\"fr-FR\",\"@id\":\"https:\/\/swissvitalityclinics.com\/fr\/produit\/bioclock\/#primaryimage\",\"url\":\"https:\/\/swissvitalityclinics.com\/wp-content\/uploads\/2024\/02\/luke-chesser-rCOWMC8qf8A-unsplash-scaled.jpg\",\"contentUrl\":\"https:\/\/swissvitalityclinics.com\/wp-content\/uploads\/2024\/02\/luke-chesser-rCOWMC8qf8A-unsplash-scaled.jpg\",\"width\":2560,\"height\":1707},{\"@type\":\"BreadcrumbList\",\"@id\":\"https:\/\/swissvitalityclinics.com\/fr\/produit\/bioclock\/#breadcrumb\",\"itemListElement\":[{\"@type\":\"ListItem\",\"position\":1,\"name\":\"Home\",\"item\":\"https:\/\/swissvitalityclinics.com\/fr\/accueil\/\"},{\"@type\":\"ListItem\",\"position\":2,\"name\":\"Boutique\",\"item\":\"https:\/\/swissvitalityclinics.com\/fr\/boutique\/\"},{\"@type\":\"ListItem\",\"position\":3,\"name\":\"BioClock\"}]},{\"@type\":\"WebSite\",\"@id\":\"https:\/\/swissvitalityclinics.com\/fr\/#website\",\"url\":\"https:\/\/swissvitalityclinics.com\/fr\/\",\"name\":\"Swiss Vitality Clinics\",\"description\":\"Epigenetics, Inuspherese, Nano Therapy\",\"publisher\":{\"@id\":\"https:\/\/swissvitalityclinics.com\/fr\/#organization\"},\"potentialAction\":[{\"@type\":\"SearchAction\",\"target\":{\"@type\":\"EntryPoint\",\"urlTemplate\":\"https:\/\/swissvitalityclinics.com\/fr\/?s={search_term_string}\"},\"query-input\":{\"@type\":\"PropertyValueSpecification\",\"valueRequired\":true,\"valueName\":\"search_term_string\"}}],\"inLanguage\":\"fr-FR\"},{\"@type\":\"Organization\",\"@id\":\"https:\/\/swissvitalityclinics.com\/fr\/#organization\",\"name\":\"Swiss Vitality Clinics\",\"url\":\"https:\/\/swissvitalityclinics.com\/fr\/\",\"logo\":{\"@type\":\"ImageObject\",\"inLanguage\":\"fr-FR\",\"@id\":\"https:\/\/swissvitalityclinics.com\/fr\/#\/schema\/logo\/image\/\",\"url\":\"https:\/\/swissvitalityclinics.com\/wp-content\/uploads\/2024\/02\/Swiss-Vitality-Clinics-Logo-002-02-3000px.png\",\"contentUrl\":\"https:\/\/swissvitalityclinics.com\/wp-content\/uploads\/2024\/02\/Swiss-Vitality-Clinics-Logo-002-02-3000px.png\",\"width\":3000,\"height\":542,\"caption\":\"Swiss Vitality Clinics\"},\"image\":{\"@id\":\"https:\/\/swissvitalityclinics.com\/fr\/#\/schema\/logo\/image\/\"}}]}<\/script>\n<!-- \/ Yoast SEO plugin. -->","yoast_head_json":{"title":"BioClock - Swiss Vitality Clinics","robots":{"index":"index","follow":"follow","max-snippet":"max-snippet:-1","max-image-preview":"max-image-preview:large","max-video-preview":"max-video-preview:-1"},"canonical":"https:\/\/swissvitalityclinics.com\/fr\/produit\/bioclock\/","og_locale":"fr_FR","og_type":"article","og_title":"BioClock - Swiss Vitality Clinics","og_description":"BioClock\u00ae d\u00e9voile votre \u00e2ge biologique, r\u00e9v\u00e9lant l'impact du mode de vie et de l'environnement sur votre sant\u00e9. Obtenez des informations qui vous permettront d'optimiser votre bien-\u00eatre et de lib\u00e9rer tout votre potentiel.","og_url":"https:\/\/swissvitalityclinics.com\/fr\/produit\/bioclock\/","og_site_name":"Swiss Vitality Clinics","article_modified_time":"2024-06-27T14:43:53+00:00","og_image":[{"width":2560,"height":1707,"url":"https:\/\/swissvitalityclinics.com\/wp-content\/uploads\/2024\/02\/luke-chesser-rCOWMC8qf8A-unsplash-scaled.jpg","type":"image\/jpeg"}],"twitter_card":"summary_large_image","twitter_misc":{"Dur\u00e9e de lecture estim\u00e9e":"1 minute"},"schema":{"@context":"https:\/\/schema.org","@graph":[{"@type":"WebPage","@id":"https:\/\/swissvitalityclinics.com\/fr\/produit\/bioclock\/","url":"https:\/\/swissvitalityclinics.com\/fr\/produit\/bioclock\/","name":"BioClock - Swiss Vitality Clinics","isPartOf":{"@id":"https:\/\/swissvitalityclinics.com\/fr\/#website"},"primaryImageOfPage":{"@id":"https:\/\/swissvitalityclinics.com\/fr\/produit\/bioclock\/#primaryimage"},"image":{"@id":"https:\/\/swissvitalityclinics.com\/fr\/produit\/bioclock\/#primaryimage"},"thumbnailUrl":"https:\/\/swissvitalityclinics.com\/wp-content\/uploads\/2024\/02\/luke-chesser-rCOWMC8qf8A-unsplash-scaled.jpg","datePublished":"2024-02-09T14:28:22+00:00","dateModified":"2024-06-27T14:43:53+00:00","breadcrumb":{"@id":"https:\/\/swissvitalityclinics.com\/fr\/produit\/bioclock\/#breadcrumb"},"inLanguage":"fr-FR","potentialAction":[{"@type":"ReadAction","target":["https:\/\/swissvitalityclinics.com\/fr\/produit\/bioclock\/"]}]},{"@type":"ImageObject","inLanguage":"fr-FR","@id":"https:\/\/swissvitalityclinics.com\/fr\/produit\/bioclock\/#primaryimage","url":"https:\/\/swissvitalityclinics.com\/wp-content\/uploads\/2024\/02\/luke-chesser-rCOWMC8qf8A-unsplash-scaled.jpg","contentUrl":"https:\/\/swissvitalityclinics.com\/wp-content\/uploads\/2024\/02\/luke-chesser-rCOWMC8qf8A-unsplash-scaled.jpg","width":2560,"height":1707},{"@type":"BreadcrumbList","@id":"https:\/\/swissvitalityclinics.com\/fr\/produit\/bioclock\/#breadcrumb","itemListElement":[{"@type":"ListItem","position":1,"name":"Home","item":"https:\/\/swissvitalityclinics.com\/fr\/accueil\/"},{"@type":"ListItem","position":2,"name":"Boutique","item":"https:\/\/swissvitalityclinics.com\/fr\/boutique\/"},{"@type":"ListItem","position":3,"name":"BioClock"}]},{"@type":"WebSite","@id":"https:\/\/swissvitalityclinics.com\/fr\/#website","url":"https:\/\/swissvitalityclinics.com\/fr\/","name":"Swiss Vitality Clinics","description":"Epigenetics, Inuspherese, Nano Therapy","publisher":{"@id":"https:\/\/swissvitalityclinics.com\/fr\/#organization"},"potentialAction":[{"@type":"SearchAction","target":{"@type":"EntryPoint","urlTemplate":"https:\/\/swissvitalityclinics.com\/fr\/?s={search_term_string}"},"query-input":{"@type":"PropertyValueSpecification","valueRequired":true,"valueName":"search_term_string"}}],"inLanguage":"fr-FR"},{"@type":"Organization","@id":"https:\/\/swissvitalityclinics.com\/fr\/#organization","name":"Swiss Vitality Clinics","url":"https:\/\/swissvitalityclinics.com\/fr\/","logo":{"@type":"ImageObject","inLanguage":"fr-FR","@id":"https:\/\/swissvitalityclinics.com\/fr\/#\/schema\/logo\/image\/","url":"https:\/\/swissvitalityclinics.com\/wp-content\/uploads\/2024\/02\/Swiss-Vitality-Clinics-Logo-002-02-3000px.png","contentUrl":"https:\/\/swissvitalityclinics.com\/wp-content\/uploads\/2024\/02\/Swiss-Vitality-Clinics-Logo-002-02-3000px.png","width":3000,"height":542,"caption":"Swiss Vitality Clinics"},"image":{"@id":"https:\/\/swissvitalityclinics.com\/fr\/#\/schema\/logo\/image\/"}}]}},"_links":{"self":[{"href":"https:\/\/swissvitalityclinics.com\/fr\/wp-json\/wp\/v2\/product\/3526","targetHints":{"allow":["GET"]}}],"collection":[{"href":"https:\/\/swissvitalityclinics.com\/fr\/wp-json\/wp\/v2\/product"}],"about":[{"href":"https:\/\/swissvitalityclinics.com\/fr\/wp-json\/wp\/v2\/types\/product"}],"replies":[{"embeddable":true,"href":"https:\/\/swissvitalityclinics.com\/fr\/wp-json\/wp\/v2\/comments?post=3526"}],"wp:featuredmedia":[{"embeddable":true,"href":"https:\/\/swissvitalityclinics.com\/fr\/wp-json\/wp\/v2\/media\/3529"}],"wp:attachment":[{"href":"https:\/\/swissvitalityclinics.com\/fr\/wp-json\/wp\/v2\/media?parent=3526"}],"wp:term":[{"taxonomy":"product_brand","embeddable":true,"href":"https:\/\/swissvitalityclinics.com\/fr\/wp-json\/wp\/v2\/product_brand?post=3526"},{"taxonomy":"product_cat","embeddable":true,"href":"https:\/\/swissvitalityclinics.com\/fr\/wp-json\/wp\/v2\/product_cat?post=3526"},{"taxonomy":"product_tag","embeddable":true,"href":"https:\/\/swissvitalityclinics.com\/fr\/wp-json\/wp\/v2\/product_tag?post=3526"}],"curies":[{"name":"wp","href":"https:\/\/api.w.org\/{rel}","templated":true}]}}