{"id":3765,"date":"2024-03-27T11:10:17","date_gmt":"2024-03-27T11:10:17","guid":{"rendered":"https:\/\/swissvitalityclinics.com\/product\/yeux-b-11\/"},"modified":"2024-06-27T14:42:43","modified_gmt":"2024-06-27T14:42:43","slug":"yeux-b-11","status":"publish","type":"product","link":"https:\/\/swissvitalityclinics.com\/fr\/produit\/yeux-b-11\/","title":{"rendered":"Eyes B-11\u00ae"},"content":{"rendered":"<div class=\"page\" title=\"Page 14\">\n<div class=\"section\">\n<div class=\"layoutArea\">\n<div class=\"column\">\n<p>Eyes B-11\u00ae contribue \u00e0 normaliser la fonction oculaire, \u00e0 pr\u00e9venir le d\u00e9veloppement de processus atrophiques au niveau de la r\u00e9tine, de la corn\u00e9e et du cristallin, et \u00e0 r\u00e9duire \u00e9galement le risque de d\u00e9velopper des conditions pathologiques de l&rsquo;\u0153il. Eyes B-11 est recommand\u00e9 pour la restauration complexe de la fonction de l&rsquo;organe de la vision dans des maladies de gen\u00e8se diverse, notamment les maladies d\u00e9g\u00e9n\u00e9ratives-dystrophiques de la r\u00e9tine, la dystrophie corn\u00e9enne post-traumatique, pour la pr\u00e9vention de la fatigue et de l&rsquo;irritation oculaire lors de l&rsquo;utilisation prolong\u00e9e d&rsquo;un ordinateur et de l&rsquo;action de facteurs environnementaux d\u00e9favorables, notamment industriels, ainsi que pour le vieillissement afin d&rsquo;optimiser la fonction de la vision.<\/p>\n<\/div>\n<\/div>\n<\/div>\n<\/div>\n","protected":false},"excerpt":{"rendered":"<p>Eyes B-11\u00ae contribue \u00e0 normaliser la fonction oculaire, \u00e0 pr\u00e9venir le d\u00e9veloppement de processus atrophiques au niveau de la r\u00e9tine, de la corn\u00e9e et du cristallin, et \u00e0 r\u00e9duire \u00e9galement le risque de d\u00e9velopper des conditions pathologiques de l&rsquo;\u0153il. Eyes B-11 est recommand\u00e9 pour la restauration complexe de la fonction de l&rsquo;organe de la vision [&hellip;]<\/p>\n","protected":false},"featured_media":3766,"comment_status":"open","ping_status":"closed","template":"","meta":{"_acf_changed":false},"product_brand":[],"product_cat":[84],"product_tag":[],"class_list":{"0":"post-3765","1":"product","2":"type-product","3":"status-publish","4":"has-post-thumbnail","6":"product_cat-nano-therapie-fr","8":"first","9":"instock","10":"shipping-taxable","11":"product-type-simple"},"acf":[],"yoast_head":"<!-- This site is optimized with the Yoast SEO plugin v26.2 - https:\/\/yoast.com\/wordpress\/plugins\/seo\/ -->\n<title>Eyes B-11\u00ae - Swiss Vitality Clinics<\/title>\n<meta name=\"robots\" content=\"index, follow, max-snippet:-1, max-image-preview:large, max-video-preview:-1\" \/>\n<link rel=\"canonical\" href=\"https:\/\/swissvitalityclinics.com\/fr\/produit\/yeux-b-11\/\" \/>\n<meta property=\"og:locale\" content=\"fr_FR\" \/>\n<meta property=\"og:type\" content=\"article\" \/>\n<meta property=\"og:title\" content=\"Eyes B-11\u00ae - Swiss Vitality Clinics\" \/>\n<meta property=\"og:description\" content=\"Eyes B-11\u00ae contribue \u00e0 normaliser la fonction oculaire, \u00e0 pr\u00e9venir le d\u00e9veloppement de processus atrophiques au niveau de la r\u00e9tine, de la corn\u00e9e et du cristallin, et \u00e0 r\u00e9duire \u00e9galement le risque de d\u00e9velopper des conditions pathologiques de l&rsquo;\u0153il. Eyes B-11 est recommand\u00e9 pour la restauration complexe de la fonction de l&rsquo;organe de la vision [&hellip;]\" \/>\n<meta property=\"og:url\" content=\"https:\/\/swissvitalityclinics.com\/fr\/produit\/yeux-b-11\/\" \/>\n<meta property=\"og:site_name\" content=\"Swiss Vitality Clinics\" \/>\n<meta property=\"article:modified_time\" content=\"2024-06-27T14:42:43+00:00\" \/>\n<meta property=\"og:image\" content=\"https:\/\/swissvitalityclinics.com\/wp-content\/uploads\/2024\/03\/Screenshot-2024-03-27-at-12.26.08.png\" \/>\n\t<meta property=\"og:image:width\" content=\"1535\" \/>\n\t<meta property=\"og:image:height\" content=\"713\" \/>\n\t<meta property=\"og:image:type\" content=\"image\/png\" \/>\n<meta name=\"twitter:card\" content=\"summary_large_image\" \/>\n<meta name=\"twitter:label1\" content=\"Dur\u00e9e de lecture estim\u00e9e\" \/>\n\t<meta name=\"twitter:data1\" content=\"1 minute\" \/>\n<script type=\"application\/ld+json\" class=\"yoast-schema-graph\">{\"@context\":\"https:\/\/schema.org\",\"@graph\":[{\"@type\":\"WebPage\",\"@id\":\"https:\/\/swissvitalityclinics.com\/fr\/produit\/yeux-b-11\/\",\"url\":\"https:\/\/swissvitalityclinics.com\/fr\/produit\/yeux-b-11\/\",\"name\":\"Eyes B-11\u00ae - Swiss Vitality Clinics\",\"isPartOf\":{\"@id\":\"https:\/\/swissvitalityclinics.com\/fr\/#website\"},\"primaryImageOfPage\":{\"@id\":\"https:\/\/swissvitalityclinics.com\/fr\/produit\/yeux-b-11\/#primaryimage\"},\"image\":{\"@id\":\"https:\/\/swissvitalityclinics.com\/fr\/produit\/yeux-b-11\/#primaryimage\"},\"thumbnailUrl\":\"https:\/\/swissvitalityclinics.com\/wp-content\/uploads\/2024\/03\/Screenshot-2024-03-27-at-12.26.08.png\",\"datePublished\":\"2024-03-27T11:10:17+00:00\",\"dateModified\":\"2024-06-27T14:42:43+00:00\",\"breadcrumb\":{\"@id\":\"https:\/\/swissvitalityclinics.com\/fr\/produit\/yeux-b-11\/#breadcrumb\"},\"inLanguage\":\"fr-FR\",\"potentialAction\":[{\"@type\":\"ReadAction\",\"target\":[\"https:\/\/swissvitalityclinics.com\/fr\/produit\/yeux-b-11\/\"]}]},{\"@type\":\"ImageObject\",\"inLanguage\":\"fr-FR\",\"@id\":\"https:\/\/swissvitalityclinics.com\/fr\/produit\/yeux-b-11\/#primaryimage\",\"url\":\"https:\/\/swissvitalityclinics.com\/wp-content\/uploads\/2024\/03\/Screenshot-2024-03-27-at-12.26.08.png\",\"contentUrl\":\"https:\/\/swissvitalityclinics.com\/wp-content\/uploads\/2024\/03\/Screenshot-2024-03-27-at-12.26.08.png\",\"width\":1535,\"height\":713},{\"@type\":\"BreadcrumbList\",\"@id\":\"https:\/\/swissvitalityclinics.com\/fr\/produit\/yeux-b-11\/#breadcrumb\",\"itemListElement\":[{\"@type\":\"ListItem\",\"position\":1,\"name\":\"Home\",\"item\":\"https:\/\/swissvitalityclinics.com\/fr\/accueil\/\"},{\"@type\":\"ListItem\",\"position\":2,\"name\":\"Boutique\",\"item\":\"https:\/\/swissvitalityclinics.com\/fr\/boutique\/\"},{\"@type\":\"ListItem\",\"position\":3,\"name\":\"Eyes B-11\u00ae\"}]},{\"@type\":\"WebSite\",\"@id\":\"https:\/\/swissvitalityclinics.com\/fr\/#website\",\"url\":\"https:\/\/swissvitalityclinics.com\/fr\/\",\"name\":\"Swiss Vitality Clinics\",\"description\":\"Epigenetics, Inuspherese, Nano Therapy\",\"publisher\":{\"@id\":\"https:\/\/swissvitalityclinics.com\/fr\/#organization\"},\"potentialAction\":[{\"@type\":\"SearchAction\",\"target\":{\"@type\":\"EntryPoint\",\"urlTemplate\":\"https:\/\/swissvitalityclinics.com\/fr\/?s={search_term_string}\"},\"query-input\":{\"@type\":\"PropertyValueSpecification\",\"valueRequired\":true,\"valueName\":\"search_term_string\"}}],\"inLanguage\":\"fr-FR\"},{\"@type\":\"Organization\",\"@id\":\"https:\/\/swissvitalityclinics.com\/fr\/#organization\",\"name\":\"Swiss Vitality Clinics\",\"url\":\"https:\/\/swissvitalityclinics.com\/fr\/\",\"logo\":{\"@type\":\"ImageObject\",\"inLanguage\":\"fr-FR\",\"@id\":\"https:\/\/swissvitalityclinics.com\/fr\/#\/schema\/logo\/image\/\",\"url\":\"https:\/\/swissvitalityclinics.com\/wp-content\/uploads\/2024\/02\/Swiss-Vitality-Clinics-Logo-002-02-3000px.png\",\"contentUrl\":\"https:\/\/swissvitalityclinics.com\/wp-content\/uploads\/2024\/02\/Swiss-Vitality-Clinics-Logo-002-02-3000px.png\",\"width\":3000,\"height\":542,\"caption\":\"Swiss Vitality Clinics\"},\"image\":{\"@id\":\"https:\/\/swissvitalityclinics.com\/fr\/#\/schema\/logo\/image\/\"}}]}<\/script>\n<!-- \/ Yoast SEO plugin. -->","yoast_head_json":{"title":"Eyes B-11\u00ae - Swiss Vitality Clinics","robots":{"index":"index","follow":"follow","max-snippet":"max-snippet:-1","max-image-preview":"max-image-preview:large","max-video-preview":"max-video-preview:-1"},"canonical":"https:\/\/swissvitalityclinics.com\/fr\/produit\/yeux-b-11\/","og_locale":"fr_FR","og_type":"article","og_title":"Eyes B-11\u00ae - Swiss Vitality Clinics","og_description":"Eyes B-11\u00ae contribue \u00e0 normaliser la fonction oculaire, \u00e0 pr\u00e9venir le d\u00e9veloppement de processus atrophiques au niveau de la r\u00e9tine, de la corn\u00e9e et du cristallin, et \u00e0 r\u00e9duire \u00e9galement le risque de d\u00e9velopper des conditions pathologiques de l&rsquo;\u0153il. Eyes B-11 est recommand\u00e9 pour la restauration complexe de la fonction de l&rsquo;organe de la vision [&hellip;]","og_url":"https:\/\/swissvitalityclinics.com\/fr\/produit\/yeux-b-11\/","og_site_name":"Swiss Vitality Clinics","article_modified_time":"2024-06-27T14:42:43+00:00","og_image":[{"width":1535,"height":713,"url":"https:\/\/swissvitalityclinics.com\/wp-content\/uploads\/2024\/03\/Screenshot-2024-03-27-at-12.26.08.png","type":"image\/png"}],"twitter_card":"summary_large_image","twitter_misc":{"Dur\u00e9e de lecture estim\u00e9e":"1 minute"},"schema":{"@context":"https:\/\/schema.org","@graph":[{"@type":"WebPage","@id":"https:\/\/swissvitalityclinics.com\/fr\/produit\/yeux-b-11\/","url":"https:\/\/swissvitalityclinics.com\/fr\/produit\/yeux-b-11\/","name":"Eyes B-11\u00ae - Swiss Vitality Clinics","isPartOf":{"@id":"https:\/\/swissvitalityclinics.com\/fr\/#website"},"primaryImageOfPage":{"@id":"https:\/\/swissvitalityclinics.com\/fr\/produit\/yeux-b-11\/#primaryimage"},"image":{"@id":"https:\/\/swissvitalityclinics.com\/fr\/produit\/yeux-b-11\/#primaryimage"},"thumbnailUrl":"https:\/\/swissvitalityclinics.com\/wp-content\/uploads\/2024\/03\/Screenshot-2024-03-27-at-12.26.08.png","datePublished":"2024-03-27T11:10:17+00:00","dateModified":"2024-06-27T14:42:43+00:00","breadcrumb":{"@id":"https:\/\/swissvitalityclinics.com\/fr\/produit\/yeux-b-11\/#breadcrumb"},"inLanguage":"fr-FR","potentialAction":[{"@type":"ReadAction","target":["https:\/\/swissvitalityclinics.com\/fr\/produit\/yeux-b-11\/"]}]},{"@type":"ImageObject","inLanguage":"fr-FR","@id":"https:\/\/swissvitalityclinics.com\/fr\/produit\/yeux-b-11\/#primaryimage","url":"https:\/\/swissvitalityclinics.com\/wp-content\/uploads\/2024\/03\/Screenshot-2024-03-27-at-12.26.08.png","contentUrl":"https:\/\/swissvitalityclinics.com\/wp-content\/uploads\/2024\/03\/Screenshot-2024-03-27-at-12.26.08.png","width":1535,"height":713},{"@type":"BreadcrumbList","@id":"https:\/\/swissvitalityclinics.com\/fr\/produit\/yeux-b-11\/#breadcrumb","itemListElement":[{"@type":"ListItem","position":1,"name":"Home","item":"https:\/\/swissvitalityclinics.com\/fr\/accueil\/"},{"@type":"ListItem","position":2,"name":"Boutique","item":"https:\/\/swissvitalityclinics.com\/fr\/boutique\/"},{"@type":"ListItem","position":3,"name":"Eyes B-11\u00ae"}]},{"@type":"WebSite","@id":"https:\/\/swissvitalityclinics.com\/fr\/#website","url":"https:\/\/swissvitalityclinics.com\/fr\/","name":"Swiss Vitality Clinics","description":"Epigenetics, Inuspherese, Nano Therapy","publisher":{"@id":"https:\/\/swissvitalityclinics.com\/fr\/#organization"},"potentialAction":[{"@type":"SearchAction","target":{"@type":"EntryPoint","urlTemplate":"https:\/\/swissvitalityclinics.com\/fr\/?s={search_term_string}"},"query-input":{"@type":"PropertyValueSpecification","valueRequired":true,"valueName":"search_term_string"}}],"inLanguage":"fr-FR"},{"@type":"Organization","@id":"https:\/\/swissvitalityclinics.com\/fr\/#organization","name":"Swiss Vitality Clinics","url":"https:\/\/swissvitalityclinics.com\/fr\/","logo":{"@type":"ImageObject","inLanguage":"fr-FR","@id":"https:\/\/swissvitalityclinics.com\/fr\/#\/schema\/logo\/image\/","url":"https:\/\/swissvitalityclinics.com\/wp-content\/uploads\/2024\/02\/Swiss-Vitality-Clinics-Logo-002-02-3000px.png","contentUrl":"https:\/\/swissvitalityclinics.com\/wp-content\/uploads\/2024\/02\/Swiss-Vitality-Clinics-Logo-002-02-3000px.png","width":3000,"height":542,"caption":"Swiss Vitality Clinics"},"image":{"@id":"https:\/\/swissvitalityclinics.com\/fr\/#\/schema\/logo\/image\/"}}]}},"_links":{"self":[{"href":"https:\/\/swissvitalityclinics.com\/fr\/wp-json\/wp\/v2\/product\/3765","targetHints":{"allow":["GET"]}}],"collection":[{"href":"https:\/\/swissvitalityclinics.com\/fr\/wp-json\/wp\/v2\/product"}],"about":[{"href":"https:\/\/swissvitalityclinics.com\/fr\/wp-json\/wp\/v2\/types\/product"}],"replies":[{"embeddable":true,"href":"https:\/\/swissvitalityclinics.com\/fr\/wp-json\/wp\/v2\/comments?post=3765"}],"wp:featuredmedia":[{"embeddable":true,"href":"https:\/\/swissvitalityclinics.com\/fr\/wp-json\/wp\/v2\/media\/3766"}],"wp:attachment":[{"href":"https:\/\/swissvitalityclinics.com\/fr\/wp-json\/wp\/v2\/media?parent=3765"}],"wp:term":[{"taxonomy":"product_brand","embeddable":true,"href":"https:\/\/swissvitalityclinics.com\/fr\/wp-json\/wp\/v2\/product_brand?post=3765"},{"taxonomy":"product_cat","embeddable":true,"href":"https:\/\/swissvitalityclinics.com\/fr\/wp-json\/wp\/v2\/product_cat?post=3765"},{"taxonomy":"product_tag","embeddable":true,"href":"https:\/\/swissvitalityclinics.com\/fr\/wp-json\/wp\/v2\/product_tag?post=3765"}],"curies":[{"name":"wp","href":"https:\/\/api.w.org\/{rel}","templated":true}]}}