{"id":3827,"date":"2024-03-27T11:13:07","date_gmt":"2024-03-27T11:13:07","guid":{"rendered":"https:\/\/swissvitalityclinics.com\/product\/moelle-osseuse-b-20\/"},"modified":"2024-06-27T14:41:49","modified_gmt":"2024-06-27T14:41:49","slug":"moelle-osseuse-b-20","status":"publish","type":"product","link":"https:\/\/swissvitalityclinics.com\/fr\/produit\/moelle-osseuse-b-20\/","title":{"rendered":"Bone Marrow B-20\u00ae (moelle osseuse)"},"content":{"rendered":"<div class=\"page\" title=\"Page 17\">\n<div class=\"section\">\n<div class=\"layoutArea\">\n<div class=\"column\">\n<p>Bone Marrow B-20\u00ae est recommand\u00e9 pour la restauration complexe de l&rsquo;activit\u00e9 fonctionnelle du syst\u00e8me h\u00e9matopo\u00ef\u00e9tique dans ses troubles de gen\u00e8se diverse, y compris sous l&rsquo;influence de facteurs environnementaux extr\u00eames, apr\u00e8s avoir souffert de maladies accompagn\u00e9es d&rsquo;an\u00e9mie, de malnutrition et aussi avec le vieillissement pour maintenir la fonction h\u00e9matopo\u00ef\u00e9tique.<\/p>\n<\/div>\n<\/div>\n<\/div>\n<\/div>\n","protected":false},"excerpt":{"rendered":"<p>Bone Marrow B-20\u00ae est recommand\u00e9 pour la restauration complexe de l&rsquo;activit\u00e9 fonctionnelle du syst\u00e8me h\u00e9matopo\u00ef\u00e9tique dans ses troubles de gen\u00e8se diverse, y compris sous l&rsquo;influence de facteurs environnementaux extr\u00eames, apr\u00e8s avoir souffert de maladies accompagn\u00e9es d&rsquo;an\u00e9mie, de malnutrition et aussi avec le vieillissement pour maintenir la fonction h\u00e9matopo\u00ef\u00e9tique.<\/p>\n","protected":false},"featured_media":3832,"comment_status":"open","ping_status":"closed","template":"","meta":{"_acf_changed":false},"product_brand":[],"product_cat":[84],"product_tag":[],"class_list":{"0":"post-3827","1":"product","2":"type-product","3":"status-publish","4":"has-post-thumbnail","6":"product_cat-nano-therapie-fr","8":"first","9":"instock","10":"shipping-taxable","11":"product-type-simple"},"acf":[],"yoast_head":"<!-- This site is optimized with the Yoast SEO plugin v26.2 - https:\/\/yoast.com\/wordpress\/plugins\/seo\/ -->\n<title>Bone Marrow B-20\u00ae (moelle osseuse) - Swiss Vitality Clinics<\/title>\n<meta name=\"robots\" content=\"index, follow, max-snippet:-1, max-image-preview:large, max-video-preview:-1\" \/>\n<link rel=\"canonical\" href=\"https:\/\/swissvitalityclinics.com\/fr\/produit\/moelle-osseuse-b-20\/\" \/>\n<meta property=\"og:locale\" content=\"fr_FR\" \/>\n<meta property=\"og:type\" content=\"article\" \/>\n<meta property=\"og:title\" content=\"Bone Marrow B-20\u00ae (moelle osseuse) - Swiss Vitality Clinics\" \/>\n<meta property=\"og:description\" content=\"Bone Marrow B-20\u00ae est recommand\u00e9 pour la restauration complexe de l&rsquo;activit\u00e9 fonctionnelle du syst\u00e8me h\u00e9matopo\u00ef\u00e9tique dans ses troubles de gen\u00e8se diverse, y compris sous l&rsquo;influence de facteurs environnementaux extr\u00eames, apr\u00e8s avoir souffert de maladies accompagn\u00e9es d&rsquo;an\u00e9mie, de malnutrition et aussi avec le vieillissement pour maintenir la fonction h\u00e9matopo\u00ef\u00e9tique.\" \/>\n<meta property=\"og:url\" content=\"https:\/\/swissvitalityclinics.com\/fr\/produit\/moelle-osseuse-b-20\/\" \/>\n<meta property=\"og:site_name\" content=\"Swiss Vitality Clinics\" \/>\n<meta property=\"article:modified_time\" content=\"2024-06-27T14:41:49+00:00\" \/>\n<meta property=\"og:image\" content=\"https:\/\/swissvitalityclinics.com\/wp-content\/uploads\/2024\/03\/Screenshot-2024-03-27-at-12.28.50.png\" \/>\n\t<meta property=\"og:image:width\" content=\"1533\" \/>\n\t<meta property=\"og:image:height\" content=\"704\" \/>\n\t<meta property=\"og:image:type\" content=\"image\/png\" \/>\n<meta name=\"twitter:card\" content=\"summary_large_image\" \/>\n<script type=\"application\/ld+json\" class=\"yoast-schema-graph\">{\"@context\":\"https:\/\/schema.org\",\"@graph\":[{\"@type\":\"WebPage\",\"@id\":\"https:\/\/swissvitalityclinics.com\/fr\/produit\/moelle-osseuse-b-20\/\",\"url\":\"https:\/\/swissvitalityclinics.com\/fr\/produit\/moelle-osseuse-b-20\/\",\"name\":\"Bone Marrow B-20\u00ae (moelle osseuse) - Swiss Vitality Clinics\",\"isPartOf\":{\"@id\":\"https:\/\/swissvitalityclinics.com\/fr\/#website\"},\"primaryImageOfPage\":{\"@id\":\"https:\/\/swissvitalityclinics.com\/fr\/produit\/moelle-osseuse-b-20\/#primaryimage\"},\"image\":{\"@id\":\"https:\/\/swissvitalityclinics.com\/fr\/produit\/moelle-osseuse-b-20\/#primaryimage\"},\"thumbnailUrl\":\"https:\/\/swissvitalityclinics.com\/wp-content\/uploads\/2024\/03\/Screenshot-2024-03-27-at-12.28.50.png\",\"datePublished\":\"2024-03-27T11:13:07+00:00\",\"dateModified\":\"2024-06-27T14:41:49+00:00\",\"breadcrumb\":{\"@id\":\"https:\/\/swissvitalityclinics.com\/fr\/produit\/moelle-osseuse-b-20\/#breadcrumb\"},\"inLanguage\":\"fr-FR\",\"potentialAction\":[{\"@type\":\"ReadAction\",\"target\":[\"https:\/\/swissvitalityclinics.com\/fr\/produit\/moelle-osseuse-b-20\/\"]}]},{\"@type\":\"ImageObject\",\"inLanguage\":\"fr-FR\",\"@id\":\"https:\/\/swissvitalityclinics.com\/fr\/produit\/moelle-osseuse-b-20\/#primaryimage\",\"url\":\"https:\/\/swissvitalityclinics.com\/wp-content\/uploads\/2024\/03\/Screenshot-2024-03-27-at-12.28.50.png\",\"contentUrl\":\"https:\/\/swissvitalityclinics.com\/wp-content\/uploads\/2024\/03\/Screenshot-2024-03-27-at-12.28.50.png\",\"width\":1533,\"height\":704},{\"@type\":\"BreadcrumbList\",\"@id\":\"https:\/\/swissvitalityclinics.com\/fr\/produit\/moelle-osseuse-b-20\/#breadcrumb\",\"itemListElement\":[{\"@type\":\"ListItem\",\"position\":1,\"name\":\"Home\",\"item\":\"https:\/\/swissvitalityclinics.com\/fr\/accueil\/\"},{\"@type\":\"ListItem\",\"position\":2,\"name\":\"Boutique\",\"item\":\"https:\/\/swissvitalityclinics.com\/fr\/boutique\/\"},{\"@type\":\"ListItem\",\"position\":3,\"name\":\"Bone Marrow B-20\u00ae (moelle osseuse)\"}]},{\"@type\":\"WebSite\",\"@id\":\"https:\/\/swissvitalityclinics.com\/fr\/#website\",\"url\":\"https:\/\/swissvitalityclinics.com\/fr\/\",\"name\":\"Swiss Vitality Clinics\",\"description\":\"Epigenetics, Inuspherese, Nano Therapy\",\"publisher\":{\"@id\":\"https:\/\/swissvitalityclinics.com\/fr\/#organization\"},\"potentialAction\":[{\"@type\":\"SearchAction\",\"target\":{\"@type\":\"EntryPoint\",\"urlTemplate\":\"https:\/\/swissvitalityclinics.com\/fr\/?s={search_term_string}\"},\"query-input\":{\"@type\":\"PropertyValueSpecification\",\"valueRequired\":true,\"valueName\":\"search_term_string\"}}],\"inLanguage\":\"fr-FR\"},{\"@type\":\"Organization\",\"@id\":\"https:\/\/swissvitalityclinics.com\/fr\/#organization\",\"name\":\"Swiss Vitality Clinics\",\"url\":\"https:\/\/swissvitalityclinics.com\/fr\/\",\"logo\":{\"@type\":\"ImageObject\",\"inLanguage\":\"fr-FR\",\"@id\":\"https:\/\/swissvitalityclinics.com\/fr\/#\/schema\/logo\/image\/\",\"url\":\"https:\/\/swissvitalityclinics.com\/wp-content\/uploads\/2024\/02\/Swiss-Vitality-Clinics-Logo-002-02-3000px.png\",\"contentUrl\":\"https:\/\/swissvitalityclinics.com\/wp-content\/uploads\/2024\/02\/Swiss-Vitality-Clinics-Logo-002-02-3000px.png\",\"width\":3000,\"height\":542,\"caption\":\"Swiss Vitality Clinics\"},\"image\":{\"@id\":\"https:\/\/swissvitalityclinics.com\/fr\/#\/schema\/logo\/image\/\"}}]}<\/script>\n<!-- \/ Yoast SEO plugin. -->","yoast_head_json":{"title":"Bone Marrow B-20\u00ae (moelle osseuse) - Swiss Vitality Clinics","robots":{"index":"index","follow":"follow","max-snippet":"max-snippet:-1","max-image-preview":"max-image-preview:large","max-video-preview":"max-video-preview:-1"},"canonical":"https:\/\/swissvitalityclinics.com\/fr\/produit\/moelle-osseuse-b-20\/","og_locale":"fr_FR","og_type":"article","og_title":"Bone Marrow B-20\u00ae (moelle osseuse) - Swiss Vitality Clinics","og_description":"Bone Marrow B-20\u00ae est recommand\u00e9 pour la restauration complexe de l&rsquo;activit\u00e9 fonctionnelle du syst\u00e8me h\u00e9matopo\u00ef\u00e9tique dans ses troubles de gen\u00e8se diverse, y compris sous l&rsquo;influence de facteurs environnementaux extr\u00eames, apr\u00e8s avoir souffert de maladies accompagn\u00e9es d&rsquo;an\u00e9mie, de malnutrition et aussi avec le vieillissement pour maintenir la fonction h\u00e9matopo\u00ef\u00e9tique.","og_url":"https:\/\/swissvitalityclinics.com\/fr\/produit\/moelle-osseuse-b-20\/","og_site_name":"Swiss Vitality Clinics","article_modified_time":"2024-06-27T14:41:49+00:00","og_image":[{"width":1533,"height":704,"url":"https:\/\/swissvitalityclinics.com\/wp-content\/uploads\/2024\/03\/Screenshot-2024-03-27-at-12.28.50.png","type":"image\/png"}],"twitter_card":"summary_large_image","schema":{"@context":"https:\/\/schema.org","@graph":[{"@type":"WebPage","@id":"https:\/\/swissvitalityclinics.com\/fr\/produit\/moelle-osseuse-b-20\/","url":"https:\/\/swissvitalityclinics.com\/fr\/produit\/moelle-osseuse-b-20\/","name":"Bone Marrow B-20\u00ae (moelle osseuse) - Swiss Vitality Clinics","isPartOf":{"@id":"https:\/\/swissvitalityclinics.com\/fr\/#website"},"primaryImageOfPage":{"@id":"https:\/\/swissvitalityclinics.com\/fr\/produit\/moelle-osseuse-b-20\/#primaryimage"},"image":{"@id":"https:\/\/swissvitalityclinics.com\/fr\/produit\/moelle-osseuse-b-20\/#primaryimage"},"thumbnailUrl":"https:\/\/swissvitalityclinics.com\/wp-content\/uploads\/2024\/03\/Screenshot-2024-03-27-at-12.28.50.png","datePublished":"2024-03-27T11:13:07+00:00","dateModified":"2024-06-27T14:41:49+00:00","breadcrumb":{"@id":"https:\/\/swissvitalityclinics.com\/fr\/produit\/moelle-osseuse-b-20\/#breadcrumb"},"inLanguage":"fr-FR","potentialAction":[{"@type":"ReadAction","target":["https:\/\/swissvitalityclinics.com\/fr\/produit\/moelle-osseuse-b-20\/"]}]},{"@type":"ImageObject","inLanguage":"fr-FR","@id":"https:\/\/swissvitalityclinics.com\/fr\/produit\/moelle-osseuse-b-20\/#primaryimage","url":"https:\/\/swissvitalityclinics.com\/wp-content\/uploads\/2024\/03\/Screenshot-2024-03-27-at-12.28.50.png","contentUrl":"https:\/\/swissvitalityclinics.com\/wp-content\/uploads\/2024\/03\/Screenshot-2024-03-27-at-12.28.50.png","width":1533,"height":704},{"@type":"BreadcrumbList","@id":"https:\/\/swissvitalityclinics.com\/fr\/produit\/moelle-osseuse-b-20\/#breadcrumb","itemListElement":[{"@type":"ListItem","position":1,"name":"Home","item":"https:\/\/swissvitalityclinics.com\/fr\/accueil\/"},{"@type":"ListItem","position":2,"name":"Boutique","item":"https:\/\/swissvitalityclinics.com\/fr\/boutique\/"},{"@type":"ListItem","position":3,"name":"Bone Marrow B-20\u00ae (moelle osseuse)"}]},{"@type":"WebSite","@id":"https:\/\/swissvitalityclinics.com\/fr\/#website","url":"https:\/\/swissvitalityclinics.com\/fr\/","name":"Swiss Vitality Clinics","description":"Epigenetics, Inuspherese, Nano Therapy","publisher":{"@id":"https:\/\/swissvitalityclinics.com\/fr\/#organization"},"potentialAction":[{"@type":"SearchAction","target":{"@type":"EntryPoint","urlTemplate":"https:\/\/swissvitalityclinics.com\/fr\/?s={search_term_string}"},"query-input":{"@type":"PropertyValueSpecification","valueRequired":true,"valueName":"search_term_string"}}],"inLanguage":"fr-FR"},{"@type":"Organization","@id":"https:\/\/swissvitalityclinics.com\/fr\/#organization","name":"Swiss Vitality Clinics","url":"https:\/\/swissvitalityclinics.com\/fr\/","logo":{"@type":"ImageObject","inLanguage":"fr-FR","@id":"https:\/\/swissvitalityclinics.com\/fr\/#\/schema\/logo\/image\/","url":"https:\/\/swissvitalityclinics.com\/wp-content\/uploads\/2024\/02\/Swiss-Vitality-Clinics-Logo-002-02-3000px.png","contentUrl":"https:\/\/swissvitalityclinics.com\/wp-content\/uploads\/2024\/02\/Swiss-Vitality-Clinics-Logo-002-02-3000px.png","width":3000,"height":542,"caption":"Swiss Vitality Clinics"},"image":{"@id":"https:\/\/swissvitalityclinics.com\/fr\/#\/schema\/logo\/image\/"}}]}},"_links":{"self":[{"href":"https:\/\/swissvitalityclinics.com\/fr\/wp-json\/wp\/v2\/product\/3827","targetHints":{"allow":["GET"]}}],"collection":[{"href":"https:\/\/swissvitalityclinics.com\/fr\/wp-json\/wp\/v2\/product"}],"about":[{"href":"https:\/\/swissvitalityclinics.com\/fr\/wp-json\/wp\/v2\/types\/product"}],"replies":[{"embeddable":true,"href":"https:\/\/swissvitalityclinics.com\/fr\/wp-json\/wp\/v2\/comments?post=3827"}],"wp:featuredmedia":[{"embeddable":true,"href":"https:\/\/swissvitalityclinics.com\/fr\/wp-json\/wp\/v2\/media\/3832"}],"wp:attachment":[{"href":"https:\/\/swissvitalityclinics.com\/fr\/wp-json\/wp\/v2\/media?parent=3827"}],"wp:term":[{"taxonomy":"product_brand","embeddable":true,"href":"https:\/\/swissvitalityclinics.com\/fr\/wp-json\/wp\/v2\/product_brand?post=3827"},{"taxonomy":"product_cat","embeddable":true,"href":"https:\/\/swissvitalityclinics.com\/fr\/wp-json\/wp\/v2\/product_cat?post=3827"},{"taxonomy":"product_tag","embeddable":true,"href":"https:\/\/swissvitalityclinics.com\/fr\/wp-json\/wp\/v2\/product_tag?post=3827"}],"curies":[{"name":"wp","href":"https:\/\/api.w.org\/{rel}","templated":true}]}}