{"id":3879,"date":"2024-03-27T11:16:11","date_gmt":"2024-03-27T11:16:11","guid":{"rendered":"https:\/\/swissvitalityclinics.com\/product\/semax-100mg\/"},"modified":"2024-06-27T14:41:07","modified_gmt":"2024-06-27T14:41:07","slug":"semax-100mg","status":"publish","type":"product","link":"https:\/\/swissvitalityclinics.com\/fr\/produit\/semax-100mg\/","title":{"rendered":"Semax 100mg"},"content":{"rendered":"<div class=\"page\" title=\"Page 19\">\n<div class=\"section\">\n<div class=\"layoutArea\">\n<div class=\"column\">\n<p>Le Semax, un peptide synth\u00e9tique d\u00e9riv\u00e9 de l&rsquo;hormone adr\u00e9nocorticotrope (ACTH), a \u00e9t\u00e9 largement \u00e9tudi\u00e9 pour sa capacit\u00e9 \u00e0 am\u00e9liorer les fonctions cognitives. En modulant les niveaux de facteur neurotrophique d\u00e9riv\u00e9 du cerveau (BDNF), Semax favorise la neuroplasticit\u00e9, qui est cruciale pour l&rsquo;apprentissage, la formation de la m\u00e9moire et la sant\u00e9 globale du cerveau. En outre, des \u00e9tudes ont d\u00e9montr\u00e9 que le Semax pr\u00e9sente des propri\u00e9t\u00e9s neuroprotectrices, prot\u00e9geant les neurones du stress oxydatif et r\u00e9duisant l&rsquo;inflammation dans le cerveau.<\/p>\n<\/div>\n<\/div>\n<\/div>\n<\/div>\n","protected":false},"excerpt":{"rendered":"<p>Le Semax, un peptide synth\u00e9tique d\u00e9riv\u00e9 de l&rsquo;hormone adr\u00e9nocorticotrope (ACTH), a \u00e9t\u00e9 largement \u00e9tudi\u00e9 pour sa capacit\u00e9 \u00e0 am\u00e9liorer les fonctions cognitives. En modulant les niveaux de facteur neurotrophique d\u00e9riv\u00e9 du cerveau (BDNF), Semax favorise la neuroplasticit\u00e9, qui est cruciale pour l&rsquo;apprentissage, la formation de la m\u00e9moire et la sant\u00e9 globale du cerveau. En outre, [&hellip;]<\/p>\n","protected":false},"featured_media":3881,"comment_status":"open","ping_status":"closed","template":"","meta":{"_acf_changed":false},"product_brand":[],"product_cat":[84],"product_tag":[],"class_list":{"0":"post-3879","1":"product","2":"type-product","3":"status-publish","4":"has-post-thumbnail","6":"product_cat-nano-therapie-fr","8":"first","9":"instock","10":"shipping-taxable","11":"product-type-simple"},"acf":[],"yoast_head":"<!-- This site is optimized with the Yoast SEO plugin v26.2 - https:\/\/yoast.com\/wordpress\/plugins\/seo\/ -->\n<title>Semax 100mg - Swiss Vitality Clinics<\/title>\n<meta name=\"robots\" content=\"index, follow, max-snippet:-1, max-image-preview:large, max-video-preview:-1\" \/>\n<link rel=\"canonical\" href=\"https:\/\/swissvitalityclinics.com\/fr\/produit\/semax-100mg\/\" \/>\n<meta property=\"og:locale\" content=\"fr_FR\" \/>\n<meta property=\"og:type\" content=\"article\" \/>\n<meta property=\"og:title\" content=\"Semax 100mg - Swiss Vitality Clinics\" \/>\n<meta property=\"og:description\" content=\"Le Semax, un peptide synth\u00e9tique d\u00e9riv\u00e9 de l&rsquo;hormone adr\u00e9nocorticotrope (ACTH), a \u00e9t\u00e9 largement \u00e9tudi\u00e9 pour sa capacit\u00e9 \u00e0 am\u00e9liorer les fonctions cognitives. En modulant les niveaux de facteur neurotrophique d\u00e9riv\u00e9 du cerveau (BDNF), Semax favorise la neuroplasticit\u00e9, qui est cruciale pour l&rsquo;apprentissage, la formation de la m\u00e9moire et la sant\u00e9 globale du cerveau. En outre, [&hellip;]\" \/>\n<meta property=\"og:url\" content=\"https:\/\/swissvitalityclinics.com\/fr\/produit\/semax-100mg\/\" \/>\n<meta property=\"og:site_name\" content=\"Swiss Vitality Clinics\" \/>\n<meta property=\"article:modified_time\" content=\"2024-06-27T14:41:07+00:00\" \/>\n<meta property=\"og:image\" content=\"https:\/\/swissvitalityclinics.com\/wp-content\/uploads\/2024\/03\/Screenshot-2024-03-27-at-12.30.57.png\" \/>\n\t<meta property=\"og:image:width\" content=\"1532\" \/>\n\t<meta property=\"og:image:height\" content=\"708\" \/>\n\t<meta property=\"og:image:type\" content=\"image\/png\" \/>\n<meta name=\"twitter:card\" content=\"summary_large_image\" \/>\n<script type=\"application\/ld+json\" class=\"yoast-schema-graph\">{\"@context\":\"https:\/\/schema.org\",\"@graph\":[{\"@type\":\"WebPage\",\"@id\":\"https:\/\/swissvitalityclinics.com\/fr\/produit\/semax-100mg\/\",\"url\":\"https:\/\/swissvitalityclinics.com\/fr\/produit\/semax-100mg\/\",\"name\":\"Semax 100mg - Swiss Vitality Clinics\",\"isPartOf\":{\"@id\":\"https:\/\/swissvitalityclinics.com\/fr\/#website\"},\"primaryImageOfPage\":{\"@id\":\"https:\/\/swissvitalityclinics.com\/fr\/produit\/semax-100mg\/#primaryimage\"},\"image\":{\"@id\":\"https:\/\/swissvitalityclinics.com\/fr\/produit\/semax-100mg\/#primaryimage\"},\"thumbnailUrl\":\"https:\/\/swissvitalityclinics.com\/wp-content\/uploads\/2024\/03\/Screenshot-2024-03-27-at-12.30.57.png\",\"datePublished\":\"2024-03-27T11:16:11+00:00\",\"dateModified\":\"2024-06-27T14:41:07+00:00\",\"breadcrumb\":{\"@id\":\"https:\/\/swissvitalityclinics.com\/fr\/produit\/semax-100mg\/#breadcrumb\"},\"inLanguage\":\"fr-FR\",\"potentialAction\":[{\"@type\":\"ReadAction\",\"target\":[\"https:\/\/swissvitalityclinics.com\/fr\/produit\/semax-100mg\/\"]}]},{\"@type\":\"ImageObject\",\"inLanguage\":\"fr-FR\",\"@id\":\"https:\/\/swissvitalityclinics.com\/fr\/produit\/semax-100mg\/#primaryimage\",\"url\":\"https:\/\/swissvitalityclinics.com\/wp-content\/uploads\/2024\/03\/Screenshot-2024-03-27-at-12.30.57.png\",\"contentUrl\":\"https:\/\/swissvitalityclinics.com\/wp-content\/uploads\/2024\/03\/Screenshot-2024-03-27-at-12.30.57.png\",\"width\":1532,\"height\":708},{\"@type\":\"BreadcrumbList\",\"@id\":\"https:\/\/swissvitalityclinics.com\/fr\/produit\/semax-100mg\/#breadcrumb\",\"itemListElement\":[{\"@type\":\"ListItem\",\"position\":1,\"name\":\"Home\",\"item\":\"https:\/\/swissvitalityclinics.com\/fr\/accueil\/\"},{\"@type\":\"ListItem\",\"position\":2,\"name\":\"Boutique\",\"item\":\"https:\/\/swissvitalityclinics.com\/fr\/boutique\/\"},{\"@type\":\"ListItem\",\"position\":3,\"name\":\"Semax 100mg\"}]},{\"@type\":\"WebSite\",\"@id\":\"https:\/\/swissvitalityclinics.com\/fr\/#website\",\"url\":\"https:\/\/swissvitalityclinics.com\/fr\/\",\"name\":\"Swiss Vitality Clinics\",\"description\":\"Epigenetics, Inuspherese, Nano Therapy\",\"publisher\":{\"@id\":\"https:\/\/swissvitalityclinics.com\/fr\/#organization\"},\"potentialAction\":[{\"@type\":\"SearchAction\",\"target\":{\"@type\":\"EntryPoint\",\"urlTemplate\":\"https:\/\/swissvitalityclinics.com\/fr\/?s={search_term_string}\"},\"query-input\":{\"@type\":\"PropertyValueSpecification\",\"valueRequired\":true,\"valueName\":\"search_term_string\"}}],\"inLanguage\":\"fr-FR\"},{\"@type\":\"Organization\",\"@id\":\"https:\/\/swissvitalityclinics.com\/fr\/#organization\",\"name\":\"Swiss Vitality Clinics\",\"url\":\"https:\/\/swissvitalityclinics.com\/fr\/\",\"logo\":{\"@type\":\"ImageObject\",\"inLanguage\":\"fr-FR\",\"@id\":\"https:\/\/swissvitalityclinics.com\/fr\/#\/schema\/logo\/image\/\",\"url\":\"https:\/\/swissvitalityclinics.com\/wp-content\/uploads\/2024\/02\/Swiss-Vitality-Clinics-Logo-002-02-3000px.png\",\"contentUrl\":\"https:\/\/swissvitalityclinics.com\/wp-content\/uploads\/2024\/02\/Swiss-Vitality-Clinics-Logo-002-02-3000px.png\",\"width\":3000,\"height\":542,\"caption\":\"Swiss Vitality Clinics\"},\"image\":{\"@id\":\"https:\/\/swissvitalityclinics.com\/fr\/#\/schema\/logo\/image\/\"}}]}<\/script>\n<!-- \/ Yoast SEO plugin. -->","yoast_head_json":{"title":"Semax 100mg - Swiss Vitality Clinics","robots":{"index":"index","follow":"follow","max-snippet":"max-snippet:-1","max-image-preview":"max-image-preview:large","max-video-preview":"max-video-preview:-1"},"canonical":"https:\/\/swissvitalityclinics.com\/fr\/produit\/semax-100mg\/","og_locale":"fr_FR","og_type":"article","og_title":"Semax 100mg - Swiss Vitality Clinics","og_description":"Le Semax, un peptide synth\u00e9tique d\u00e9riv\u00e9 de l&rsquo;hormone adr\u00e9nocorticotrope (ACTH), a \u00e9t\u00e9 largement \u00e9tudi\u00e9 pour sa capacit\u00e9 \u00e0 am\u00e9liorer les fonctions cognitives. En modulant les niveaux de facteur neurotrophique d\u00e9riv\u00e9 du cerveau (BDNF), Semax favorise la neuroplasticit\u00e9, qui est cruciale pour l&rsquo;apprentissage, la formation de la m\u00e9moire et la sant\u00e9 globale du cerveau. En outre, [&hellip;]","og_url":"https:\/\/swissvitalityclinics.com\/fr\/produit\/semax-100mg\/","og_site_name":"Swiss Vitality Clinics","article_modified_time":"2024-06-27T14:41:07+00:00","og_image":[{"width":1532,"height":708,"url":"https:\/\/swissvitalityclinics.com\/wp-content\/uploads\/2024\/03\/Screenshot-2024-03-27-at-12.30.57.png","type":"image\/png"}],"twitter_card":"summary_large_image","schema":{"@context":"https:\/\/schema.org","@graph":[{"@type":"WebPage","@id":"https:\/\/swissvitalityclinics.com\/fr\/produit\/semax-100mg\/","url":"https:\/\/swissvitalityclinics.com\/fr\/produit\/semax-100mg\/","name":"Semax 100mg - Swiss Vitality Clinics","isPartOf":{"@id":"https:\/\/swissvitalityclinics.com\/fr\/#website"},"primaryImageOfPage":{"@id":"https:\/\/swissvitalityclinics.com\/fr\/produit\/semax-100mg\/#primaryimage"},"image":{"@id":"https:\/\/swissvitalityclinics.com\/fr\/produit\/semax-100mg\/#primaryimage"},"thumbnailUrl":"https:\/\/swissvitalityclinics.com\/wp-content\/uploads\/2024\/03\/Screenshot-2024-03-27-at-12.30.57.png","datePublished":"2024-03-27T11:16:11+00:00","dateModified":"2024-06-27T14:41:07+00:00","breadcrumb":{"@id":"https:\/\/swissvitalityclinics.com\/fr\/produit\/semax-100mg\/#breadcrumb"},"inLanguage":"fr-FR","potentialAction":[{"@type":"ReadAction","target":["https:\/\/swissvitalityclinics.com\/fr\/produit\/semax-100mg\/"]}]},{"@type":"ImageObject","inLanguage":"fr-FR","@id":"https:\/\/swissvitalityclinics.com\/fr\/produit\/semax-100mg\/#primaryimage","url":"https:\/\/swissvitalityclinics.com\/wp-content\/uploads\/2024\/03\/Screenshot-2024-03-27-at-12.30.57.png","contentUrl":"https:\/\/swissvitalityclinics.com\/wp-content\/uploads\/2024\/03\/Screenshot-2024-03-27-at-12.30.57.png","width":1532,"height":708},{"@type":"BreadcrumbList","@id":"https:\/\/swissvitalityclinics.com\/fr\/produit\/semax-100mg\/#breadcrumb","itemListElement":[{"@type":"ListItem","position":1,"name":"Home","item":"https:\/\/swissvitalityclinics.com\/fr\/accueil\/"},{"@type":"ListItem","position":2,"name":"Boutique","item":"https:\/\/swissvitalityclinics.com\/fr\/boutique\/"},{"@type":"ListItem","position":3,"name":"Semax 100mg"}]},{"@type":"WebSite","@id":"https:\/\/swissvitalityclinics.com\/fr\/#website","url":"https:\/\/swissvitalityclinics.com\/fr\/","name":"Swiss Vitality Clinics","description":"Epigenetics, Inuspherese, Nano Therapy","publisher":{"@id":"https:\/\/swissvitalityclinics.com\/fr\/#organization"},"potentialAction":[{"@type":"SearchAction","target":{"@type":"EntryPoint","urlTemplate":"https:\/\/swissvitalityclinics.com\/fr\/?s={search_term_string}"},"query-input":{"@type":"PropertyValueSpecification","valueRequired":true,"valueName":"search_term_string"}}],"inLanguage":"fr-FR"},{"@type":"Organization","@id":"https:\/\/swissvitalityclinics.com\/fr\/#organization","name":"Swiss Vitality Clinics","url":"https:\/\/swissvitalityclinics.com\/fr\/","logo":{"@type":"ImageObject","inLanguage":"fr-FR","@id":"https:\/\/swissvitalityclinics.com\/fr\/#\/schema\/logo\/image\/","url":"https:\/\/swissvitalityclinics.com\/wp-content\/uploads\/2024\/02\/Swiss-Vitality-Clinics-Logo-002-02-3000px.png","contentUrl":"https:\/\/swissvitalityclinics.com\/wp-content\/uploads\/2024\/02\/Swiss-Vitality-Clinics-Logo-002-02-3000px.png","width":3000,"height":542,"caption":"Swiss Vitality Clinics"},"image":{"@id":"https:\/\/swissvitalityclinics.com\/fr\/#\/schema\/logo\/image\/"}}]}},"_links":{"self":[{"href":"https:\/\/swissvitalityclinics.com\/fr\/wp-json\/wp\/v2\/product\/3879","targetHints":{"allow":["GET"]}}],"collection":[{"href":"https:\/\/swissvitalityclinics.com\/fr\/wp-json\/wp\/v2\/product"}],"about":[{"href":"https:\/\/swissvitalityclinics.com\/fr\/wp-json\/wp\/v2\/types\/product"}],"replies":[{"embeddable":true,"href":"https:\/\/swissvitalityclinics.com\/fr\/wp-json\/wp\/v2\/comments?post=3879"}],"wp:featuredmedia":[{"embeddable":true,"href":"https:\/\/swissvitalityclinics.com\/fr\/wp-json\/wp\/v2\/media\/3881"}],"wp:attachment":[{"href":"https:\/\/swissvitalityclinics.com\/fr\/wp-json\/wp\/v2\/media?parent=3879"}],"wp:term":[{"taxonomy":"product_brand","embeddable":true,"href":"https:\/\/swissvitalityclinics.com\/fr\/wp-json\/wp\/v2\/product_brand?post=3879"},{"taxonomy":"product_cat","embeddable":true,"href":"https:\/\/swissvitalityclinics.com\/fr\/wp-json\/wp\/v2\/product_cat?post=3879"},{"taxonomy":"product_tag","embeddable":true,"href":"https:\/\/swissvitalityclinics.com\/fr\/wp-json\/wp\/v2\/product_tag?post=3879"}],"curies":[{"name":"wp","href":"https:\/\/api.w.org\/{rel}","templated":true}]}}