{"id":3897,"date":"2024-02-09T14:27:47","date_gmt":"2024-02-09T14:27:47","guid":{"rendered":"https:\/\/swissvitalityclinics.com\/product\/biopeptides-la-sante-et-la-securite-au-travail\/"},"modified":"2024-06-27T14:47:52","modified_gmt":"2024-06-27T14:47:52","slug":"biopeptides-la-sante-et-la-securite-au-travail","status":"publish","type":"product","link":"https:\/\/swissvitalityclinics.com\/fr\/produit\/biopeptides-la-sante-et-la-securite-au-travail\/","title":{"rendered":"BioPeptides\u00ae"},"content":{"rendered":"<p><strong>Exploitez la puissance de la communication cellulaire : BioPeptides\u00ae &#8211; Vos alli\u00e9s cibl\u00e9s pour la sant\u00e9.<\/strong><\/p>\n<p data-sourcepos=\"39:1-39:251\">Imaginez que vous puissiez influencer directement votre communication cellulaire pour optimiser votre sant\u00e9. Les BioPeptides\u00ae rendent cela possible. Ces courtes cha\u00eenes d&rsquo;acides amin\u00e9s, naturellement pr\u00e9sentes dans divers aliments, agissent comme de puissants messagers dans votre corps.<\/p>\n<p data-sourcepos=\"41:1-41:313\">Notre approche personnalis\u00e9e s\u00e9lectionne des BioPeptides\u00ae sp\u00e9cifiques adapt\u00e9s \u00e0 vos besoins uniques. Cette approche cibl\u00e9e peut soutenir le m\u00e9tabolisme, l&rsquo;immunit\u00e9, la fonction cognitive, la r\u00e9paration cellulaire et bien plus encore. Les BioPeptides\u00ae fonctionnent en synergie avec les autres services de Swiss Vitality pour un plan de bien-\u00eatre complet et personnalis\u00e9.<\/p>\n","protected":false},"excerpt":{"rendered":"<p>Les BioPeptides\u00ae sont des mol\u00e9cules de signalisation naturelles qui soutiennent des processus cellulaires sp\u00e9cifiques. D\u00e9couvrez leur approche cibl\u00e9e pour optimiser votre sant\u00e9 et votre bien-\u00eatre.<\/p>\n","protected":false},"featured_media":3898,"comment_status":"open","ping_status":"closed","template":"","meta":{"_acf_changed":false},"product_brand":[],"product_cat":[84],"product_tag":[],"class_list":{"0":"post-3897","1":"product","2":"type-product","3":"status-publish","4":"has-post-thumbnail","6":"product_cat-nano-therapie-fr","8":"first","9":"instock","10":"shipping-taxable","11":"product-type-simple"},"acf":[],"yoast_head":"<!-- This site is optimized with the Yoast SEO plugin v26.2 - https:\/\/yoast.com\/wordpress\/plugins\/seo\/ -->\n<title>BioPeptides\u00ae - Swiss Vitality Clinics<\/title>\n<meta name=\"robots\" content=\"index, follow, max-snippet:-1, max-image-preview:large, max-video-preview:-1\" \/>\n<link rel=\"canonical\" href=\"https:\/\/swissvitalityclinics.com\/fr\/produit\/biopeptides-la-sante-et-la-securite-au-travail\/\" \/>\n<meta property=\"og:locale\" content=\"fr_FR\" \/>\n<meta property=\"og:type\" content=\"article\" \/>\n<meta property=\"og:title\" content=\"BioPeptides\u00ae - Swiss Vitality Clinics\" \/>\n<meta property=\"og:description\" content=\"Les BioPeptides\u00ae sont des mol\u00e9cules de signalisation naturelles qui soutiennent des processus cellulaires sp\u00e9cifiques. D\u00e9couvrez leur approche cibl\u00e9e pour optimiser votre sant\u00e9 et votre bien-\u00eatre.\" \/>\n<meta property=\"og:url\" content=\"https:\/\/swissvitalityclinics.com\/fr\/produit\/biopeptides-la-sante-et-la-securite-au-travail\/\" \/>\n<meta property=\"og:site_name\" content=\"Swiss Vitality Clinics\" \/>\n<meta property=\"article:modified_time\" content=\"2024-06-27T14:47:52+00:00\" \/>\n<meta property=\"og:image\" content=\"https:\/\/swissvitalityclinics.com\/wp-content\/uploads\/2024\/02\/sharon-pittaway-4_hFxTsmaO4-unsplash-scaled.jpg\" \/>\n\t<meta property=\"og:image:width\" content=\"1709\" \/>\n\t<meta property=\"og:image:height\" content=\"2560\" \/>\n\t<meta property=\"og:image:type\" content=\"image\/jpeg\" \/>\n<meta name=\"twitter:card\" content=\"summary_large_image\" \/>\n<meta name=\"twitter:label1\" content=\"Dur\u00e9e de lecture estim\u00e9e\" \/>\n\t<meta name=\"twitter:data1\" content=\"1 minute\" \/>\n<script type=\"application\/ld+json\" class=\"yoast-schema-graph\">{\"@context\":\"https:\/\/schema.org\",\"@graph\":[{\"@type\":\"WebPage\",\"@id\":\"https:\/\/swissvitalityclinics.com\/fr\/produit\/biopeptides-la-sante-et-la-securite-au-travail\/\",\"url\":\"https:\/\/swissvitalityclinics.com\/fr\/produit\/biopeptides-la-sante-et-la-securite-au-travail\/\",\"name\":\"BioPeptides\u00ae - Swiss Vitality Clinics\",\"isPartOf\":{\"@id\":\"https:\/\/swissvitalityclinics.com\/fr\/#website\"},\"primaryImageOfPage\":{\"@id\":\"https:\/\/swissvitalityclinics.com\/fr\/produit\/biopeptides-la-sante-et-la-securite-au-travail\/#primaryimage\"},\"image\":{\"@id\":\"https:\/\/swissvitalityclinics.com\/fr\/produit\/biopeptides-la-sante-et-la-securite-au-travail\/#primaryimage\"},\"thumbnailUrl\":\"https:\/\/swissvitalityclinics.com\/wp-content\/uploads\/2024\/02\/sharon-pittaway-4_hFxTsmaO4-unsplash-scaled.jpg\",\"datePublished\":\"2024-02-09T14:27:47+00:00\",\"dateModified\":\"2024-06-27T14:47:52+00:00\",\"breadcrumb\":{\"@id\":\"https:\/\/swissvitalityclinics.com\/fr\/produit\/biopeptides-la-sante-et-la-securite-au-travail\/#breadcrumb\"},\"inLanguage\":\"fr-FR\",\"potentialAction\":[{\"@type\":\"ReadAction\",\"target\":[\"https:\/\/swissvitalityclinics.com\/fr\/produit\/biopeptides-la-sante-et-la-securite-au-travail\/\"]}]},{\"@type\":\"ImageObject\",\"inLanguage\":\"fr-FR\",\"@id\":\"https:\/\/swissvitalityclinics.com\/fr\/produit\/biopeptides-la-sante-et-la-securite-au-travail\/#primaryimage\",\"url\":\"https:\/\/swissvitalityclinics.com\/wp-content\/uploads\/2024\/02\/sharon-pittaway-4_hFxTsmaO4-unsplash-scaled.jpg\",\"contentUrl\":\"https:\/\/swissvitalityclinics.com\/wp-content\/uploads\/2024\/02\/sharon-pittaway-4_hFxTsmaO4-unsplash-scaled.jpg\",\"width\":1709,\"height\":2560},{\"@type\":\"BreadcrumbList\",\"@id\":\"https:\/\/swissvitalityclinics.com\/fr\/produit\/biopeptides-la-sante-et-la-securite-au-travail\/#breadcrumb\",\"itemListElement\":[{\"@type\":\"ListItem\",\"position\":1,\"name\":\"Home\",\"item\":\"https:\/\/swissvitalityclinics.com\/fr\/accueil\/\"},{\"@type\":\"ListItem\",\"position\":2,\"name\":\"Boutique\",\"item\":\"https:\/\/swissvitalityclinics.com\/fr\/boutique\/\"},{\"@type\":\"ListItem\",\"position\":3,\"name\":\"BioPeptides\u00ae\"}]},{\"@type\":\"WebSite\",\"@id\":\"https:\/\/swissvitalityclinics.com\/fr\/#website\",\"url\":\"https:\/\/swissvitalityclinics.com\/fr\/\",\"name\":\"Swiss Vitality Clinics\",\"description\":\"Epigenetics, Inuspherese, Nano Therapy\",\"publisher\":{\"@id\":\"https:\/\/swissvitalityclinics.com\/fr\/#organization\"},\"potentialAction\":[{\"@type\":\"SearchAction\",\"target\":{\"@type\":\"EntryPoint\",\"urlTemplate\":\"https:\/\/swissvitalityclinics.com\/fr\/?s={search_term_string}\"},\"query-input\":{\"@type\":\"PropertyValueSpecification\",\"valueRequired\":true,\"valueName\":\"search_term_string\"}}],\"inLanguage\":\"fr-FR\"},{\"@type\":\"Organization\",\"@id\":\"https:\/\/swissvitalityclinics.com\/fr\/#organization\",\"name\":\"Swiss Vitality Clinics\",\"url\":\"https:\/\/swissvitalityclinics.com\/fr\/\",\"logo\":{\"@type\":\"ImageObject\",\"inLanguage\":\"fr-FR\",\"@id\":\"https:\/\/swissvitalityclinics.com\/fr\/#\/schema\/logo\/image\/\",\"url\":\"https:\/\/swissvitalityclinics.com\/wp-content\/uploads\/2024\/02\/Swiss-Vitality-Clinics-Logo-002-02-3000px.png\",\"contentUrl\":\"https:\/\/swissvitalityclinics.com\/wp-content\/uploads\/2024\/02\/Swiss-Vitality-Clinics-Logo-002-02-3000px.png\",\"width\":3000,\"height\":542,\"caption\":\"Swiss Vitality Clinics\"},\"image\":{\"@id\":\"https:\/\/swissvitalityclinics.com\/fr\/#\/schema\/logo\/image\/\"}}]}<\/script>\n<!-- \/ Yoast SEO plugin. -->","yoast_head_json":{"title":"BioPeptides\u00ae - Swiss Vitality Clinics","robots":{"index":"index","follow":"follow","max-snippet":"max-snippet:-1","max-image-preview":"max-image-preview:large","max-video-preview":"max-video-preview:-1"},"canonical":"https:\/\/swissvitalityclinics.com\/fr\/produit\/biopeptides-la-sante-et-la-securite-au-travail\/","og_locale":"fr_FR","og_type":"article","og_title":"BioPeptides\u00ae - Swiss Vitality Clinics","og_description":"Les BioPeptides\u00ae sont des mol\u00e9cules de signalisation naturelles qui soutiennent des processus cellulaires sp\u00e9cifiques. D\u00e9couvrez leur approche cibl\u00e9e pour optimiser votre sant\u00e9 et votre bien-\u00eatre.","og_url":"https:\/\/swissvitalityclinics.com\/fr\/produit\/biopeptides-la-sante-et-la-securite-au-travail\/","og_site_name":"Swiss Vitality Clinics","article_modified_time":"2024-06-27T14:47:52+00:00","og_image":[{"width":1709,"height":2560,"url":"https:\/\/swissvitalityclinics.com\/wp-content\/uploads\/2024\/02\/sharon-pittaway-4_hFxTsmaO4-unsplash-scaled.jpg","type":"image\/jpeg"}],"twitter_card":"summary_large_image","twitter_misc":{"Dur\u00e9e de lecture estim\u00e9e":"1 minute"},"schema":{"@context":"https:\/\/schema.org","@graph":[{"@type":"WebPage","@id":"https:\/\/swissvitalityclinics.com\/fr\/produit\/biopeptides-la-sante-et-la-securite-au-travail\/","url":"https:\/\/swissvitalityclinics.com\/fr\/produit\/biopeptides-la-sante-et-la-securite-au-travail\/","name":"BioPeptides\u00ae - Swiss Vitality Clinics","isPartOf":{"@id":"https:\/\/swissvitalityclinics.com\/fr\/#website"},"primaryImageOfPage":{"@id":"https:\/\/swissvitalityclinics.com\/fr\/produit\/biopeptides-la-sante-et-la-securite-au-travail\/#primaryimage"},"image":{"@id":"https:\/\/swissvitalityclinics.com\/fr\/produit\/biopeptides-la-sante-et-la-securite-au-travail\/#primaryimage"},"thumbnailUrl":"https:\/\/swissvitalityclinics.com\/wp-content\/uploads\/2024\/02\/sharon-pittaway-4_hFxTsmaO4-unsplash-scaled.jpg","datePublished":"2024-02-09T14:27:47+00:00","dateModified":"2024-06-27T14:47:52+00:00","breadcrumb":{"@id":"https:\/\/swissvitalityclinics.com\/fr\/produit\/biopeptides-la-sante-et-la-securite-au-travail\/#breadcrumb"},"inLanguage":"fr-FR","potentialAction":[{"@type":"ReadAction","target":["https:\/\/swissvitalityclinics.com\/fr\/produit\/biopeptides-la-sante-et-la-securite-au-travail\/"]}]},{"@type":"ImageObject","inLanguage":"fr-FR","@id":"https:\/\/swissvitalityclinics.com\/fr\/produit\/biopeptides-la-sante-et-la-securite-au-travail\/#primaryimage","url":"https:\/\/swissvitalityclinics.com\/wp-content\/uploads\/2024\/02\/sharon-pittaway-4_hFxTsmaO4-unsplash-scaled.jpg","contentUrl":"https:\/\/swissvitalityclinics.com\/wp-content\/uploads\/2024\/02\/sharon-pittaway-4_hFxTsmaO4-unsplash-scaled.jpg","width":1709,"height":2560},{"@type":"BreadcrumbList","@id":"https:\/\/swissvitalityclinics.com\/fr\/produit\/biopeptides-la-sante-et-la-securite-au-travail\/#breadcrumb","itemListElement":[{"@type":"ListItem","position":1,"name":"Home","item":"https:\/\/swissvitalityclinics.com\/fr\/accueil\/"},{"@type":"ListItem","position":2,"name":"Boutique","item":"https:\/\/swissvitalityclinics.com\/fr\/boutique\/"},{"@type":"ListItem","position":3,"name":"BioPeptides\u00ae"}]},{"@type":"WebSite","@id":"https:\/\/swissvitalityclinics.com\/fr\/#website","url":"https:\/\/swissvitalityclinics.com\/fr\/","name":"Swiss Vitality Clinics","description":"Epigenetics, Inuspherese, Nano Therapy","publisher":{"@id":"https:\/\/swissvitalityclinics.com\/fr\/#organization"},"potentialAction":[{"@type":"SearchAction","target":{"@type":"EntryPoint","urlTemplate":"https:\/\/swissvitalityclinics.com\/fr\/?s={search_term_string}"},"query-input":{"@type":"PropertyValueSpecification","valueRequired":true,"valueName":"search_term_string"}}],"inLanguage":"fr-FR"},{"@type":"Organization","@id":"https:\/\/swissvitalityclinics.com\/fr\/#organization","name":"Swiss Vitality Clinics","url":"https:\/\/swissvitalityclinics.com\/fr\/","logo":{"@type":"ImageObject","inLanguage":"fr-FR","@id":"https:\/\/swissvitalityclinics.com\/fr\/#\/schema\/logo\/image\/","url":"https:\/\/swissvitalityclinics.com\/wp-content\/uploads\/2024\/02\/Swiss-Vitality-Clinics-Logo-002-02-3000px.png","contentUrl":"https:\/\/swissvitalityclinics.com\/wp-content\/uploads\/2024\/02\/Swiss-Vitality-Clinics-Logo-002-02-3000px.png","width":3000,"height":542,"caption":"Swiss Vitality Clinics"},"image":{"@id":"https:\/\/swissvitalityclinics.com\/fr\/#\/schema\/logo\/image\/"}}]}},"_links":{"self":[{"href":"https:\/\/swissvitalityclinics.com\/fr\/wp-json\/wp\/v2\/product\/3897","targetHints":{"allow":["GET"]}}],"collection":[{"href":"https:\/\/swissvitalityclinics.com\/fr\/wp-json\/wp\/v2\/product"}],"about":[{"href":"https:\/\/swissvitalityclinics.com\/fr\/wp-json\/wp\/v2\/types\/product"}],"replies":[{"embeddable":true,"href":"https:\/\/swissvitalityclinics.com\/fr\/wp-json\/wp\/v2\/comments?post=3897"}],"wp:featuredmedia":[{"embeddable":true,"href":"https:\/\/swissvitalityclinics.com\/fr\/wp-json\/wp\/v2\/media\/3898"}],"wp:attachment":[{"href":"https:\/\/swissvitalityclinics.com\/fr\/wp-json\/wp\/v2\/media?parent=3897"}],"wp:term":[{"taxonomy":"product_brand","embeddable":true,"href":"https:\/\/swissvitalityclinics.com\/fr\/wp-json\/wp\/v2\/product_brand?post=3897"},{"taxonomy":"product_cat","embeddable":true,"href":"https:\/\/swissvitalityclinics.com\/fr\/wp-json\/wp\/v2\/product_cat?post=3897"},{"taxonomy":"product_tag","embeddable":true,"href":"https:\/\/swissvitalityclinics.com\/fr\/wp-json\/wp\/v2\/product_tag?post=3897"}],"curies":[{"name":"wp","href":"https:\/\/api.w.org\/{rel}","templated":true}]}}