{"id":5292,"date":"2025-02-17T14:25:46","date_gmt":"2025-02-17T14:25:46","guid":{"rendered":"https:\/\/swissvitalityclinics.com\/product\/mydrip\/"},"modified":"2025-02-17T14:29:06","modified_gmt":"2025-02-17T14:29:06","slug":"mydrip","status":"publish","type":"product","link":"https:\/\/swissvitalityclinics.com\/fr\/produit\/mydrip\/","title":{"rendered":"myDrip"},"content":{"rendered":"<p><strong>R\u00e9approvisionnez. Revitalisez. Rajeunissez : Faites l&rsquo;exp\u00e9rience de la diff\u00e9rence. Nourrissez votre corps de l&rsquo;int\u00e9rieur et d\u00e9couvrez nos traitements intraveineux personnalis\u00e9s \u00e0 base de vitamines et de min\u00e9raux.   <\/strong><\/p>\n<p>Dans le monde rapide d&rsquo;aujourd&rsquo;hui, maintenir une sant\u00e9 optimale peut \u00eatre un d\u00e9fi. myDrip\u00ae offre un moyen pratique et efficace de se r\u00e9approvisionner en vitamines et min\u00e9raux essentiels, en soutenant les fonctions naturelles de votre corps et en favorisant le bien-\u00eatre g\u00e9n\u00e9ral. Nos formulations personnalis\u00e9es de goutte-\u00e0-goutte IV d\u00e9livrent des nutriments vitaux directement dans votre circulation sanguine, en contournant le syst\u00e8me digestif pour une absorption maximale et un impact imm\u00e9diat. Que vous soyez \u00e0 la recherche d&rsquo;un regain d&rsquo;\u00e9nergie, d&rsquo;une immunit\u00e9 renforc\u00e9e, d&rsquo;une meilleure hydratation ou d&rsquo;un soutien pour des objectifs de sant\u00e9 sp\u00e9cifiques, myDrip\u00ae a une solution sur mesure pour vous. Nos professionnels de la sant\u00e9 exp\u00e9riment\u00e9s vous guideront tout au long du processus, vous garantissant une exp\u00e9rience s\u00fbre et confortable.    <\/p>\n<ul>\n<li data-sourcepos=\"17:1-17:95\"><strong>Formulations personnalis\u00e9es :<\/strong> Des gouttes sur mesure pour r\u00e9pondre \u00e0 vos besoins individuels et \u00e0 vos objectifs de sant\u00e9.<\/li>\n<li data-sourcepos=\"19:1-19:91\"><strong>Des professionnels de la sant\u00e9 exp\u00e9riment\u00e9s :<\/strong> Des m\u00e9decins et des infirmi\u00e8res certifi\u00e9s administrent toutes les perfusions.<\/li>\n<li data-sourcepos=\"22:1-22:96\"><strong>Absorption maximale :<\/strong> Les nutriments sont d\u00e9livr\u00e9s directement dans la circulation sanguine pour un b\u00e9n\u00e9fice optimal.<\/li>\n<li><strong>Environnement s\u00fbr et confortable :<\/strong> Le cadre de la clinique est relaxant et professionnel.<\/li>\n<\/ul>\n","protected":false},"excerpt":{"rendered":"<p>R\u00e9approvisionnez. Revitalisez. Rajeunissez : Faites l&rsquo;exp\u00e9rience de la diff\u00e9rence. Nourrissez votre corps de l&rsquo;int\u00e9rieur et d\u00e9couvrez nos traitements intraveineux personnalis\u00e9s \u00e0 base de vitamines et de min\u00e9raux. Dans le monde rapide d&rsquo;aujourd&rsquo;hui, maintenir une sant\u00e9 optimale peut \u00eatre un d\u00e9fi. myDrip\u00ae offre un moyen pratique et efficace de se r\u00e9approvisionner en vitamines et min\u00e9raux essentiels, [&hellip;]<\/p>\n","protected":false},"featured_media":5300,"comment_status":"open","ping_status":"closed","template":"","meta":{"_acf_changed":false},"product_brand":[],"product_cat":[78],"product_tag":[],"class_list":{"0":"post-5292","1":"product","2":"type-product","3":"status-publish","4":"has-post-thumbnail","6":"product_cat-analyse-fr","8":"first","9":"instock","10":"shipping-taxable","11":"product-type-simple"},"acf":[],"yoast_head":"<!-- This site is optimized with the Yoast SEO plugin v26.2 - https:\/\/yoast.com\/wordpress\/plugins\/seo\/ -->\n<title>myDrip - Swiss Vitality Clinics<\/title>\n<meta name=\"robots\" content=\"index, follow, max-snippet:-1, max-image-preview:large, max-video-preview:-1\" \/>\n<link rel=\"canonical\" href=\"https:\/\/swissvitalityclinics.com\/fr\/produit\/mydrip\/\" \/>\n<meta property=\"og:locale\" content=\"fr_FR\" \/>\n<meta property=\"og:type\" content=\"article\" \/>\n<meta property=\"og:title\" content=\"myDrip - Swiss Vitality Clinics\" \/>\n<meta property=\"og:description\" content=\"R\u00e9approvisionnez. Revitalisez. Rajeunissez : Faites l&rsquo;exp\u00e9rience de la diff\u00e9rence. Nourrissez votre corps de l&rsquo;int\u00e9rieur et d\u00e9couvrez nos traitements intraveineux personnalis\u00e9s \u00e0 base de vitamines et de min\u00e9raux. Dans le monde rapide d&rsquo;aujourd&rsquo;hui, maintenir une sant\u00e9 optimale peut \u00eatre un d\u00e9fi. myDrip\u00ae offre un moyen pratique et efficace de se r\u00e9approvisionner en vitamines et min\u00e9raux essentiels, [&hellip;]\" \/>\n<meta property=\"og:url\" content=\"https:\/\/swissvitalityclinics.com\/fr\/produit\/mydrip\/\" \/>\n<meta property=\"og:site_name\" content=\"Swiss Vitality Clinics\" \/>\n<meta property=\"article:modified_time\" content=\"2025-02-17T14:29:06+00:00\" \/>\n<meta property=\"og:image\" content=\"https:\/\/swissvitalityclinics.com\/wp-content\/uploads\/2025\/02\/izzy-gibson-sFrkWv4ACJg-unsplash-scaled.jpg\" \/>\n\t<meta property=\"og:image:width\" content=\"2560\" \/>\n\t<meta property=\"og:image:height\" content=\"1793\" \/>\n\t<meta property=\"og:image:type\" content=\"image\/jpeg\" \/>\n<meta name=\"twitter:card\" content=\"summary_large_image\" \/>\n<meta name=\"twitter:label1\" content=\"Dur\u00e9e de lecture estim\u00e9e\" \/>\n\t<meta name=\"twitter:data1\" content=\"1 minute\" \/>\n<script type=\"application\/ld+json\" class=\"yoast-schema-graph\">{\"@context\":\"https:\/\/schema.org\",\"@graph\":[{\"@type\":\"WebPage\",\"@id\":\"https:\/\/swissvitalityclinics.com\/fr\/produit\/mydrip\/\",\"url\":\"https:\/\/swissvitalityclinics.com\/fr\/produit\/mydrip\/\",\"name\":\"myDrip - Swiss Vitality Clinics\",\"isPartOf\":{\"@id\":\"https:\/\/swissvitalityclinics.com\/fr\/#website\"},\"primaryImageOfPage\":{\"@id\":\"https:\/\/swissvitalityclinics.com\/fr\/produit\/mydrip\/#primaryimage\"},\"image\":{\"@id\":\"https:\/\/swissvitalityclinics.com\/fr\/produit\/mydrip\/#primaryimage\"},\"thumbnailUrl\":\"https:\/\/swissvitalityclinics.com\/wp-content\/uploads\/2025\/02\/izzy-gibson-sFrkWv4ACJg-unsplash-scaled.jpg\",\"datePublished\":\"2025-02-17T14:25:46+00:00\",\"dateModified\":\"2025-02-17T14:29:06+00:00\",\"breadcrumb\":{\"@id\":\"https:\/\/swissvitalityclinics.com\/fr\/produit\/mydrip\/#breadcrumb\"},\"inLanguage\":\"fr-FR\",\"potentialAction\":[{\"@type\":\"ReadAction\",\"target\":[\"https:\/\/swissvitalityclinics.com\/fr\/produit\/mydrip\/\"]}]},{\"@type\":\"ImageObject\",\"inLanguage\":\"fr-FR\",\"@id\":\"https:\/\/swissvitalityclinics.com\/fr\/produit\/mydrip\/#primaryimage\",\"url\":\"https:\/\/swissvitalityclinics.com\/wp-content\/uploads\/2025\/02\/izzy-gibson-sFrkWv4ACJg-unsplash-scaled.jpg\",\"contentUrl\":\"https:\/\/swissvitalityclinics.com\/wp-content\/uploads\/2025\/02\/izzy-gibson-sFrkWv4ACJg-unsplash-scaled.jpg\",\"width\":2560,\"height\":1793},{\"@type\":\"BreadcrumbList\",\"@id\":\"https:\/\/swissvitalityclinics.com\/fr\/produit\/mydrip\/#breadcrumb\",\"itemListElement\":[{\"@type\":\"ListItem\",\"position\":1,\"name\":\"Home\",\"item\":\"https:\/\/swissvitalityclinics.com\/fr\/accueil\/\"},{\"@type\":\"ListItem\",\"position\":2,\"name\":\"Boutique\",\"item\":\"https:\/\/swissvitalityclinics.com\/fr\/boutique\/\"},{\"@type\":\"ListItem\",\"position\":3,\"name\":\"myDrip\"}]},{\"@type\":\"WebSite\",\"@id\":\"https:\/\/swissvitalityclinics.com\/fr\/#website\",\"url\":\"https:\/\/swissvitalityclinics.com\/fr\/\",\"name\":\"Swiss Vitality Clinics\",\"description\":\"Epigenetics, Inuspherese, Nano Therapy\",\"publisher\":{\"@id\":\"https:\/\/swissvitalityclinics.com\/fr\/#organization\"},\"potentialAction\":[{\"@type\":\"SearchAction\",\"target\":{\"@type\":\"EntryPoint\",\"urlTemplate\":\"https:\/\/swissvitalityclinics.com\/fr\/?s={search_term_string}\"},\"query-input\":{\"@type\":\"PropertyValueSpecification\",\"valueRequired\":true,\"valueName\":\"search_term_string\"}}],\"inLanguage\":\"fr-FR\"},{\"@type\":\"Organization\",\"@id\":\"https:\/\/swissvitalityclinics.com\/fr\/#organization\",\"name\":\"Swiss Vitality Clinics\",\"url\":\"https:\/\/swissvitalityclinics.com\/fr\/\",\"logo\":{\"@type\":\"ImageObject\",\"inLanguage\":\"fr-FR\",\"@id\":\"https:\/\/swissvitalityclinics.com\/fr\/#\/schema\/logo\/image\/\",\"url\":\"https:\/\/swissvitalityclinics.com\/wp-content\/uploads\/2024\/02\/Swiss-Vitality-Clinics-Logo-002-02-3000px.png\",\"contentUrl\":\"https:\/\/swissvitalityclinics.com\/wp-content\/uploads\/2024\/02\/Swiss-Vitality-Clinics-Logo-002-02-3000px.png\",\"width\":3000,\"height\":542,\"caption\":\"Swiss Vitality Clinics\"},\"image\":{\"@id\":\"https:\/\/swissvitalityclinics.com\/fr\/#\/schema\/logo\/image\/\"}}]}<\/script>\n<!-- \/ Yoast SEO plugin. -->","yoast_head_json":{"title":"myDrip - Swiss Vitality Clinics","robots":{"index":"index","follow":"follow","max-snippet":"max-snippet:-1","max-image-preview":"max-image-preview:large","max-video-preview":"max-video-preview:-1"},"canonical":"https:\/\/swissvitalityclinics.com\/fr\/produit\/mydrip\/","og_locale":"fr_FR","og_type":"article","og_title":"myDrip - Swiss Vitality Clinics","og_description":"R\u00e9approvisionnez. Revitalisez. Rajeunissez : Faites l&rsquo;exp\u00e9rience de la diff\u00e9rence. Nourrissez votre corps de l&rsquo;int\u00e9rieur et d\u00e9couvrez nos traitements intraveineux personnalis\u00e9s \u00e0 base de vitamines et de min\u00e9raux. Dans le monde rapide d&rsquo;aujourd&rsquo;hui, maintenir une sant\u00e9 optimale peut \u00eatre un d\u00e9fi. myDrip\u00ae offre un moyen pratique et efficace de se r\u00e9approvisionner en vitamines et min\u00e9raux essentiels, [&hellip;]","og_url":"https:\/\/swissvitalityclinics.com\/fr\/produit\/mydrip\/","og_site_name":"Swiss Vitality Clinics","article_modified_time":"2025-02-17T14:29:06+00:00","og_image":[{"width":2560,"height":1793,"url":"https:\/\/swissvitalityclinics.com\/wp-content\/uploads\/2025\/02\/izzy-gibson-sFrkWv4ACJg-unsplash-scaled.jpg","type":"image\/jpeg"}],"twitter_card":"summary_large_image","twitter_misc":{"Dur\u00e9e de lecture estim\u00e9e":"1 minute"},"schema":{"@context":"https:\/\/schema.org","@graph":[{"@type":"WebPage","@id":"https:\/\/swissvitalityclinics.com\/fr\/produit\/mydrip\/","url":"https:\/\/swissvitalityclinics.com\/fr\/produit\/mydrip\/","name":"myDrip - Swiss Vitality Clinics","isPartOf":{"@id":"https:\/\/swissvitalityclinics.com\/fr\/#website"},"primaryImageOfPage":{"@id":"https:\/\/swissvitalityclinics.com\/fr\/produit\/mydrip\/#primaryimage"},"image":{"@id":"https:\/\/swissvitalityclinics.com\/fr\/produit\/mydrip\/#primaryimage"},"thumbnailUrl":"https:\/\/swissvitalityclinics.com\/wp-content\/uploads\/2025\/02\/izzy-gibson-sFrkWv4ACJg-unsplash-scaled.jpg","datePublished":"2025-02-17T14:25:46+00:00","dateModified":"2025-02-17T14:29:06+00:00","breadcrumb":{"@id":"https:\/\/swissvitalityclinics.com\/fr\/produit\/mydrip\/#breadcrumb"},"inLanguage":"fr-FR","potentialAction":[{"@type":"ReadAction","target":["https:\/\/swissvitalityclinics.com\/fr\/produit\/mydrip\/"]}]},{"@type":"ImageObject","inLanguage":"fr-FR","@id":"https:\/\/swissvitalityclinics.com\/fr\/produit\/mydrip\/#primaryimage","url":"https:\/\/swissvitalityclinics.com\/wp-content\/uploads\/2025\/02\/izzy-gibson-sFrkWv4ACJg-unsplash-scaled.jpg","contentUrl":"https:\/\/swissvitalityclinics.com\/wp-content\/uploads\/2025\/02\/izzy-gibson-sFrkWv4ACJg-unsplash-scaled.jpg","width":2560,"height":1793},{"@type":"BreadcrumbList","@id":"https:\/\/swissvitalityclinics.com\/fr\/produit\/mydrip\/#breadcrumb","itemListElement":[{"@type":"ListItem","position":1,"name":"Home","item":"https:\/\/swissvitalityclinics.com\/fr\/accueil\/"},{"@type":"ListItem","position":2,"name":"Boutique","item":"https:\/\/swissvitalityclinics.com\/fr\/boutique\/"},{"@type":"ListItem","position":3,"name":"myDrip"}]},{"@type":"WebSite","@id":"https:\/\/swissvitalityclinics.com\/fr\/#website","url":"https:\/\/swissvitalityclinics.com\/fr\/","name":"Swiss Vitality Clinics","description":"Epigenetics, Inuspherese, Nano Therapy","publisher":{"@id":"https:\/\/swissvitalityclinics.com\/fr\/#organization"},"potentialAction":[{"@type":"SearchAction","target":{"@type":"EntryPoint","urlTemplate":"https:\/\/swissvitalityclinics.com\/fr\/?s={search_term_string}"},"query-input":{"@type":"PropertyValueSpecification","valueRequired":true,"valueName":"search_term_string"}}],"inLanguage":"fr-FR"},{"@type":"Organization","@id":"https:\/\/swissvitalityclinics.com\/fr\/#organization","name":"Swiss Vitality Clinics","url":"https:\/\/swissvitalityclinics.com\/fr\/","logo":{"@type":"ImageObject","inLanguage":"fr-FR","@id":"https:\/\/swissvitalityclinics.com\/fr\/#\/schema\/logo\/image\/","url":"https:\/\/swissvitalityclinics.com\/wp-content\/uploads\/2024\/02\/Swiss-Vitality-Clinics-Logo-002-02-3000px.png","contentUrl":"https:\/\/swissvitalityclinics.com\/wp-content\/uploads\/2024\/02\/Swiss-Vitality-Clinics-Logo-002-02-3000px.png","width":3000,"height":542,"caption":"Swiss Vitality Clinics"},"image":{"@id":"https:\/\/swissvitalityclinics.com\/fr\/#\/schema\/logo\/image\/"}}]}},"_links":{"self":[{"href":"https:\/\/swissvitalityclinics.com\/fr\/wp-json\/wp\/v2\/product\/5292","targetHints":{"allow":["GET"]}}],"collection":[{"href":"https:\/\/swissvitalityclinics.com\/fr\/wp-json\/wp\/v2\/product"}],"about":[{"href":"https:\/\/swissvitalityclinics.com\/fr\/wp-json\/wp\/v2\/types\/product"}],"replies":[{"embeddable":true,"href":"https:\/\/swissvitalityclinics.com\/fr\/wp-json\/wp\/v2\/comments?post=5292"}],"wp:featuredmedia":[{"embeddable":true,"href":"https:\/\/swissvitalityclinics.com\/fr\/wp-json\/wp\/v2\/media\/5300"}],"wp:attachment":[{"href":"https:\/\/swissvitalityclinics.com\/fr\/wp-json\/wp\/v2\/media?parent=5292"}],"wp:term":[{"taxonomy":"product_brand","embeddable":true,"href":"https:\/\/swissvitalityclinics.com\/fr\/wp-json\/wp\/v2\/product_brand?post=5292"},{"taxonomy":"product_cat","embeddable":true,"href":"https:\/\/swissvitalityclinics.com\/fr\/wp-json\/wp\/v2\/product_cat?post=5292"},{"taxonomy":"product_tag","embeddable":true,"href":"https:\/\/swissvitalityclinics.com\/fr\/wp-json\/wp\/v2\/product_tag?post=5292"}],"curies":[{"name":"wp","href":"https:\/\/api.w.org\/{rel}","templated":true}]}}