{"id":3804,"date":"2024-03-27T11:12:06","date_gmt":"2024-03-27T11:12:06","guid":{"rendered":"https:\/\/swissvitalityclinics.com\/product\/prostata-b-16\/"},"modified":"2024-06-27T14:42:14","modified_gmt":"2024-06-27T14:42:14","slug":"prostata-b-16","status":"publish","type":"product","link":"https:\/\/swissvitalityclinics.com\/it\/prodotto\/prostata-b-16\/","title":{"rendered":"Prostata B-16"},"content":{"rendered":"<div class=\"page\" title=\"Pagina 16\">\n<div class=\"section\">\n<div class=\"layoutArea\">\n<div class=\"column\">\n<p>Prostate B-16\u00ae normalizza il metabolismo delle cellule della prostata. Il pool di peptidi regolatori della ghiandola prostatica viene rifornito, contribuendo a ottimizzarne le funzioni.Libidon\u00ae It iperplasia, prostatite cronica, cos\u00ec come nelle fasce d&#8217;et\u00e0 pi\u00f9 avanzate per mantenere la funzionalit\u00e0 del sistema riproduttivo.<\/p>\n<\/div>\n<\/div>\n<\/div>\n<\/div>\n","protected":false},"excerpt":{"rendered":"<p>Prostate B-16\u00ae normalizza il metabolismo delle cellule della prostata. Il pool di peptidi regolatori della ghiandola prostatica viene rifornito, contribuendo a ottimizzarne le funzioni.Libidon\u00ae It iperplasia, prostatite cronica, cos\u00ec come nelle fasce d&#8217;et\u00e0 pi\u00f9 avanzate per mantenere la funzionalit\u00e0 del sistema riproduttivo.<\/p>\n","protected":false},"featured_media":3808,"comment_status":"open","ping_status":"closed","template":"","meta":{"_acf_changed":false},"product_brand":[],"product_cat":[75],"product_tag":[],"class_list":{"0":"post-3804","1":"product","2":"type-product","3":"status-publish","4":"has-post-thumbnail","6":"product_cat-nano-terapia-it","8":"first","9":"instock","10":"shipping-taxable","11":"product-type-simple"},"acf":[],"yoast_head":"<!-- This site is optimized with the Yoast SEO plugin v26.2 - https:\/\/yoast.com\/wordpress\/plugins\/seo\/ -->\n<title>Prostata B-16 - Swiss Vitality Clinics<\/title>\n<meta name=\"robots\" content=\"index, follow, max-snippet:-1, max-image-preview:large, max-video-preview:-1\" \/>\n<link rel=\"canonical\" href=\"https:\/\/swissvitalityclinics.com\/it\/prodotto\/prostata-b-16\/\" \/>\n<meta property=\"og:locale\" content=\"it_IT\" \/>\n<meta property=\"og:type\" content=\"article\" \/>\n<meta property=\"og:title\" content=\"Prostata B-16 - Swiss Vitality Clinics\" \/>\n<meta property=\"og:description\" content=\"Prostate B-16\u00ae normalizza il metabolismo delle cellule della prostata. Il pool di peptidi regolatori della ghiandola prostatica viene rifornito, contribuendo a ottimizzarne le funzioni.Libidon\u00ae It iperplasia, prostatite cronica, cos\u00ec come nelle fasce d&#8217;et\u00e0 pi\u00f9 avanzate per mantenere la funzionalit\u00e0 del sistema riproduttivo.\" \/>\n<meta property=\"og:url\" content=\"https:\/\/swissvitalityclinics.com\/it\/prodotto\/prostata-b-16\/\" \/>\n<meta property=\"og:site_name\" content=\"Swiss Vitality Clinics\" \/>\n<meta property=\"article:modified_time\" content=\"2024-06-27T14:42:14+00:00\" \/>\n<meta property=\"og:image\" content=\"https:\/\/swissvitalityclinics.com\/wp-content\/uploads\/2024\/03\/Screenshot-2024-03-27-at-12.27.36.png\" \/>\n\t<meta property=\"og:image:width\" content=\"1529\" \/>\n\t<meta property=\"og:image:height\" content=\"698\" \/>\n\t<meta property=\"og:image:type\" content=\"image\/png\" \/>\n<meta name=\"twitter:card\" content=\"summary_large_image\" \/>\n<script type=\"application\/ld+json\" class=\"yoast-schema-graph\">{\"@context\":\"https:\/\/schema.org\",\"@graph\":[{\"@type\":\"WebPage\",\"@id\":\"https:\/\/swissvitalityclinics.com\/it\/prodotto\/prostata-b-16\/\",\"url\":\"https:\/\/swissvitalityclinics.com\/it\/prodotto\/prostata-b-16\/\",\"name\":\"Prostata B-16 - Swiss Vitality Clinics\",\"isPartOf\":{\"@id\":\"https:\/\/swissvitalityclinics.com\/it\/#website\"},\"primaryImageOfPage\":{\"@id\":\"https:\/\/swissvitalityclinics.com\/it\/prodotto\/prostata-b-16\/#primaryimage\"},\"image\":{\"@id\":\"https:\/\/swissvitalityclinics.com\/it\/prodotto\/prostata-b-16\/#primaryimage\"},\"thumbnailUrl\":\"https:\/\/swissvitalityclinics.com\/wp-content\/uploads\/2024\/03\/Screenshot-2024-03-27-at-12.27.36.png\",\"datePublished\":\"2024-03-27T11:12:06+00:00\",\"dateModified\":\"2024-06-27T14:42:14+00:00\",\"breadcrumb\":{\"@id\":\"https:\/\/swissvitalityclinics.com\/it\/prodotto\/prostata-b-16\/#breadcrumb\"},\"inLanguage\":\"it-IT\",\"potentialAction\":[{\"@type\":\"ReadAction\",\"target\":[\"https:\/\/swissvitalityclinics.com\/it\/prodotto\/prostata-b-16\/\"]}]},{\"@type\":\"ImageObject\",\"inLanguage\":\"it-IT\",\"@id\":\"https:\/\/swissvitalityclinics.com\/it\/prodotto\/prostata-b-16\/#primaryimage\",\"url\":\"https:\/\/swissvitalityclinics.com\/wp-content\/uploads\/2024\/03\/Screenshot-2024-03-27-at-12.27.36.png\",\"contentUrl\":\"https:\/\/swissvitalityclinics.com\/wp-content\/uploads\/2024\/03\/Screenshot-2024-03-27-at-12.27.36.png\",\"width\":1529,\"height\":698},{\"@type\":\"BreadcrumbList\",\"@id\":\"https:\/\/swissvitalityclinics.com\/it\/prodotto\/prostata-b-16\/#breadcrumb\",\"itemListElement\":[{\"@type\":\"ListItem\",\"position\":1,\"name\":\"Home\",\"item\":\"https:\/\/swissvitalityclinics.com\/it\/casa\/\"},{\"@type\":\"ListItem\",\"position\":2,\"name\":\"Negozio\",\"item\":\"https:\/\/swissvitalityclinics.com\/it\/negozio\/\"},{\"@type\":\"ListItem\",\"position\":3,\"name\":\"Prostata B-16\"}]},{\"@type\":\"WebSite\",\"@id\":\"https:\/\/swissvitalityclinics.com\/it\/#website\",\"url\":\"https:\/\/swissvitalityclinics.com\/it\/\",\"name\":\"Swiss Vitality Clinics\",\"description\":\"Epigenetics, Inuspherese, Nano Therapy\",\"publisher\":{\"@id\":\"https:\/\/swissvitalityclinics.com\/it\/#organization\"},\"potentialAction\":[{\"@type\":\"SearchAction\",\"target\":{\"@type\":\"EntryPoint\",\"urlTemplate\":\"https:\/\/swissvitalityclinics.com\/it\/?s={search_term_string}\"},\"query-input\":{\"@type\":\"PropertyValueSpecification\",\"valueRequired\":true,\"valueName\":\"search_term_string\"}}],\"inLanguage\":\"it-IT\"},{\"@type\":\"Organization\",\"@id\":\"https:\/\/swissvitalityclinics.com\/it\/#organization\",\"name\":\"Swiss Vitality Clinics\",\"url\":\"https:\/\/swissvitalityclinics.com\/it\/\",\"logo\":{\"@type\":\"ImageObject\",\"inLanguage\":\"it-IT\",\"@id\":\"https:\/\/swissvitalityclinics.com\/it\/#\/schema\/logo\/image\/\",\"url\":\"https:\/\/swissvitalityclinics.com\/wp-content\/uploads\/2024\/02\/Swiss-Vitality-Clinics-Logo-002-02-3000px.png\",\"contentUrl\":\"https:\/\/swissvitalityclinics.com\/wp-content\/uploads\/2024\/02\/Swiss-Vitality-Clinics-Logo-002-02-3000px.png\",\"width\":3000,\"height\":542,\"caption\":\"Swiss Vitality Clinics\"},\"image\":{\"@id\":\"https:\/\/swissvitalityclinics.com\/it\/#\/schema\/logo\/image\/\"}}]}<\/script>\n<!-- \/ Yoast SEO plugin. -->","yoast_head_json":{"title":"Prostata B-16 - Swiss Vitality Clinics","robots":{"index":"index","follow":"follow","max-snippet":"max-snippet:-1","max-image-preview":"max-image-preview:large","max-video-preview":"max-video-preview:-1"},"canonical":"https:\/\/swissvitalityclinics.com\/it\/prodotto\/prostata-b-16\/","og_locale":"it_IT","og_type":"article","og_title":"Prostata B-16 - Swiss Vitality Clinics","og_description":"Prostate B-16\u00ae normalizza il metabolismo delle cellule della prostata. Il pool di peptidi regolatori della ghiandola prostatica viene rifornito, contribuendo a ottimizzarne le funzioni.Libidon\u00ae It iperplasia, prostatite cronica, cos\u00ec come nelle fasce d&#8217;et\u00e0 pi\u00f9 avanzate per mantenere la funzionalit\u00e0 del sistema riproduttivo.","og_url":"https:\/\/swissvitalityclinics.com\/it\/prodotto\/prostata-b-16\/","og_site_name":"Swiss Vitality Clinics","article_modified_time":"2024-06-27T14:42:14+00:00","og_image":[{"width":1529,"height":698,"url":"https:\/\/swissvitalityclinics.com\/wp-content\/uploads\/2024\/03\/Screenshot-2024-03-27-at-12.27.36.png","type":"image\/png"}],"twitter_card":"summary_large_image","schema":{"@context":"https:\/\/schema.org","@graph":[{"@type":"WebPage","@id":"https:\/\/swissvitalityclinics.com\/it\/prodotto\/prostata-b-16\/","url":"https:\/\/swissvitalityclinics.com\/it\/prodotto\/prostata-b-16\/","name":"Prostata B-16 - Swiss Vitality Clinics","isPartOf":{"@id":"https:\/\/swissvitalityclinics.com\/it\/#website"},"primaryImageOfPage":{"@id":"https:\/\/swissvitalityclinics.com\/it\/prodotto\/prostata-b-16\/#primaryimage"},"image":{"@id":"https:\/\/swissvitalityclinics.com\/it\/prodotto\/prostata-b-16\/#primaryimage"},"thumbnailUrl":"https:\/\/swissvitalityclinics.com\/wp-content\/uploads\/2024\/03\/Screenshot-2024-03-27-at-12.27.36.png","datePublished":"2024-03-27T11:12:06+00:00","dateModified":"2024-06-27T14:42:14+00:00","breadcrumb":{"@id":"https:\/\/swissvitalityclinics.com\/it\/prodotto\/prostata-b-16\/#breadcrumb"},"inLanguage":"it-IT","potentialAction":[{"@type":"ReadAction","target":["https:\/\/swissvitalityclinics.com\/it\/prodotto\/prostata-b-16\/"]}]},{"@type":"ImageObject","inLanguage":"it-IT","@id":"https:\/\/swissvitalityclinics.com\/it\/prodotto\/prostata-b-16\/#primaryimage","url":"https:\/\/swissvitalityclinics.com\/wp-content\/uploads\/2024\/03\/Screenshot-2024-03-27-at-12.27.36.png","contentUrl":"https:\/\/swissvitalityclinics.com\/wp-content\/uploads\/2024\/03\/Screenshot-2024-03-27-at-12.27.36.png","width":1529,"height":698},{"@type":"BreadcrumbList","@id":"https:\/\/swissvitalityclinics.com\/it\/prodotto\/prostata-b-16\/#breadcrumb","itemListElement":[{"@type":"ListItem","position":1,"name":"Home","item":"https:\/\/swissvitalityclinics.com\/it\/casa\/"},{"@type":"ListItem","position":2,"name":"Negozio","item":"https:\/\/swissvitalityclinics.com\/it\/negozio\/"},{"@type":"ListItem","position":3,"name":"Prostata B-16"}]},{"@type":"WebSite","@id":"https:\/\/swissvitalityclinics.com\/it\/#website","url":"https:\/\/swissvitalityclinics.com\/it\/","name":"Swiss Vitality Clinics","description":"Epigenetics, Inuspherese, Nano Therapy","publisher":{"@id":"https:\/\/swissvitalityclinics.com\/it\/#organization"},"potentialAction":[{"@type":"SearchAction","target":{"@type":"EntryPoint","urlTemplate":"https:\/\/swissvitalityclinics.com\/it\/?s={search_term_string}"},"query-input":{"@type":"PropertyValueSpecification","valueRequired":true,"valueName":"search_term_string"}}],"inLanguage":"it-IT"},{"@type":"Organization","@id":"https:\/\/swissvitalityclinics.com\/it\/#organization","name":"Swiss Vitality Clinics","url":"https:\/\/swissvitalityclinics.com\/it\/","logo":{"@type":"ImageObject","inLanguage":"it-IT","@id":"https:\/\/swissvitalityclinics.com\/it\/#\/schema\/logo\/image\/","url":"https:\/\/swissvitalityclinics.com\/wp-content\/uploads\/2024\/02\/Swiss-Vitality-Clinics-Logo-002-02-3000px.png","contentUrl":"https:\/\/swissvitalityclinics.com\/wp-content\/uploads\/2024\/02\/Swiss-Vitality-Clinics-Logo-002-02-3000px.png","width":3000,"height":542,"caption":"Swiss Vitality Clinics"},"image":{"@id":"https:\/\/swissvitalityclinics.com\/it\/#\/schema\/logo\/image\/"}}]}},"_links":{"self":[{"href":"https:\/\/swissvitalityclinics.com\/it\/wp-json\/wp\/v2\/product\/3804","targetHints":{"allow":["GET"]}}],"collection":[{"href":"https:\/\/swissvitalityclinics.com\/it\/wp-json\/wp\/v2\/product"}],"about":[{"href":"https:\/\/swissvitalityclinics.com\/it\/wp-json\/wp\/v2\/types\/product"}],"replies":[{"embeddable":true,"href":"https:\/\/swissvitalityclinics.com\/it\/wp-json\/wp\/v2\/comments?post=3804"}],"wp:featuredmedia":[{"embeddable":true,"href":"https:\/\/swissvitalityclinics.com\/it\/wp-json\/wp\/v2\/media\/3808"}],"wp:attachment":[{"href":"https:\/\/swissvitalityclinics.com\/it\/wp-json\/wp\/v2\/media?parent=3804"}],"wp:term":[{"taxonomy":"product_brand","embeddable":true,"href":"https:\/\/swissvitalityclinics.com\/it\/wp-json\/wp\/v2\/product_brand?post=3804"},{"taxonomy":"product_cat","embeddable":true,"href":"https:\/\/swissvitalityclinics.com\/it\/wp-json\/wp\/v2\/product_cat?post=3804"},{"taxonomy":"product_tag","embeddable":true,"href":"https:\/\/swissvitalityclinics.com\/it\/wp-json\/wp\/v2\/product_tag?post=3804"}],"curies":[{"name":"wp","href":"https:\/\/api.w.org\/{rel}","templated":true}]}}