{"id":3523,"date":"2024-02-09T14:28:15","date_gmt":"2024-02-09T14:28:15","guid":{"rendered":"https:\/\/swissvitalityclinics.com\/product\/biorithm\/"},"modified":"2024-06-27T14:43:59","modified_gmt":"2024-06-27T14:43:59","slug":"BioRisk","status":"publish","type":"product","link":"https:\/\/swissvitalityclinics.com\/nl\/product\/BioRisk\/","title":{"rendered":"BioRisk\u00ae"},"content":{"rendered":"<p><strong>Ontgrendel uw genetische blauwdruk: BioRisk\u00ae DNA Profiling &#8211; Uw persoonlijke routekaart naar gezondheid.<\/strong><\/p>\n<p data-sourcepos=\"29:1-29:232\">Je genen vormen de sleutel tot het begrijpen van je unieke gezondheidspotentieel. BioRisk\u00ae DNA profiling ontsluit deze code en analyseert duizenden genetische markers om potenti\u00eble risico&#8217;s voor verschillende gezondheidsaandoeningen bloot te leggen.<\/p>\n<p data-sourcepos=\"31:1-31:249\">Deze persoonlijke gegevens stellen jou en je zorgverlener in staat om een proactief plan op te stellen. BioRisk\u00ae gaat verder dan het identificeren van risico&#8217;s; het wijst ook genetische sterke punten aan die u kunt gebruiken om uw gezondheid, voeding en levensstijlkeuzes te optimaliseren.<\/p>\n<p data-sourcepos=\"31:1-31:249\"><strong>Hoe werkt het?<\/strong><\/p>\n<div class=\"page\" title=\"Pagina 5\">\n<div class=\"section\">\n<div class=\"layoutArea\">\n<div class=\"column\">\n<p>Aan de hand van een salviamonster berekent het algoritme een risicoprofiel. De resultaten worden via een persoonlijke code ge\u00fcpload naar de pati\u00ebnten App. Het lab kent geen persoonlijke gegevens. Elke pati\u00ebnt kan zijn persoonlijke risicoprofiel uploaden naar het portaal van de Swiss Vitality Clinic Partner. Nu wordt het gepersonaliseerde BioRegulator Protocol gemaakt door de kliniek.<\/p>\n<p><strong>Ontworpen voor privacy<\/strong><\/p>\n<\/div>\n<p>Het laboratorium handhaaft strikte vertrouwelijkheid en beschikt niet over persoonlijke gegevens. Pati\u00ebnten kunnen hun persoonlijke risicoprofiel anoniem uploaden naar het portaal van de Swiss Vitality Clinic Partner. Vervolgens wordt er door Swiss Vitality Clinics een gepersonaliseerd BioRegulators Protocol opgesteld, waarmee een aanpak op maat voor het welzijnstraject van elke pati\u00ebnt wordt gegarandeerd.<\/p>\n<p>&nbsp;<\/p>\n<p>&nbsp;<\/p>\n<\/div>\n<\/div>\n<\/div>\n","protected":false},"excerpt":{"rendered":"<p data-sourcepos=\"27:1-27:194\">Ontdek uw unieke genetische aanleg met BioRisk\u00ae DNA profiling. Verwerf inzichten om uw gezondheidszorg te personaliseren, toekomstige risico&#8217;s te voorkomen en uw welzijn te optimaliseren.<\/p>\n","protected":false},"featured_media":3524,"comment_status":"open","ping_status":"closed","template":"","meta":{"_acf_changed":false},"product_brand":[],"product_cat":[80],"product_tag":[],"class_list":{"0":"post-3523","1":"product","2":"type-product","3":"status-publish","4":"has-post-thumbnail","6":"product_cat-analyse-nl","8":"first","9":"instock","10":"shipping-taxable","11":"product-type-simple"},"acf":[],"yoast_head":"<!-- This site is optimized with the Yoast SEO plugin v26.2 - https:\/\/yoast.com\/wordpress\/plugins\/seo\/ -->\n<title>BioRisk\u00ae - Swiss Vitality Clinics<\/title>\n<meta name=\"robots\" content=\"index, follow, max-snippet:-1, max-image-preview:large, max-video-preview:-1\" \/>\n<link rel=\"canonical\" href=\"https:\/\/swissvitalityclinics.com\/nl\/product\/BioRisk\/\" \/>\n<meta property=\"og:locale\" content=\"nl_NL\" \/>\n<meta property=\"og:type\" content=\"article\" \/>\n<meta property=\"og:title\" content=\"BioRisk\u00ae - Swiss Vitality Clinics\" \/>\n<meta property=\"og:description\" content=\"Ontdek uw unieke genetische aanleg met BioRisk\u00ae DNA profiling. Verwerf inzichten om uw gezondheidszorg te personaliseren, toekomstige risico&#039;s te voorkomen en uw welzijn te optimaliseren.\" \/>\n<meta property=\"og:url\" content=\"https:\/\/swissvitalityclinics.com\/nl\/product\/BioRisk\/\" \/>\n<meta property=\"og:site_name\" content=\"Swiss Vitality Clinics\" \/>\n<meta property=\"article:modified_time\" content=\"2024-06-27T14:43:59+00:00\" \/>\n<meta property=\"og:image\" content=\"https:\/\/swissvitalityclinics.com\/wp-content\/uploads\/2024\/02\/DNA.jpeg\" \/>\n\t<meta property=\"og:image:width\" content=\"1756\" \/>\n\t<meta property=\"og:image:height\" content=\"742\" \/>\n\t<meta property=\"og:image:type\" content=\"image\/jpeg\" \/>\n<meta name=\"twitter:card\" content=\"summary_large_image\" \/>\n<meta name=\"twitter:label1\" content=\"Geschatte leestijd\" \/>\n\t<meta name=\"twitter:data1\" content=\"1 minuut\" \/>\n<script type=\"application\/ld+json\" class=\"yoast-schema-graph\">{\"@context\":\"https:\/\/schema.org\",\"@graph\":[{\"@type\":\"WebPage\",\"@id\":\"https:\/\/swissvitalityclinics.com\/nl\/product\/BioRisk\/\",\"url\":\"https:\/\/swissvitalityclinics.com\/nl\/product\/BioRisk\/\",\"name\":\"BioRisk\u00ae - Swiss Vitality Clinics\",\"isPartOf\":{\"@id\":\"https:\/\/swissvitalityclinics.com\/nl\/#website\"},\"primaryImageOfPage\":{\"@id\":\"https:\/\/swissvitalityclinics.com\/nl\/product\/BioRisk\/#primaryimage\"},\"image\":{\"@id\":\"https:\/\/swissvitalityclinics.com\/nl\/product\/BioRisk\/#primaryimage\"},\"thumbnailUrl\":\"https:\/\/swissvitalityclinics.com\/wp-content\/uploads\/2024\/02\/DNA.jpeg\",\"datePublished\":\"2024-02-09T14:28:15+00:00\",\"dateModified\":\"2024-06-27T14:43:59+00:00\",\"breadcrumb\":{\"@id\":\"https:\/\/swissvitalityclinics.com\/nl\/product\/BioRisk\/#breadcrumb\"},\"inLanguage\":\"nl-NL\",\"potentialAction\":[{\"@type\":\"ReadAction\",\"target\":[\"https:\/\/swissvitalityclinics.com\/nl\/product\/BioRisk\/\"]}]},{\"@type\":\"ImageObject\",\"inLanguage\":\"nl-NL\",\"@id\":\"https:\/\/swissvitalityclinics.com\/nl\/product\/BioRisk\/#primaryimage\",\"url\":\"https:\/\/swissvitalityclinics.com\/wp-content\/uploads\/2024\/02\/DNA.jpeg\",\"contentUrl\":\"https:\/\/swissvitalityclinics.com\/wp-content\/uploads\/2024\/02\/DNA.jpeg\",\"width\":1756,\"height\":742,\"caption\":\"Dna. Originele afbeelding uit het publieke domein van Wikimedia Commons\"},{\"@type\":\"BreadcrumbList\",\"@id\":\"https:\/\/swissvitalityclinics.com\/nl\/product\/BioRisk\/#breadcrumb\",\"itemListElement\":[{\"@type\":\"ListItem\",\"position\":1,\"name\":\"Home\",\"item\":\"https:\/\/swissvitalityclinics.com\/nl\/home\/\"},{\"@type\":\"ListItem\",\"position\":2,\"name\":\"Winkel op\",\"item\":\"https:\/\/swissvitalityclinics.com\/nl\/winkel-op\/\"},{\"@type\":\"ListItem\",\"position\":3,\"name\":\"BioRisk\u00ae\"}]},{\"@type\":\"WebSite\",\"@id\":\"https:\/\/swissvitalityclinics.com\/nl\/#website\",\"url\":\"https:\/\/swissvitalityclinics.com\/nl\/\",\"name\":\"Swiss Vitality Clinics\",\"description\":\"Epigenetics, Inuspherese, Nano Therapy\",\"publisher\":{\"@id\":\"https:\/\/swissvitalityclinics.com\/nl\/#organization\"},\"potentialAction\":[{\"@type\":\"SearchAction\",\"target\":{\"@type\":\"EntryPoint\",\"urlTemplate\":\"https:\/\/swissvitalityclinics.com\/nl\/?s={search_term_string}\"},\"query-input\":{\"@type\":\"PropertyValueSpecification\",\"valueRequired\":true,\"valueName\":\"search_term_string\"}}],\"inLanguage\":\"nl-NL\"},{\"@type\":\"Organization\",\"@id\":\"https:\/\/swissvitalityclinics.com\/nl\/#organization\",\"name\":\"Swiss Vitality Clinics\",\"url\":\"https:\/\/swissvitalityclinics.com\/nl\/\",\"logo\":{\"@type\":\"ImageObject\",\"inLanguage\":\"nl-NL\",\"@id\":\"https:\/\/swissvitalityclinics.com\/nl\/#\/schema\/logo\/image\/\",\"url\":\"https:\/\/swissvitalityclinics.com\/wp-content\/uploads\/2024\/02\/Swiss-Vitality-Clinics-Logo-002-02-3000px.png\",\"contentUrl\":\"https:\/\/swissvitalityclinics.com\/wp-content\/uploads\/2024\/02\/Swiss-Vitality-Clinics-Logo-002-02-3000px.png\",\"width\":3000,\"height\":542,\"caption\":\"Swiss Vitality Clinics\"},\"image\":{\"@id\":\"https:\/\/swissvitalityclinics.com\/nl\/#\/schema\/logo\/image\/\"}}]}<\/script>\n<!-- \/ Yoast SEO plugin. -->","yoast_head_json":{"title":"BioRisk\u00ae - Swiss Vitality Clinics","robots":{"index":"index","follow":"follow","max-snippet":"max-snippet:-1","max-image-preview":"max-image-preview:large","max-video-preview":"max-video-preview:-1"},"canonical":"https:\/\/swissvitalityclinics.com\/nl\/product\/BioRisk\/","og_locale":"nl_NL","og_type":"article","og_title":"BioRisk\u00ae - Swiss Vitality Clinics","og_description":"Ontdek uw unieke genetische aanleg met BioRisk\u00ae DNA profiling. Verwerf inzichten om uw gezondheidszorg te personaliseren, toekomstige risico's te voorkomen en uw welzijn te optimaliseren.","og_url":"https:\/\/swissvitalityclinics.com\/nl\/product\/BioRisk\/","og_site_name":"Swiss Vitality Clinics","article_modified_time":"2024-06-27T14:43:59+00:00","og_image":[{"width":1756,"height":742,"url":"https:\/\/swissvitalityclinics.com\/wp-content\/uploads\/2024\/02\/DNA.jpeg","type":"image\/jpeg"}],"twitter_card":"summary_large_image","twitter_misc":{"Geschatte leestijd":"1 minuut"},"schema":{"@context":"https:\/\/schema.org","@graph":[{"@type":"WebPage","@id":"https:\/\/swissvitalityclinics.com\/nl\/product\/BioRisk\/","url":"https:\/\/swissvitalityclinics.com\/nl\/product\/BioRisk\/","name":"BioRisk\u00ae - Swiss Vitality Clinics","isPartOf":{"@id":"https:\/\/swissvitalityclinics.com\/nl\/#website"},"primaryImageOfPage":{"@id":"https:\/\/swissvitalityclinics.com\/nl\/product\/BioRisk\/#primaryimage"},"image":{"@id":"https:\/\/swissvitalityclinics.com\/nl\/product\/BioRisk\/#primaryimage"},"thumbnailUrl":"https:\/\/swissvitalityclinics.com\/wp-content\/uploads\/2024\/02\/DNA.jpeg","datePublished":"2024-02-09T14:28:15+00:00","dateModified":"2024-06-27T14:43:59+00:00","breadcrumb":{"@id":"https:\/\/swissvitalityclinics.com\/nl\/product\/BioRisk\/#breadcrumb"},"inLanguage":"nl-NL","potentialAction":[{"@type":"ReadAction","target":["https:\/\/swissvitalityclinics.com\/nl\/product\/BioRisk\/"]}]},{"@type":"ImageObject","inLanguage":"nl-NL","@id":"https:\/\/swissvitalityclinics.com\/nl\/product\/BioRisk\/#primaryimage","url":"https:\/\/swissvitalityclinics.com\/wp-content\/uploads\/2024\/02\/DNA.jpeg","contentUrl":"https:\/\/swissvitalityclinics.com\/wp-content\/uploads\/2024\/02\/DNA.jpeg","width":1756,"height":742,"caption":"Dna. Originele afbeelding uit het publieke domein van Wikimedia Commons"},{"@type":"BreadcrumbList","@id":"https:\/\/swissvitalityclinics.com\/nl\/product\/BioRisk\/#breadcrumb","itemListElement":[{"@type":"ListItem","position":1,"name":"Home","item":"https:\/\/swissvitalityclinics.com\/nl\/home\/"},{"@type":"ListItem","position":2,"name":"Winkel op","item":"https:\/\/swissvitalityclinics.com\/nl\/winkel-op\/"},{"@type":"ListItem","position":3,"name":"BioRisk\u00ae"}]},{"@type":"WebSite","@id":"https:\/\/swissvitalityclinics.com\/nl\/#website","url":"https:\/\/swissvitalityclinics.com\/nl\/","name":"Swiss Vitality Clinics","description":"Epigenetics, Inuspherese, Nano Therapy","publisher":{"@id":"https:\/\/swissvitalityclinics.com\/nl\/#organization"},"potentialAction":[{"@type":"SearchAction","target":{"@type":"EntryPoint","urlTemplate":"https:\/\/swissvitalityclinics.com\/nl\/?s={search_term_string}"},"query-input":{"@type":"PropertyValueSpecification","valueRequired":true,"valueName":"search_term_string"}}],"inLanguage":"nl-NL"},{"@type":"Organization","@id":"https:\/\/swissvitalityclinics.com\/nl\/#organization","name":"Swiss Vitality Clinics","url":"https:\/\/swissvitalityclinics.com\/nl\/","logo":{"@type":"ImageObject","inLanguage":"nl-NL","@id":"https:\/\/swissvitalityclinics.com\/nl\/#\/schema\/logo\/image\/","url":"https:\/\/swissvitalityclinics.com\/wp-content\/uploads\/2024\/02\/Swiss-Vitality-Clinics-Logo-002-02-3000px.png","contentUrl":"https:\/\/swissvitalityclinics.com\/wp-content\/uploads\/2024\/02\/Swiss-Vitality-Clinics-Logo-002-02-3000px.png","width":3000,"height":542,"caption":"Swiss Vitality Clinics"},"image":{"@id":"https:\/\/swissvitalityclinics.com\/nl\/#\/schema\/logo\/image\/"}}]}},"_links":{"self":[{"href":"https:\/\/swissvitalityclinics.com\/nl\/wp-json\/wp\/v2\/product\/3523","targetHints":{"allow":["GET"]}}],"collection":[{"href":"https:\/\/swissvitalityclinics.com\/nl\/wp-json\/wp\/v2\/product"}],"about":[{"href":"https:\/\/swissvitalityclinics.com\/nl\/wp-json\/wp\/v2\/types\/product"}],"replies":[{"embeddable":true,"href":"https:\/\/swissvitalityclinics.com\/nl\/wp-json\/wp\/v2\/comments?post=3523"}],"wp:featuredmedia":[{"embeddable":true,"href":"https:\/\/swissvitalityclinics.com\/nl\/wp-json\/wp\/v2\/media\/3524"}],"wp:attachment":[{"href":"https:\/\/swissvitalityclinics.com\/nl\/wp-json\/wp\/v2\/media?parent=3523"}],"wp:term":[{"taxonomy":"product_brand","embeddable":true,"href":"https:\/\/swissvitalityclinics.com\/nl\/wp-json\/wp\/v2\/product_brand?post=3523"},{"taxonomy":"product_cat","embeddable":true,"href":"https:\/\/swissvitalityclinics.com\/nl\/wp-json\/wp\/v2\/product_cat?post=3523"},{"taxonomy":"product_tag","embeddable":true,"href":"https:\/\/swissvitalityclinics.com\/nl\/wp-json\/wp\/v2\/product_tag?post=3523"}],"curies":[{"name":"wp","href":"https:\/\/api.w.org\/{rel}","templated":true}]}}