{"id":3851,"date":"2024-03-27T11:13:18","date_gmt":"2024-03-27T11:13:18","guid":{"rendered":"https:\/\/swissvitalityclinics.com\/product\/osteo-b-21\/"},"modified":"2024-06-27T14:41:42","modified_gmt":"2024-06-27T14:41:42","slug":"osteo-b-21","status":"publish","type":"product","link":"https:\/\/swissvitalityclinics.com\/nl\/product\/osteo-b-21\/","title":{"rendered":"Osteo B-21\u00ae"},"content":{"rendered":"<div class=\"page\" title=\"Pagina 17\">\n<div class=\"section\">\n<div class=\"layoutArea\">\n<div class=\"column\">\n<p>Osteo B-21\u00ae Het wordt aanbevolen voor een uitgebreid herstel van de functionele activiteit van de bijschildklieren tijdens hun schendingen van verschillende oorsprong, waaronder bij hyperparathyreo\u00efdie, waaronder osteoporose, botdemineralisatie, urolithiasis, spierzwakte, evenals hypoparathyreo\u00efdie, waaronder hypocalci\u00ebmie, spierkrampen, gevoelloosheid, spieren.<\/p>\n<\/div>\n<\/div>\n<\/div>\n<\/div>\n","protected":false},"excerpt":{"rendered":"<p>Osteo B-21\u00ae Het wordt aanbevolen voor een uitgebreid herstel van de functionele activiteit van de bijschildklieren tijdens hun schendingen van verschillende oorsprong, waaronder bij hyperparathyreo\u00efdie, waaronder osteoporose, botdemineralisatie, urolithiasis, spierzwakte, evenals hypoparathyreo\u00efdie, waaronder hypocalci\u00ebmie, spierkrampen, gevoelloosheid, spieren.<\/p>\n","protected":false},"featured_media":3852,"comment_status":"open","ping_status":"closed","template":"","meta":{"_acf_changed":false},"product_brand":[],"product_cat":[76],"product_tag":[],"class_list":{"0":"post-3851","1":"product","2":"type-product","3":"status-publish","4":"has-post-thumbnail","6":"product_cat-nano-therapie-nl","8":"first","9":"instock","10":"shipping-taxable","11":"product-type-simple"},"acf":[],"yoast_head":"<!-- This site is optimized with the Yoast SEO plugin v26.2 - https:\/\/yoast.com\/wordpress\/plugins\/seo\/ -->\n<title>Osteo B-21\u00ae - Swiss Vitality Clinics<\/title>\n<meta name=\"robots\" content=\"index, follow, max-snippet:-1, max-image-preview:large, max-video-preview:-1\" \/>\n<link rel=\"canonical\" href=\"https:\/\/swissvitalityclinics.com\/nl\/product\/osteo-b-21\/\" \/>\n<meta property=\"og:locale\" content=\"nl_NL\" \/>\n<meta property=\"og:type\" content=\"article\" \/>\n<meta property=\"og:title\" content=\"Osteo B-21\u00ae - Swiss Vitality Clinics\" \/>\n<meta property=\"og:description\" content=\"Osteo B-21\u00ae Het wordt aanbevolen voor een uitgebreid herstel van de functionele activiteit van de bijschildklieren tijdens hun schendingen van verschillende oorsprong, waaronder bij hyperparathyreo\u00efdie, waaronder osteoporose, botdemineralisatie, urolithiasis, spierzwakte, evenals hypoparathyreo\u00efdie, waaronder hypocalci\u00ebmie, spierkrampen, gevoelloosheid, spieren.\" \/>\n<meta property=\"og:url\" content=\"https:\/\/swissvitalityclinics.com\/nl\/product\/osteo-b-21\/\" \/>\n<meta property=\"og:site_name\" content=\"Swiss Vitality Clinics\" \/>\n<meta property=\"article:modified_time\" content=\"2024-06-27T14:41:42+00:00\" \/>\n<meta property=\"og:image\" content=\"https:\/\/swissvitalityclinics.com\/wp-content\/uploads\/2024\/03\/Screenshot-2024-03-27-at-12.29.06.png\" \/>\n\t<meta property=\"og:image:width\" content=\"1529\" \/>\n\t<meta property=\"og:image:height\" content=\"711\" \/>\n\t<meta property=\"og:image:type\" content=\"image\/png\" \/>\n<meta name=\"twitter:card\" content=\"summary_large_image\" \/>\n<script type=\"application\/ld+json\" class=\"yoast-schema-graph\">{\"@context\":\"https:\/\/schema.org\",\"@graph\":[{\"@type\":\"WebPage\",\"@id\":\"https:\/\/swissvitalityclinics.com\/nl\/product\/osteo-b-21\/\",\"url\":\"https:\/\/swissvitalityclinics.com\/nl\/product\/osteo-b-21\/\",\"name\":\"Osteo B-21\u00ae - Swiss Vitality Clinics\",\"isPartOf\":{\"@id\":\"https:\/\/swissvitalityclinics.com\/nl\/#website\"},\"primaryImageOfPage\":{\"@id\":\"https:\/\/swissvitalityclinics.com\/nl\/product\/osteo-b-21\/#primaryimage\"},\"image\":{\"@id\":\"https:\/\/swissvitalityclinics.com\/nl\/product\/osteo-b-21\/#primaryimage\"},\"thumbnailUrl\":\"https:\/\/swissvitalityclinics.com\/wp-content\/uploads\/2024\/03\/Screenshot-2024-03-27-at-12.29.06.png\",\"datePublished\":\"2024-03-27T11:13:18+00:00\",\"dateModified\":\"2024-06-27T14:41:42+00:00\",\"breadcrumb\":{\"@id\":\"https:\/\/swissvitalityclinics.com\/nl\/product\/osteo-b-21\/#breadcrumb\"},\"inLanguage\":\"nl-NL\",\"potentialAction\":[{\"@type\":\"ReadAction\",\"target\":[\"https:\/\/swissvitalityclinics.com\/nl\/product\/osteo-b-21\/\"]}]},{\"@type\":\"ImageObject\",\"inLanguage\":\"nl-NL\",\"@id\":\"https:\/\/swissvitalityclinics.com\/nl\/product\/osteo-b-21\/#primaryimage\",\"url\":\"https:\/\/swissvitalityclinics.com\/wp-content\/uploads\/2024\/03\/Screenshot-2024-03-27-at-12.29.06.png\",\"contentUrl\":\"https:\/\/swissvitalityclinics.com\/wp-content\/uploads\/2024\/03\/Screenshot-2024-03-27-at-12.29.06.png\",\"width\":1529,\"height\":711},{\"@type\":\"BreadcrumbList\",\"@id\":\"https:\/\/swissvitalityclinics.com\/nl\/product\/osteo-b-21\/#breadcrumb\",\"itemListElement\":[{\"@type\":\"ListItem\",\"position\":1,\"name\":\"Home\",\"item\":\"https:\/\/swissvitalityclinics.com\/nl\/home\/\"},{\"@type\":\"ListItem\",\"position\":2,\"name\":\"Winkel op\",\"item\":\"https:\/\/swissvitalityclinics.com\/nl\/winkel-op\/\"},{\"@type\":\"ListItem\",\"position\":3,\"name\":\"Osteo B-21\u00ae\"}]},{\"@type\":\"WebSite\",\"@id\":\"https:\/\/swissvitalityclinics.com\/nl\/#website\",\"url\":\"https:\/\/swissvitalityclinics.com\/nl\/\",\"name\":\"Swiss Vitality Clinics\",\"description\":\"Epigenetics, Inuspherese, Nano Therapy\",\"publisher\":{\"@id\":\"https:\/\/swissvitalityclinics.com\/nl\/#organization\"},\"potentialAction\":[{\"@type\":\"SearchAction\",\"target\":{\"@type\":\"EntryPoint\",\"urlTemplate\":\"https:\/\/swissvitalityclinics.com\/nl\/?s={search_term_string}\"},\"query-input\":{\"@type\":\"PropertyValueSpecification\",\"valueRequired\":true,\"valueName\":\"search_term_string\"}}],\"inLanguage\":\"nl-NL\"},{\"@type\":\"Organization\",\"@id\":\"https:\/\/swissvitalityclinics.com\/nl\/#organization\",\"name\":\"Swiss Vitality Clinics\",\"url\":\"https:\/\/swissvitalityclinics.com\/nl\/\",\"logo\":{\"@type\":\"ImageObject\",\"inLanguage\":\"nl-NL\",\"@id\":\"https:\/\/swissvitalityclinics.com\/nl\/#\/schema\/logo\/image\/\",\"url\":\"https:\/\/swissvitalityclinics.com\/wp-content\/uploads\/2024\/02\/Swiss-Vitality-Clinics-Logo-002-02-3000px.png\",\"contentUrl\":\"https:\/\/swissvitalityclinics.com\/wp-content\/uploads\/2024\/02\/Swiss-Vitality-Clinics-Logo-002-02-3000px.png\",\"width\":3000,\"height\":542,\"caption\":\"Swiss Vitality Clinics\"},\"image\":{\"@id\":\"https:\/\/swissvitalityclinics.com\/nl\/#\/schema\/logo\/image\/\"}}]}<\/script>\n<!-- \/ Yoast SEO plugin. -->","yoast_head_json":{"title":"Osteo B-21\u00ae - Swiss Vitality Clinics","robots":{"index":"index","follow":"follow","max-snippet":"max-snippet:-1","max-image-preview":"max-image-preview:large","max-video-preview":"max-video-preview:-1"},"canonical":"https:\/\/swissvitalityclinics.com\/nl\/product\/osteo-b-21\/","og_locale":"nl_NL","og_type":"article","og_title":"Osteo B-21\u00ae - Swiss Vitality Clinics","og_description":"Osteo B-21\u00ae Het wordt aanbevolen voor een uitgebreid herstel van de functionele activiteit van de bijschildklieren tijdens hun schendingen van verschillende oorsprong, waaronder bij hyperparathyreo\u00efdie, waaronder osteoporose, botdemineralisatie, urolithiasis, spierzwakte, evenals hypoparathyreo\u00efdie, waaronder hypocalci\u00ebmie, spierkrampen, gevoelloosheid, spieren.","og_url":"https:\/\/swissvitalityclinics.com\/nl\/product\/osteo-b-21\/","og_site_name":"Swiss Vitality Clinics","article_modified_time":"2024-06-27T14:41:42+00:00","og_image":[{"width":1529,"height":711,"url":"https:\/\/swissvitalityclinics.com\/wp-content\/uploads\/2024\/03\/Screenshot-2024-03-27-at-12.29.06.png","type":"image\/png"}],"twitter_card":"summary_large_image","schema":{"@context":"https:\/\/schema.org","@graph":[{"@type":"WebPage","@id":"https:\/\/swissvitalityclinics.com\/nl\/product\/osteo-b-21\/","url":"https:\/\/swissvitalityclinics.com\/nl\/product\/osteo-b-21\/","name":"Osteo B-21\u00ae - Swiss Vitality Clinics","isPartOf":{"@id":"https:\/\/swissvitalityclinics.com\/nl\/#website"},"primaryImageOfPage":{"@id":"https:\/\/swissvitalityclinics.com\/nl\/product\/osteo-b-21\/#primaryimage"},"image":{"@id":"https:\/\/swissvitalityclinics.com\/nl\/product\/osteo-b-21\/#primaryimage"},"thumbnailUrl":"https:\/\/swissvitalityclinics.com\/wp-content\/uploads\/2024\/03\/Screenshot-2024-03-27-at-12.29.06.png","datePublished":"2024-03-27T11:13:18+00:00","dateModified":"2024-06-27T14:41:42+00:00","breadcrumb":{"@id":"https:\/\/swissvitalityclinics.com\/nl\/product\/osteo-b-21\/#breadcrumb"},"inLanguage":"nl-NL","potentialAction":[{"@type":"ReadAction","target":["https:\/\/swissvitalityclinics.com\/nl\/product\/osteo-b-21\/"]}]},{"@type":"ImageObject","inLanguage":"nl-NL","@id":"https:\/\/swissvitalityclinics.com\/nl\/product\/osteo-b-21\/#primaryimage","url":"https:\/\/swissvitalityclinics.com\/wp-content\/uploads\/2024\/03\/Screenshot-2024-03-27-at-12.29.06.png","contentUrl":"https:\/\/swissvitalityclinics.com\/wp-content\/uploads\/2024\/03\/Screenshot-2024-03-27-at-12.29.06.png","width":1529,"height":711},{"@type":"BreadcrumbList","@id":"https:\/\/swissvitalityclinics.com\/nl\/product\/osteo-b-21\/#breadcrumb","itemListElement":[{"@type":"ListItem","position":1,"name":"Home","item":"https:\/\/swissvitalityclinics.com\/nl\/home\/"},{"@type":"ListItem","position":2,"name":"Winkel op","item":"https:\/\/swissvitalityclinics.com\/nl\/winkel-op\/"},{"@type":"ListItem","position":3,"name":"Osteo B-21\u00ae"}]},{"@type":"WebSite","@id":"https:\/\/swissvitalityclinics.com\/nl\/#website","url":"https:\/\/swissvitalityclinics.com\/nl\/","name":"Swiss Vitality Clinics","description":"Epigenetics, Inuspherese, Nano Therapy","publisher":{"@id":"https:\/\/swissvitalityclinics.com\/nl\/#organization"},"potentialAction":[{"@type":"SearchAction","target":{"@type":"EntryPoint","urlTemplate":"https:\/\/swissvitalityclinics.com\/nl\/?s={search_term_string}"},"query-input":{"@type":"PropertyValueSpecification","valueRequired":true,"valueName":"search_term_string"}}],"inLanguage":"nl-NL"},{"@type":"Organization","@id":"https:\/\/swissvitalityclinics.com\/nl\/#organization","name":"Swiss Vitality Clinics","url":"https:\/\/swissvitalityclinics.com\/nl\/","logo":{"@type":"ImageObject","inLanguage":"nl-NL","@id":"https:\/\/swissvitalityclinics.com\/nl\/#\/schema\/logo\/image\/","url":"https:\/\/swissvitalityclinics.com\/wp-content\/uploads\/2024\/02\/Swiss-Vitality-Clinics-Logo-002-02-3000px.png","contentUrl":"https:\/\/swissvitalityclinics.com\/wp-content\/uploads\/2024\/02\/Swiss-Vitality-Clinics-Logo-002-02-3000px.png","width":3000,"height":542,"caption":"Swiss Vitality Clinics"},"image":{"@id":"https:\/\/swissvitalityclinics.com\/nl\/#\/schema\/logo\/image\/"}}]}},"_links":{"self":[{"href":"https:\/\/swissvitalityclinics.com\/nl\/wp-json\/wp\/v2\/product\/3851","targetHints":{"allow":["GET"]}}],"collection":[{"href":"https:\/\/swissvitalityclinics.com\/nl\/wp-json\/wp\/v2\/product"}],"about":[{"href":"https:\/\/swissvitalityclinics.com\/nl\/wp-json\/wp\/v2\/types\/product"}],"replies":[{"embeddable":true,"href":"https:\/\/swissvitalityclinics.com\/nl\/wp-json\/wp\/v2\/comments?post=3851"}],"wp:featuredmedia":[{"embeddable":true,"href":"https:\/\/swissvitalityclinics.com\/nl\/wp-json\/wp\/v2\/media\/3852"}],"wp:attachment":[{"href":"https:\/\/swissvitalityclinics.com\/nl\/wp-json\/wp\/v2\/media?parent=3851"}],"wp:term":[{"taxonomy":"product_brand","embeddable":true,"href":"https:\/\/swissvitalityclinics.com\/nl\/wp-json\/wp\/v2\/product_brand?post=3851"},{"taxonomy":"product_cat","embeddable":true,"href":"https:\/\/swissvitalityclinics.com\/nl\/wp-json\/wp\/v2\/product_cat?post=3851"},{"taxonomy":"product_tag","embeddable":true,"href":"https:\/\/swissvitalityclinics.com\/nl\/wp-json\/wp\/v2\/product_tag?post=3851"}],"curies":[{"name":"wp","href":"https:\/\/api.w.org\/{rel}","templated":true}]}}