{"id":2387,"date":"2024-02-08T15:33:54","date_gmt":"2024-02-08T15:33:54","guid":{"rendered":"https:\/\/swissvitalityclinics.com\/politica-de-reembolso-e-devolucoes\/"},"modified":"2024-04-05T07:55:32","modified_gmt":"2024-04-05T07:55:32","slug":"politica-de-reembolso-e-devolucoes","status":"publish","type":"page","link":"https:\/\/swissvitalityclinics.com\/pt-br\/politica-de-reembolso-e-devolucoes\/","title":{"rendered":"Pol\u00edtica de reembolso e devolu\u00e7\u00f5es"},"content":{"rendered":"\n<p><b>Esta \u00e9 uma p\u00e1gina de amostra.<\/b><\/p>\n\n<h3>Overview<\/h3>\n\n<p>Nossa pol\u00edtica de reembolso e devolu\u00e7\u00f5es tem dura\u00e7\u00e3o de 30 dias. Se 30 dias se passaram desde a compra, n\u00e3o poderemos oferecer reembolso total ou troca.<\/p>\n\n<p>Para ter direito \u00e0 devolu\u00e7\u00e3o, o item deve estar sem uso e nas mesmas condi\u00e7\u00f5es em que foi recebido. Ele tamb\u00e9m deve estar na embalagem original.<\/p>\n\n<p>V\u00e1rios tipos de mercadorias est\u00e3o isentos de devolu\u00e7\u00e3o. Produtos perec\u00edveis, como alimentos, flores, jornais ou revistas, n\u00e3o podem ser devolvidos. Tamb\u00e9m n\u00e3o aceitamos produtos que sejam artigos \u00edntimos ou sanit\u00e1rios, materiais perigosos ou l\u00edquidos ou gases inflam\u00e1veis.<\/p>\n\n<p>Itens adicionais que n\u00e3o podem ser devolvidos:<\/p>\n\n<ul class=\"wp-block-list\">\n<li>Cart\u00f5es-presente<\/li>\n<li>Produtos de software para download<\/li>\n<li>Alguns itens de sa\u00fade e cuidados pessoais<\/li>\n<\/ul>\n\n<p>Para concluir sua devolu\u00e7\u00e3o, precisamos de um recibo ou comprovante de compra.<\/p>\n\n<p>N\u00e3o envie sua compra de volta para o fabricante.<\/p>\n\n<p>H\u00e1 determinadas situa\u00e7\u00f5es em que apenas reembolsos parciais s\u00e3o concedidos:<\/p>\n\n<ul class=\"wp-block-list\">\n<li>Livro com sinais \u00f3bvios de uso<\/li>\n<li>CD, DVD, fita VHS, software, videogame, fita cassete ou disco de vinil que tenha sido aberto.<\/li>\n<li>Qualquer item que n\u00e3o esteja em sua condi\u00e7\u00e3o original, esteja danificado ou faltando pe\u00e7as por motivos que n\u00e3o se devam a erro nosso.<\/li>\n<li>Qualquer item que seja devolvido mais de 30 dias ap\u00f3s a entrega<\/li>\n<\/ul>\n\n<h2>Refunds<\/h2>\n\n<p>Assim que a devolu\u00e7\u00e3o for recebida e inspecionada, enviaremos um e-mail para notific\u00e1-lo de que recebemos o item devolvido. Tamb\u00e9m o notificaremos sobre a aprova\u00e7\u00e3o ou rejei\u00e7\u00e3o do seu reembolso.<\/p>\n\n<p>Se voc\u00ea for aprovado, seu reembolso ser\u00e1 processado e um cr\u00e9dito ser\u00e1 automaticamente aplicado ao seu cart\u00e3o de cr\u00e9dito ou ao m\u00e9todo original de pagamento, dentro de um determinado per\u00edodo de dias.<\/p>\n\n<b>Late or missing refunds<\/b>\n\n<p>Se voc\u00ea ainda n\u00e3o recebeu um reembolso, primeiro verifique novamente sua conta banc\u00e1ria.<\/p>\n\n<p>Em seguida, entre em contato com a empresa do seu cart\u00e3o de cr\u00e9dito, pois pode levar algum tempo at\u00e9 que o reembolso seja oficialmente lan\u00e7ado.<\/p>\n\n<p>Em seguida, entre em contato com o seu banco. Geralmente, h\u00e1 algum tempo de processamento antes que o reembolso seja lan\u00e7ado.<\/p>\n\n<p>Se tiver feito tudo isso e ainda n\u00e3o tiver recebido seu reembolso, entre em contato conosco pelo endere\u00e7o {endere\u00e7o de e-mail}.<\/p>\n\n<b>Sale items<\/b>\n\n<p>Somente itens com pre\u00e7os regulares podem ser reembolsados. Itens em promo\u00e7\u00e3o n\u00e3o podem ser reembolsados.<\/p>\n\n<h2>Exchanges<\/h2>\n\n<p>Somente substitu\u00edmos itens se estiverem com defeito ou danificados. Se precisar troc\u00e1-lo pelo mesmo item, envie-nos um e-mail para {endere\u00e7o de e-mail} e envie seu item para: {endere\u00e7o f\u00edsico}.<\/p>\n\n<h2>Gifts<\/h2>\n\n<p>Se o item foi marcado como presente quando comprado e enviado diretamente para voc\u00ea, voc\u00ea receber\u00e1 um cr\u00e9dito de presente no valor da sua devolu\u00e7\u00e3o. Assim que o item devolvido for recebido, um vale-presente ser\u00e1 enviado para voc\u00ea.<\/p>\n\n<p>Se o item n\u00e3o tiver sido marcado como presente no momento da compra, ou se o presenteador tiver enviado o pedido para ele mesmo para entregar a voc\u00ea mais tarde, enviaremos um reembolso ao presenteador e ele ficar\u00e1 sabendo da sua devolu\u00e7\u00e3o.<\/p>\n\n<h2>Shipping returns<\/h2>\n\n<p>Para devolver seu produto, voc\u00ea deve envi\u00e1-lo para: {endere\u00e7o f\u00edsico}.<\/p>\n\n<p>Voc\u00ea ser\u00e1 respons\u00e1vel por pagar seus pr\u00f3prios custos de remessa para devolver o item. Os custos de remessa n\u00e3o s\u00e3o reembols\u00e1veis. Se voc\u00ea receber um reembolso, o custo do frete de devolu\u00e7\u00e3o ser\u00e1 deduzido do seu reembolso.<\/p>\n\n<p>Dependendo de onde voc\u00ea mora, o tempo que pode levar para o produto trocado chegar at\u00e9 voc\u00ea pode variar.<\/p>\n\n<p>Se estiver devolvendo itens mais caros, considere usar um servi\u00e7o de remessa rastre\u00e1vel ou adquirir um seguro de remessa. N\u00e3o garantimos que receberemos seu item devolvido.<\/p>\n\n<h2>Need help?<\/h2>\n\n<p>Entre em contato conosco pelo e-mail {email} para quest\u00f5es relacionadas a reembolsos e devolu\u00e7\u00f5es.<\/p>\n","protected":false},"excerpt":{"rendered":"<p>Esta \u00e9 uma p\u00e1gina de amostra. Overview Nossa pol\u00edtica de reembolso e devolu\u00e7\u00f5es tem dura\u00e7\u00e3o de 30 dias. Se 30 dias se passaram desde a compra, n\u00e3o poderemos oferecer reembolso total ou troca. Para ter direito \u00e0 devolu\u00e7\u00e3o, o item deve estar sem uso e nas mesmas condi\u00e7\u00f5es em que foi recebido. Ele tamb\u00e9m deve [&hellip;]<\/p>\n","protected":false},"author":1,"featured_media":0,"parent":0,"menu_order":0,"comment_status":"closed","ping_status":"closed","template":"","meta":{"_acf_changed":false,"footnotes":""},"class_list":["post-2387","page","type-page","status-publish","hentry"],"acf":[],"yoast_head":"<!-- This site is optimized with the Yoast SEO plugin v26.2 - https:\/\/yoast.com\/wordpress\/plugins\/seo\/ -->\n<title>Pol\u00edtica de reembolso e devolu\u00e7\u00f5es - Swiss Vitality Clinics<\/title>\n<meta name=\"description\" content=\"Esta \u00e9 uma p\u00e1gina de amostra. Overview Nossa pol\u00edtica de reembolso e devolu\u00e7\u00f5es tem dura\u00e7\u00e3o de 30 dias. Se 30 dias se passaram desde a compra, n\u00e3o\" \/>\n<meta name=\"robots\" content=\"noindex, follow\" \/>\n<meta property=\"og:locale\" content=\"pt_BR\" \/>\n<meta property=\"og:type\" content=\"article\" \/>\n<meta property=\"og:title\" content=\"Pol\u00edtica de reembolso e devolu\u00e7\u00f5es - Swiss Vitality Clinics\" \/>\n<meta property=\"og:description\" content=\"Esta \u00e9 uma p\u00e1gina de amostra. Overview Nossa pol\u00edtica de reembolso e devolu\u00e7\u00f5es tem dura\u00e7\u00e3o de 30 dias. Se 30 dias se passaram desde a compra, n\u00e3o\" \/>\n<meta property=\"og:url\" content=\"https:\/\/swissvitalityclinics.com\/pt-br\/politica-de-reembolso-e-devolucoes\/\" \/>\n<meta property=\"og:site_name\" content=\"Swiss Vitality Clinics\" \/>\n<meta property=\"article:modified_time\" content=\"2024-04-05T07:55:32+00:00\" \/>\n<meta name=\"twitter:card\" content=\"summary_large_image\" \/>\n<meta name=\"twitter:label1\" content=\"Est. tempo de leitura\" \/>\n\t<meta name=\"twitter:data1\" content=\"3 minutos\" \/>\n<script type=\"application\/ld+json\" class=\"yoast-schema-graph\">{\"@context\":\"https:\/\/schema.org\",\"@graph\":[{\"@type\":\"WebPage\",\"@id\":\"https:\/\/swissvitalityclinics.com\/pt-br\/politica-de-reembolso-e-devolucoes\/\",\"url\":\"https:\/\/swissvitalityclinics.com\/pt-br\/politica-de-reembolso-e-devolucoes\/\",\"name\":\"Pol\u00edtica de reembolso e devolu\u00e7\u00f5es - Swiss Vitality Clinics\",\"isPartOf\":{\"@id\":\"https:\/\/swissvitalityclinics.com\/pt-br\/#website\"},\"datePublished\":\"2024-02-08T15:33:54+00:00\",\"dateModified\":\"2024-04-05T07:55:32+00:00\",\"description\":\"Esta \u00e9 uma p\u00e1gina de amostra. Overview Nossa pol\u00edtica de reembolso e devolu\u00e7\u00f5es tem dura\u00e7\u00e3o de 30 dias. Se 30 dias se passaram desde a compra, n\u00e3o\",\"breadcrumb\":{\"@id\":\"https:\/\/swissvitalityclinics.com\/pt-br\/politica-de-reembolso-e-devolucoes\/#breadcrumb\"},\"inLanguage\":\"pt-BR\",\"potentialAction\":[{\"@type\":\"ReadAction\",\"target\":[\"https:\/\/swissvitalityclinics.com\/pt-br\/politica-de-reembolso-e-devolucoes\/\"]}]},{\"@type\":\"BreadcrumbList\",\"@id\":\"https:\/\/swissvitalityclinics.com\/pt-br\/politica-de-reembolso-e-devolucoes\/#breadcrumb\",\"itemListElement\":[{\"@type\":\"ListItem\",\"position\":1,\"name\":\"Home\",\"item\":\"https:\/\/swissvitalityclinics.com\/pt-br\/inicio\/\"},{\"@type\":\"ListItem\",\"position\":2,\"name\":\"Pol\u00edtica de reembolso e devolu\u00e7\u00f5es\"}]},{\"@type\":\"WebSite\",\"@id\":\"https:\/\/swissvitalityclinics.com\/pt-br\/#website\",\"url\":\"https:\/\/swissvitalityclinics.com\/pt-br\/\",\"name\":\"Swiss Vitality Clinics\",\"description\":\"Epigenetics, Inuspherese, Nano Therapy\",\"publisher\":{\"@id\":\"https:\/\/swissvitalityclinics.com\/pt-br\/#organization\"},\"potentialAction\":[{\"@type\":\"SearchAction\",\"target\":{\"@type\":\"EntryPoint\",\"urlTemplate\":\"https:\/\/swissvitalityclinics.com\/pt-br\/?s={search_term_string}\"},\"query-input\":{\"@type\":\"PropertyValueSpecification\",\"valueRequired\":true,\"valueName\":\"search_term_string\"}}],\"inLanguage\":\"pt-BR\"},{\"@type\":\"Organization\",\"@id\":\"https:\/\/swissvitalityclinics.com\/pt-br\/#organization\",\"name\":\"Swiss Vitality Clinics\",\"url\":\"https:\/\/swissvitalityclinics.com\/pt-br\/\",\"logo\":{\"@type\":\"ImageObject\",\"inLanguage\":\"pt-BR\",\"@id\":\"https:\/\/swissvitalityclinics.com\/pt-br\/#\/schema\/logo\/image\/\",\"url\":\"https:\/\/swissvitalityclinics.com\/wp-content\/uploads\/2024\/02\/Swiss-Vitality-Clinics-Logo-002-02-3000px.png\",\"contentUrl\":\"https:\/\/swissvitalityclinics.com\/wp-content\/uploads\/2024\/02\/Swiss-Vitality-Clinics-Logo-002-02-3000px.png\",\"width\":3000,\"height\":542,\"caption\":\"Swiss Vitality Clinics\"},\"image\":{\"@id\":\"https:\/\/swissvitalityclinics.com\/pt-br\/#\/schema\/logo\/image\/\"}}]}<\/script>\n<!-- \/ Yoast SEO plugin. -->","yoast_head_json":{"title":"Pol\u00edtica de reembolso e devolu\u00e7\u00f5es - Swiss Vitality Clinics","description":"Esta \u00e9 uma p\u00e1gina de amostra. Overview Nossa pol\u00edtica de reembolso e devolu\u00e7\u00f5es tem dura\u00e7\u00e3o de 30 dias. Se 30 dias se passaram desde a compra, n\u00e3o","robots":{"index":"noindex","follow":"follow"},"og_locale":"pt_BR","og_type":"article","og_title":"Pol\u00edtica de reembolso e devolu\u00e7\u00f5es - Swiss Vitality Clinics","og_description":"Esta \u00e9 uma p\u00e1gina de amostra. Overview Nossa pol\u00edtica de reembolso e devolu\u00e7\u00f5es tem dura\u00e7\u00e3o de 30 dias. Se 30 dias se passaram desde a compra, n\u00e3o","og_url":"https:\/\/swissvitalityclinics.com\/pt-br\/politica-de-reembolso-e-devolucoes\/","og_site_name":"Swiss Vitality Clinics","article_modified_time":"2024-04-05T07:55:32+00:00","twitter_card":"summary_large_image","twitter_misc":{"Est. tempo de leitura":"3 minutos"},"schema":{"@context":"https:\/\/schema.org","@graph":[{"@type":"WebPage","@id":"https:\/\/swissvitalityclinics.com\/pt-br\/politica-de-reembolso-e-devolucoes\/","url":"https:\/\/swissvitalityclinics.com\/pt-br\/politica-de-reembolso-e-devolucoes\/","name":"Pol\u00edtica de reembolso e devolu\u00e7\u00f5es - Swiss Vitality Clinics","isPartOf":{"@id":"https:\/\/swissvitalityclinics.com\/pt-br\/#website"},"datePublished":"2024-02-08T15:33:54+00:00","dateModified":"2024-04-05T07:55:32+00:00","description":"Esta \u00e9 uma p\u00e1gina de amostra. Overview Nossa pol\u00edtica de reembolso e devolu\u00e7\u00f5es tem dura\u00e7\u00e3o de 30 dias. Se 30 dias se passaram desde a compra, n\u00e3o","breadcrumb":{"@id":"https:\/\/swissvitalityclinics.com\/pt-br\/politica-de-reembolso-e-devolucoes\/#breadcrumb"},"inLanguage":"pt-BR","potentialAction":[{"@type":"ReadAction","target":["https:\/\/swissvitalityclinics.com\/pt-br\/politica-de-reembolso-e-devolucoes\/"]}]},{"@type":"BreadcrumbList","@id":"https:\/\/swissvitalityclinics.com\/pt-br\/politica-de-reembolso-e-devolucoes\/#breadcrumb","itemListElement":[{"@type":"ListItem","position":1,"name":"Home","item":"https:\/\/swissvitalityclinics.com\/pt-br\/inicio\/"},{"@type":"ListItem","position":2,"name":"Pol\u00edtica de reembolso e devolu\u00e7\u00f5es"}]},{"@type":"WebSite","@id":"https:\/\/swissvitalityclinics.com\/pt-br\/#website","url":"https:\/\/swissvitalityclinics.com\/pt-br\/","name":"Swiss Vitality Clinics","description":"Epigenetics, Inuspherese, Nano Therapy","publisher":{"@id":"https:\/\/swissvitalityclinics.com\/pt-br\/#organization"},"potentialAction":[{"@type":"SearchAction","target":{"@type":"EntryPoint","urlTemplate":"https:\/\/swissvitalityclinics.com\/pt-br\/?s={search_term_string}"},"query-input":{"@type":"PropertyValueSpecification","valueRequired":true,"valueName":"search_term_string"}}],"inLanguage":"pt-BR"},{"@type":"Organization","@id":"https:\/\/swissvitalityclinics.com\/pt-br\/#organization","name":"Swiss Vitality Clinics","url":"https:\/\/swissvitalityclinics.com\/pt-br\/","logo":{"@type":"ImageObject","inLanguage":"pt-BR","@id":"https:\/\/swissvitalityclinics.com\/pt-br\/#\/schema\/logo\/image\/","url":"https:\/\/swissvitalityclinics.com\/wp-content\/uploads\/2024\/02\/Swiss-Vitality-Clinics-Logo-002-02-3000px.png","contentUrl":"https:\/\/swissvitalityclinics.com\/wp-content\/uploads\/2024\/02\/Swiss-Vitality-Clinics-Logo-002-02-3000px.png","width":3000,"height":542,"caption":"Swiss Vitality Clinics"},"image":{"@id":"https:\/\/swissvitalityclinics.com\/pt-br\/#\/schema\/logo\/image\/"}}]}},"_links":{"self":[{"href":"https:\/\/swissvitalityclinics.com\/pt-br\/wp-json\/wp\/v2\/pages\/2387","targetHints":{"allow":["GET"]}}],"collection":[{"href":"https:\/\/swissvitalityclinics.com\/pt-br\/wp-json\/wp\/v2\/pages"}],"about":[{"href":"https:\/\/swissvitalityclinics.com\/pt-br\/wp-json\/wp\/v2\/types\/page"}],"author":[{"embeddable":true,"href":"https:\/\/swissvitalityclinics.com\/pt-br\/wp-json\/wp\/v2\/users\/1"}],"replies":[{"embeddable":true,"href":"https:\/\/swissvitalityclinics.com\/pt-br\/wp-json\/wp\/v2\/comments?post=2387"}],"version-history":[{"count":1,"href":"https:\/\/swissvitalityclinics.com\/pt-br\/wp-json\/wp\/v2\/pages\/2387\/revisions"}],"predecessor-version":[{"id":2390,"href":"https:\/\/swissvitalityclinics.com\/pt-br\/wp-json\/wp\/v2\/pages\/2387\/revisions\/2390"}],"wp:attachment":[{"href":"https:\/\/swissvitalityclinics.com\/pt-br\/wp-json\/wp\/v2\/media?parent=2387"}],"curies":[{"name":"wp","href":"https:\/\/api.w.org\/{rel}","templated":true}]}}