{"id":2454,"date":"2024-02-05T10:57:07","date_gmt":"2024-02-05T10:57:07","guid":{"rendered":"https:\/\/swissvitalityclinics.com\/politica-de-privacidade\/"},"modified":"2025-04-17T09:39:52","modified_gmt":"2025-04-17T09:39:52","slug":"politica-de-privacidade","status":"publish","type":"page","link":"https:\/\/swissvitalityclinics.com\/pt-br\/politica-de-privacidade\/","title":{"rendered":"Pol\u00edtica de privacidade"},"content":{"rendered":"\t\t<div data-elementor-type=\"wp-page\" data-elementor-id=\"2454\" class=\"elementor elementor-2454 elementor-3\" data-elementor-post-type=\"page\">\n\t\t\t\t<div class=\"elementor-element elementor-element-1b5205b9 e-flex e-con-boxed e-con e-parent\" data-id=\"1b5205b9\" data-element_type=\"container\">\n\t\t\t\t\t<div class=\"e-con-inner\">\n\t\t\t\t<div class=\"elementor-element elementor-element-440759ab elementor-widget elementor-widget-text-editor\" data-id=\"440759ab\" data-element_type=\"widget\" data-widget_type=\"text-editor.default\">\n\t\t\t\t<div class=\"elementor-widget-container\">\n\t\t\t\t\t\t\t\t\t<h2>Pol\u00edtica de privacidade<\/h2>\n<h3>Quem somos<\/h3>\n<p>O endere\u00e7o do nosso site \u00e9: <a href=\"https:\/\/swissvitalityclinics.com\/\">https:\/\/swissvitalityclinics.com.<\/a><\/p>\n<hr>\n<h3>M\u00eddia<\/h3>\n<p>Se voc\u00ea fizer upload de imagens para o site, evite fazer upload de imagens com dados de localiza\u00e7\u00e3o incorporados (EXIF GPS) inclu\u00eddos. Os visitantes do site podem fazer download e extrair quaisquer dados de localiza\u00e7\u00e3o das imagens no site.<\/p>\n<hr>\n<h3>Cookies<\/h3>\n<p>Usamos cookies para aprimorar sua experi\u00eancia em nosso site. Cookies s\u00e3o pequenos arquivos de texto que s\u00e3o armazenados em seu dispositivo. Alguns cookies s\u00e3o necess\u00e1rios para o funcionamento do site, enquanto outros nos ajudam a analisar como os visitantes usam nosso site.  <\/p>\n<h4>Google Analytics<\/h4>\n<p>Usamos o Google Analytics, um servi\u00e7o de an\u00e1lise da Web fornecido pela Google LLC. O Google Analytics usa cookies para nos ajudar a entender como os visitantes interagem com nosso site, para que possamos melhorar nosso conte\u00fado e a experi\u00eancia do usu\u00e1rio. As informa\u00e7\u00f5es geradas pelos cookies sobre o uso que voc\u00ea faz do site (inclusive seu endere\u00e7o IP, que \u00e9 anonimizado sempre que poss\u00edvel) s\u00e3o transmitidas e armazenadas pelo Google em servidores nos Estados Unidos ou em outro local fora do Espa\u00e7o Econ\u00f4mico Europeu.  <\/p>\n<p>Configuramos o Google Analytics para tornar seu endere\u00e7o IP an\u00f4nimo assim que poss\u00edvel, e n\u00e3o permitimos que o Google use os dados anal\u00edticos para seus pr\u00f3prios fins ou os compartilhe com terceiros, exceto quando exigido por lei. Voc\u00ea pode desativar os cookies do Google Analytics ajustando as configura\u00e7\u00f5es do seu navegador ou usando o <a href=\"https:\/\/tools.google.com\/dlpage\/gaoptout\">complemento do navegador para desativa\u00e7\u00e3o<\/a> do Google. <\/p>\n<hr>\n<h3>Conte\u00fado incorporado de outros sites<\/h3>\n<p>Os artigos ou p\u00e1ginas deste site podem incluir conte\u00fado incorporado (por exemplo, v\u00eddeos, imagens, artigos, etc.). O conte\u00fado incorporado de outros sites se comporta exatamente da mesma forma como se voc\u00ea tivesse visitado o outro site diretamente. <\/p>\n<p>Esses sites externos podem coletar dados sobre voc\u00ea, usar cookies, incorporar rastreamento adicional de terceiros e monitorar sua intera\u00e7\u00e3o com o conte\u00fado incorporado.<\/p>\n<hr>\n<h3>Com quem compartilhamos seus dados<\/h3>\n<p>N\u00e3o compartilhamos seus dados pessoais com terceiros, exceto quando exigido por lei ou quando necess\u00e1rio para fornecer e aprimorar nosso site e nossos servi\u00e7os (por exemplo, com provedores de an\u00e1lise ou de hospedagem sob estritos acordos de confidencialidade).<\/p>\n<hr>\n<h3>Por quanto tempo mantemos seus dados<\/h3>\n<p>Se voc\u00ea entrar em contato conosco por meio de nosso site, manteremos sua comunica\u00e7\u00e3o e todos os dados relacionados pelo tempo necess\u00e1rio para fornecer servi\u00e7os cont\u00ednuos e cumprir as obriga\u00e7\u00f5es legais.<\/p>\n<hr>\n<h3>Quais direitos voc\u00ea tem sobre seus dados<\/h3>\n<p>Voc\u00ea tem o direito de solicitar o acesso, a corre\u00e7\u00e3o ou a exclus\u00e3o dos seus dados pessoais que mantemos. Voc\u00ea tamb\u00e9m pode solicitar que restrinjamos ou interrompamos o processamento de seus dados pessoais, ou solicitar uma c\u00f3pia de seus dados. Isso n\u00e3o inclui os dados que somos obrigados a manter para fins administrativos, legais ou de seguran\u00e7a.  <\/p>\n<hr>\n<h3>Para onde seus dados s\u00e3o enviados<\/h3>\n<p>Os dados anal\u00edticos podem ser processados por servi\u00e7os de terceiros, como o Google Analytics, e seus dados podem ser transferidos e armazenados com seguran\u00e7a fora do Espa\u00e7o Econ\u00f4mico Europeu quando as prote\u00e7\u00f5es necess\u00e1rias estiverem em vigor.<\/p>\n<hr>\n<p>Em caso de d\u00favidas ou preocupa\u00e7\u00f5es sobre esta pol\u00edtica de privacidade ou sobre como seus dados s\u00e3o tratados, entre em contato conosco pelo e-mail: <a href=\"mailto:info@swissvitalityclinics.com\">info@swissvitalityclinics.com<\/a><\/p>\n<hr>\n<p>\u00a9 2025 Swiss Vitality Clinics<\/p>\t\t\t\t\t\t\t\t<\/div>\n\t\t\t\t<\/div>\n\t\t\t\t\t<\/div>\n\t\t\t\t<\/div>\n\t\t\t\t<\/div>\n\t\t","protected":false},"excerpt":{"rendered":"<p>Pol\u00edtica de privacidade Quem somos O endere\u00e7o do nosso site \u00e9: https:\/\/swissvitalityclinics.com. M\u00eddia Se voc\u00ea fizer upload de imagens para o site, evite fazer upload de imagens com dados de localiza\u00e7\u00e3o incorporados (EXIF GPS) inclu\u00eddos. Os visitantes do site podem fazer download e extrair quaisquer dados de localiza\u00e7\u00e3o das imagens no site. Cookies Usamos cookies [&hellip;]<\/p>\n","protected":false},"author":1,"featured_media":0,"parent":0,"menu_order":0,"comment_status":"closed","ping_status":"open","template":"","meta":{"_acf_changed":false,"footnotes":""},"class_list":["post-2454","page","type-page","status-publish","hentry"],"acf":[],"yoast_head":"<!-- This site is optimized with the Yoast SEO plugin v26.2 - https:\/\/yoast.com\/wordpress\/plugins\/seo\/ -->\n<title>Pol\u00edtica de privacidade - Swiss Vitality Clinics<\/title>\n<meta name=\"description\" content=\"Pol\u00edtica de privacidade Quem somos O endere\u00e7o do nosso site \u00e9: https:\/\/swissvitalityclinics.com. M\u00eddia Se voc\u00ea fizer upload de imagens para o site, evite\" \/>\n<meta name=\"robots\" content=\"noindex, follow\" \/>\n<meta property=\"og:locale\" content=\"pt_BR\" \/>\n<meta property=\"og:type\" content=\"article\" \/>\n<meta property=\"og:title\" content=\"Pol\u00edtica de privacidade - Swiss Vitality Clinics\" \/>\n<meta property=\"og:description\" content=\"Pol\u00edtica de privacidade Quem somos O endere\u00e7o do nosso site \u00e9: https:\/\/swissvitalityclinics.com. M\u00eddia Se voc\u00ea fizer upload de imagens para o site, evite\" \/>\n<meta property=\"og:url\" content=\"https:\/\/swissvitalityclinics.com\/pt-br\/politica-de-privacidade\/\" \/>\n<meta property=\"og:site_name\" content=\"Swiss Vitality Clinics\" \/>\n<meta property=\"article:modified_time\" content=\"2025-04-17T09:39:52+00:00\" \/>\n<meta name=\"twitter:card\" content=\"summary_large_image\" \/>\n<meta name=\"twitter:label1\" content=\"Est. tempo de leitura\" \/>\n\t<meta name=\"twitter:data1\" content=\"3 minutos\" \/>\n<script type=\"application\/ld+json\" class=\"yoast-schema-graph\">{\"@context\":\"https:\/\/schema.org\",\"@graph\":[{\"@type\":\"WebPage\",\"@id\":\"https:\/\/swissvitalityclinics.com\/pt-br\/politica-de-privacidade\/\",\"url\":\"https:\/\/swissvitalityclinics.com\/pt-br\/politica-de-privacidade\/\",\"name\":\"Pol\u00edtica de privacidade - Swiss Vitality Clinics\",\"isPartOf\":{\"@id\":\"https:\/\/swissvitalityclinics.com\/pt-br\/#website\"},\"datePublished\":\"2024-02-05T10:57:07+00:00\",\"dateModified\":\"2025-04-17T09:39:52+00:00\",\"description\":\"Pol\u00edtica de privacidade Quem somos O endere\u00e7o do nosso site \u00e9: https:\/\/swissvitalityclinics.com. M\u00eddia Se voc\u00ea fizer upload de imagens para o site, evite\",\"breadcrumb\":{\"@id\":\"https:\/\/swissvitalityclinics.com\/pt-br\/politica-de-privacidade\/#breadcrumb\"},\"inLanguage\":\"pt-BR\",\"potentialAction\":[{\"@type\":\"ReadAction\",\"target\":[\"https:\/\/swissvitalityclinics.com\/pt-br\/politica-de-privacidade\/\"]}]},{\"@type\":\"BreadcrumbList\",\"@id\":\"https:\/\/swissvitalityclinics.com\/pt-br\/politica-de-privacidade\/#breadcrumb\",\"itemListElement\":[{\"@type\":\"ListItem\",\"position\":1,\"name\":\"Home\",\"item\":\"https:\/\/swissvitalityclinics.com\/pt-br\/inicio\/\"},{\"@type\":\"ListItem\",\"position\":2,\"name\":\"Pol\u00edtica de privacidade\"}]},{\"@type\":\"WebSite\",\"@id\":\"https:\/\/swissvitalityclinics.com\/pt-br\/#website\",\"url\":\"https:\/\/swissvitalityclinics.com\/pt-br\/\",\"name\":\"Swiss Vitality Clinics\",\"description\":\"Epigenetics, Inuspherese, Nano Therapy\",\"publisher\":{\"@id\":\"https:\/\/swissvitalityclinics.com\/pt-br\/#organization\"},\"potentialAction\":[{\"@type\":\"SearchAction\",\"target\":{\"@type\":\"EntryPoint\",\"urlTemplate\":\"https:\/\/swissvitalityclinics.com\/pt-br\/?s={search_term_string}\"},\"query-input\":{\"@type\":\"PropertyValueSpecification\",\"valueRequired\":true,\"valueName\":\"search_term_string\"}}],\"inLanguage\":\"pt-BR\"},{\"@type\":\"Organization\",\"@id\":\"https:\/\/swissvitalityclinics.com\/pt-br\/#organization\",\"name\":\"Swiss Vitality Clinics\",\"url\":\"https:\/\/swissvitalityclinics.com\/pt-br\/\",\"logo\":{\"@type\":\"ImageObject\",\"inLanguage\":\"pt-BR\",\"@id\":\"https:\/\/swissvitalityclinics.com\/pt-br\/#\/schema\/logo\/image\/\",\"url\":\"https:\/\/swissvitalityclinics.com\/wp-content\/uploads\/2024\/02\/Swiss-Vitality-Clinics-Logo-002-02-3000px.png\",\"contentUrl\":\"https:\/\/swissvitalityclinics.com\/wp-content\/uploads\/2024\/02\/Swiss-Vitality-Clinics-Logo-002-02-3000px.png\",\"width\":3000,\"height\":542,\"caption\":\"Swiss Vitality Clinics\"},\"image\":{\"@id\":\"https:\/\/swissvitalityclinics.com\/pt-br\/#\/schema\/logo\/image\/\"}}]}<\/script>\n<!-- \/ Yoast SEO plugin. -->","yoast_head_json":{"title":"Pol\u00edtica de privacidade - Swiss Vitality Clinics","description":"Pol\u00edtica de privacidade Quem somos O endere\u00e7o do nosso site \u00e9: https:\/\/swissvitalityclinics.com. M\u00eddia Se voc\u00ea fizer upload de imagens para o site, evite","robots":{"index":"noindex","follow":"follow"},"og_locale":"pt_BR","og_type":"article","og_title":"Pol\u00edtica de privacidade - Swiss Vitality Clinics","og_description":"Pol\u00edtica de privacidade Quem somos O endere\u00e7o do nosso site \u00e9: https:\/\/swissvitalityclinics.com. M\u00eddia Se voc\u00ea fizer upload de imagens para o site, evite","og_url":"https:\/\/swissvitalityclinics.com\/pt-br\/politica-de-privacidade\/","og_site_name":"Swiss Vitality Clinics","article_modified_time":"2025-04-17T09:39:52+00:00","twitter_card":"summary_large_image","twitter_misc":{"Est. tempo de leitura":"3 minutos"},"schema":{"@context":"https:\/\/schema.org","@graph":[{"@type":"WebPage","@id":"https:\/\/swissvitalityclinics.com\/pt-br\/politica-de-privacidade\/","url":"https:\/\/swissvitalityclinics.com\/pt-br\/politica-de-privacidade\/","name":"Pol\u00edtica de privacidade - Swiss Vitality Clinics","isPartOf":{"@id":"https:\/\/swissvitalityclinics.com\/pt-br\/#website"},"datePublished":"2024-02-05T10:57:07+00:00","dateModified":"2025-04-17T09:39:52+00:00","description":"Pol\u00edtica de privacidade Quem somos O endere\u00e7o do nosso site \u00e9: https:\/\/swissvitalityclinics.com. M\u00eddia Se voc\u00ea fizer upload de imagens para o site, evite","breadcrumb":{"@id":"https:\/\/swissvitalityclinics.com\/pt-br\/politica-de-privacidade\/#breadcrumb"},"inLanguage":"pt-BR","potentialAction":[{"@type":"ReadAction","target":["https:\/\/swissvitalityclinics.com\/pt-br\/politica-de-privacidade\/"]}]},{"@type":"BreadcrumbList","@id":"https:\/\/swissvitalityclinics.com\/pt-br\/politica-de-privacidade\/#breadcrumb","itemListElement":[{"@type":"ListItem","position":1,"name":"Home","item":"https:\/\/swissvitalityclinics.com\/pt-br\/inicio\/"},{"@type":"ListItem","position":2,"name":"Pol\u00edtica de privacidade"}]},{"@type":"WebSite","@id":"https:\/\/swissvitalityclinics.com\/pt-br\/#website","url":"https:\/\/swissvitalityclinics.com\/pt-br\/","name":"Swiss Vitality Clinics","description":"Epigenetics, Inuspherese, Nano Therapy","publisher":{"@id":"https:\/\/swissvitalityclinics.com\/pt-br\/#organization"},"potentialAction":[{"@type":"SearchAction","target":{"@type":"EntryPoint","urlTemplate":"https:\/\/swissvitalityclinics.com\/pt-br\/?s={search_term_string}"},"query-input":{"@type":"PropertyValueSpecification","valueRequired":true,"valueName":"search_term_string"}}],"inLanguage":"pt-BR"},{"@type":"Organization","@id":"https:\/\/swissvitalityclinics.com\/pt-br\/#organization","name":"Swiss Vitality Clinics","url":"https:\/\/swissvitalityclinics.com\/pt-br\/","logo":{"@type":"ImageObject","inLanguage":"pt-BR","@id":"https:\/\/swissvitalityclinics.com\/pt-br\/#\/schema\/logo\/image\/","url":"https:\/\/swissvitalityclinics.com\/wp-content\/uploads\/2024\/02\/Swiss-Vitality-Clinics-Logo-002-02-3000px.png","contentUrl":"https:\/\/swissvitalityclinics.com\/wp-content\/uploads\/2024\/02\/Swiss-Vitality-Clinics-Logo-002-02-3000px.png","width":3000,"height":542,"caption":"Swiss Vitality Clinics"},"image":{"@id":"https:\/\/swissvitalityclinics.com\/pt-br\/#\/schema\/logo\/image\/"}}]}},"_links":{"self":[{"href":"https:\/\/swissvitalityclinics.com\/pt-br\/wp-json\/wp\/v2\/pages\/2454","targetHints":{"allow":["GET"]}}],"collection":[{"href":"https:\/\/swissvitalityclinics.com\/pt-br\/wp-json\/wp\/v2\/pages"}],"about":[{"href":"https:\/\/swissvitalityclinics.com\/pt-br\/wp-json\/wp\/v2\/types\/page"}],"author":[{"embeddable":true,"href":"https:\/\/swissvitalityclinics.com\/pt-br\/wp-json\/wp\/v2\/users\/1"}],"replies":[{"embeddable":true,"href":"https:\/\/swissvitalityclinics.com\/pt-br\/wp-json\/wp\/v2\/comments?post=2454"}],"version-history":[{"count":2,"href":"https:\/\/swissvitalityclinics.com\/pt-br\/wp-json\/wp\/v2\/pages\/2454\/revisions"}],"predecessor-version":[{"id":5460,"href":"https:\/\/swissvitalityclinics.com\/pt-br\/wp-json\/wp\/v2\/pages\/2454\/revisions\/5460"}],"wp:attachment":[{"href":"https:\/\/swissvitalityclinics.com\/pt-br\/wp-json\/wp\/v2\/media?parent=2454"}],"curies":[{"name":"wp","href":"https:\/\/api.w.org\/{rel}","templated":true}]}}