{"id":2750,"date":"2024-03-27T11:15:44","date_gmt":"2024-03-27T11:15:44","guid":{"rendered":"https:\/\/swissvitalityclinics.com\/product\/nad-5-mg\/"},"modified":"2024-06-27T14:41:21","modified_gmt":"2024-06-27T14:41:21","slug":"nad-5-mg","status":"publish","type":"product","link":"https:\/\/swissvitalityclinics.com\/pt-br\/produto\/nad-5-mg\/","title":{"rendered":"NAD+ 5 mg"},"content":{"rendered":"<div class=\"page\" title=\"P\u00e1gina 19\">\n<div class=\"section\">\n<div class=\"layoutArea\">\n<div class=\"column\">\n<p>A nicotinamida adenina dinucleot\u00eddeoNAD+) \u00e9 uma mol\u00e9cula indispens\u00e1vel presente em todas as c\u00e9lulas humanas, desempenhando um papel vital em v\u00e1rios processos biol\u00f3gicos. Sua vers\u00e3o avan\u00e7ada surgiu como um fator cr\u00edtico no apoio \u00e0s fun\u00e7\u00f5es metab\u00f3licas. Atuando como uma coenzima, esse pept\u00eddeo participa ativamente de rea\u00e7\u00f5es cruciais que impulsionam as atividades celulares, a produ\u00e7\u00e3o de energia e o reparo do DNA. Sua import\u00e2ncia n\u00e3o est\u00e1 apenas em sua onipresen\u00e7a, mas tamb\u00e9m em seu profundo impacto sobre os intrincados mecanismos que regem nossa fisiologia.<\/p>\n<\/div>\n<\/div>\n<\/div>\n<\/div>\n","protected":false},"excerpt":{"rendered":"<p>A nicotinamida adenina dinucleot\u00eddeoNAD+) \u00e9 uma mol\u00e9cula indispens\u00e1vel presente em todas as c\u00e9lulas humanas, desempenhando um papel vital em v\u00e1rios processos biol\u00f3gicos. Sua vers\u00e3o avan\u00e7ada surgiu como um fator cr\u00edtico no apoio \u00e0s fun\u00e7\u00f5es metab\u00f3licas. Atuando como uma coenzima, esse pept\u00eddeo participa ativamente de rea\u00e7\u00f5es cruciais que impulsionam as atividades celulares, a produ\u00e7\u00e3o de energia [&hellip;]<\/p>\n","protected":false},"featured_media":2369,"comment_status":"open","ping_status":"closed","template":"","meta":{"_acf_changed":false},"product_brand":[],"product_cat":[55],"product_tag":[],"class_list":{"0":"post-2750","1":"product","2":"type-product","3":"status-publish","4":"has-post-thumbnail","6":"product_cat-nano-terapia","8":"first","9":"instock","10":"shipping-taxable","11":"product-type-simple"},"acf":[],"yoast_head":"<!-- This site is optimized with the Yoast SEO plugin v26.2 - https:\/\/yoast.com\/wordpress\/plugins\/seo\/ -->\n<title>NAD+ 5 mg - Swiss Vitality Clinics<\/title>\n<meta name=\"robots\" content=\"index, follow, max-snippet:-1, max-image-preview:large, max-video-preview:-1\" \/>\n<link rel=\"canonical\" href=\"https:\/\/swissvitalityclinics.com\/pt-br\/produto\/nad-5-mg\/\" \/>\n<meta property=\"og:locale\" content=\"pt_BR\" \/>\n<meta property=\"og:type\" content=\"article\" \/>\n<meta property=\"og:title\" content=\"NAD+ 5 mg - Swiss Vitality Clinics\" \/>\n<meta property=\"og:description\" content=\"A nicotinamida adenina dinucleot\u00eddeoNAD+) \u00e9 uma mol\u00e9cula indispens\u00e1vel presente em todas as c\u00e9lulas humanas, desempenhando um papel vital em v\u00e1rios processos biol\u00f3gicos. Sua vers\u00e3o avan\u00e7ada surgiu como um fator cr\u00edtico no apoio \u00e0s fun\u00e7\u00f5es metab\u00f3licas. Atuando como uma coenzima, esse pept\u00eddeo participa ativamente de rea\u00e7\u00f5es cruciais que impulsionam as atividades celulares, a produ\u00e7\u00e3o de energia [&hellip;]\" \/>\n<meta property=\"og:url\" content=\"https:\/\/swissvitalityclinics.com\/pt-br\/produto\/nad-5-mg\/\" \/>\n<meta property=\"og:site_name\" content=\"Swiss Vitality Clinics\" \/>\n<meta property=\"article:modified_time\" content=\"2024-06-27T14:41:21+00:00\" \/>\n<meta property=\"og:image\" content=\"https:\/\/swissvitalityclinics.com\/wp-content\/uploads\/2024\/03\/Screenshot-2024-03-27-at-12.30.24.png\" \/>\n\t<meta property=\"og:image:width\" content=\"1531\" \/>\n\t<meta property=\"og:image:height\" content=\"709\" \/>\n\t<meta property=\"og:image:type\" content=\"image\/png\" \/>\n<meta name=\"twitter:card\" content=\"summary_large_image\" \/>\n<script type=\"application\/ld+json\" class=\"yoast-schema-graph\">{\"@context\":\"https:\/\/schema.org\",\"@graph\":[{\"@type\":\"WebPage\",\"@id\":\"https:\/\/swissvitalityclinics.com\/pt-br\/produto\/nad-5-mg\/\",\"url\":\"https:\/\/swissvitalityclinics.com\/pt-br\/produto\/nad-5-mg\/\",\"name\":\"NAD+ 5 mg - Swiss Vitality Clinics\",\"isPartOf\":{\"@id\":\"https:\/\/swissvitalityclinics.com\/pt-br\/#website\"},\"primaryImageOfPage\":{\"@id\":\"https:\/\/swissvitalityclinics.com\/pt-br\/produto\/nad-5-mg\/#primaryimage\"},\"image\":{\"@id\":\"https:\/\/swissvitalityclinics.com\/pt-br\/produto\/nad-5-mg\/#primaryimage\"},\"thumbnailUrl\":\"https:\/\/swissvitalityclinics.com\/wp-content\/uploads\/2024\/03\/Screenshot-2024-03-27-at-12.30.24.png\",\"datePublished\":\"2024-03-27T11:15:44+00:00\",\"dateModified\":\"2024-06-27T14:41:21+00:00\",\"breadcrumb\":{\"@id\":\"https:\/\/swissvitalityclinics.com\/pt-br\/produto\/nad-5-mg\/#breadcrumb\"},\"inLanguage\":\"pt-BR\",\"potentialAction\":[{\"@type\":\"ReadAction\",\"target\":[\"https:\/\/swissvitalityclinics.com\/pt-br\/produto\/nad-5-mg\/\"]}]},{\"@type\":\"ImageObject\",\"inLanguage\":\"pt-BR\",\"@id\":\"https:\/\/swissvitalityclinics.com\/pt-br\/produto\/nad-5-mg\/#primaryimage\",\"url\":\"https:\/\/swissvitalityclinics.com\/wp-content\/uploads\/2024\/03\/Screenshot-2024-03-27-at-12.30.24.png\",\"contentUrl\":\"https:\/\/swissvitalityclinics.com\/wp-content\/uploads\/2024\/03\/Screenshot-2024-03-27-at-12.30.24.png\",\"width\":1531,\"height\":709},{\"@type\":\"BreadcrumbList\",\"@id\":\"https:\/\/swissvitalityclinics.com\/pt-br\/produto\/nad-5-mg\/#breadcrumb\",\"itemListElement\":[{\"@type\":\"ListItem\",\"position\":1,\"name\":\"Home\",\"item\":\"https:\/\/swissvitalityclinics.com\/pt-br\/inicio\/\"},{\"@type\":\"ListItem\",\"position\":2,\"name\":\"Loja\",\"item\":\"https:\/\/swissvitalityclinics.com\/pt-br\/loja\/\"},{\"@type\":\"ListItem\",\"position\":3,\"name\":\"NAD+ 5 mg\"}]},{\"@type\":\"WebSite\",\"@id\":\"https:\/\/swissvitalityclinics.com\/pt-br\/#website\",\"url\":\"https:\/\/swissvitalityclinics.com\/pt-br\/\",\"name\":\"Swiss Vitality Clinics\",\"description\":\"Epigenetics, Inuspherese, Nano Therapy\",\"publisher\":{\"@id\":\"https:\/\/swissvitalityclinics.com\/pt-br\/#organization\"},\"potentialAction\":[{\"@type\":\"SearchAction\",\"target\":{\"@type\":\"EntryPoint\",\"urlTemplate\":\"https:\/\/swissvitalityclinics.com\/pt-br\/?s={search_term_string}\"},\"query-input\":{\"@type\":\"PropertyValueSpecification\",\"valueRequired\":true,\"valueName\":\"search_term_string\"}}],\"inLanguage\":\"pt-BR\"},{\"@type\":\"Organization\",\"@id\":\"https:\/\/swissvitalityclinics.com\/pt-br\/#organization\",\"name\":\"Swiss Vitality Clinics\",\"url\":\"https:\/\/swissvitalityclinics.com\/pt-br\/\",\"logo\":{\"@type\":\"ImageObject\",\"inLanguage\":\"pt-BR\",\"@id\":\"https:\/\/swissvitalityclinics.com\/pt-br\/#\/schema\/logo\/image\/\",\"url\":\"https:\/\/swissvitalityclinics.com\/wp-content\/uploads\/2024\/02\/Swiss-Vitality-Clinics-Logo-002-02-3000px.png\",\"contentUrl\":\"https:\/\/swissvitalityclinics.com\/wp-content\/uploads\/2024\/02\/Swiss-Vitality-Clinics-Logo-002-02-3000px.png\",\"width\":3000,\"height\":542,\"caption\":\"Swiss Vitality Clinics\"},\"image\":{\"@id\":\"https:\/\/swissvitalityclinics.com\/pt-br\/#\/schema\/logo\/image\/\"}}]}<\/script>\n<!-- \/ Yoast SEO plugin. -->","yoast_head_json":{"title":"NAD+ 5 mg - Swiss Vitality Clinics","robots":{"index":"index","follow":"follow","max-snippet":"max-snippet:-1","max-image-preview":"max-image-preview:large","max-video-preview":"max-video-preview:-1"},"canonical":"https:\/\/swissvitalityclinics.com\/pt-br\/produto\/nad-5-mg\/","og_locale":"pt_BR","og_type":"article","og_title":"NAD+ 5 mg - Swiss Vitality Clinics","og_description":"A nicotinamida adenina dinucleot\u00eddeoNAD+) \u00e9 uma mol\u00e9cula indispens\u00e1vel presente em todas as c\u00e9lulas humanas, desempenhando um papel vital em v\u00e1rios processos biol\u00f3gicos. Sua vers\u00e3o avan\u00e7ada surgiu como um fator cr\u00edtico no apoio \u00e0s fun\u00e7\u00f5es metab\u00f3licas. Atuando como uma coenzima, esse pept\u00eddeo participa ativamente de rea\u00e7\u00f5es cruciais que impulsionam as atividades celulares, a produ\u00e7\u00e3o de energia [&hellip;]","og_url":"https:\/\/swissvitalityclinics.com\/pt-br\/produto\/nad-5-mg\/","og_site_name":"Swiss Vitality Clinics","article_modified_time":"2024-06-27T14:41:21+00:00","og_image":[{"width":1531,"height":709,"url":"https:\/\/swissvitalityclinics.com\/wp-content\/uploads\/2024\/03\/Screenshot-2024-03-27-at-12.30.24.png","type":"image\/png"}],"twitter_card":"summary_large_image","schema":{"@context":"https:\/\/schema.org","@graph":[{"@type":"WebPage","@id":"https:\/\/swissvitalityclinics.com\/pt-br\/produto\/nad-5-mg\/","url":"https:\/\/swissvitalityclinics.com\/pt-br\/produto\/nad-5-mg\/","name":"NAD+ 5 mg - Swiss Vitality Clinics","isPartOf":{"@id":"https:\/\/swissvitalityclinics.com\/pt-br\/#website"},"primaryImageOfPage":{"@id":"https:\/\/swissvitalityclinics.com\/pt-br\/produto\/nad-5-mg\/#primaryimage"},"image":{"@id":"https:\/\/swissvitalityclinics.com\/pt-br\/produto\/nad-5-mg\/#primaryimage"},"thumbnailUrl":"https:\/\/swissvitalityclinics.com\/wp-content\/uploads\/2024\/03\/Screenshot-2024-03-27-at-12.30.24.png","datePublished":"2024-03-27T11:15:44+00:00","dateModified":"2024-06-27T14:41:21+00:00","breadcrumb":{"@id":"https:\/\/swissvitalityclinics.com\/pt-br\/produto\/nad-5-mg\/#breadcrumb"},"inLanguage":"pt-BR","potentialAction":[{"@type":"ReadAction","target":["https:\/\/swissvitalityclinics.com\/pt-br\/produto\/nad-5-mg\/"]}]},{"@type":"ImageObject","inLanguage":"pt-BR","@id":"https:\/\/swissvitalityclinics.com\/pt-br\/produto\/nad-5-mg\/#primaryimage","url":"https:\/\/swissvitalityclinics.com\/wp-content\/uploads\/2024\/03\/Screenshot-2024-03-27-at-12.30.24.png","contentUrl":"https:\/\/swissvitalityclinics.com\/wp-content\/uploads\/2024\/03\/Screenshot-2024-03-27-at-12.30.24.png","width":1531,"height":709},{"@type":"BreadcrumbList","@id":"https:\/\/swissvitalityclinics.com\/pt-br\/produto\/nad-5-mg\/#breadcrumb","itemListElement":[{"@type":"ListItem","position":1,"name":"Home","item":"https:\/\/swissvitalityclinics.com\/pt-br\/inicio\/"},{"@type":"ListItem","position":2,"name":"Loja","item":"https:\/\/swissvitalityclinics.com\/pt-br\/loja\/"},{"@type":"ListItem","position":3,"name":"NAD+ 5 mg"}]},{"@type":"WebSite","@id":"https:\/\/swissvitalityclinics.com\/pt-br\/#website","url":"https:\/\/swissvitalityclinics.com\/pt-br\/","name":"Swiss Vitality Clinics","description":"Epigenetics, Inuspherese, Nano Therapy","publisher":{"@id":"https:\/\/swissvitalityclinics.com\/pt-br\/#organization"},"potentialAction":[{"@type":"SearchAction","target":{"@type":"EntryPoint","urlTemplate":"https:\/\/swissvitalityclinics.com\/pt-br\/?s={search_term_string}"},"query-input":{"@type":"PropertyValueSpecification","valueRequired":true,"valueName":"search_term_string"}}],"inLanguage":"pt-BR"},{"@type":"Organization","@id":"https:\/\/swissvitalityclinics.com\/pt-br\/#organization","name":"Swiss Vitality Clinics","url":"https:\/\/swissvitalityclinics.com\/pt-br\/","logo":{"@type":"ImageObject","inLanguage":"pt-BR","@id":"https:\/\/swissvitalityclinics.com\/pt-br\/#\/schema\/logo\/image\/","url":"https:\/\/swissvitalityclinics.com\/wp-content\/uploads\/2024\/02\/Swiss-Vitality-Clinics-Logo-002-02-3000px.png","contentUrl":"https:\/\/swissvitalityclinics.com\/wp-content\/uploads\/2024\/02\/Swiss-Vitality-Clinics-Logo-002-02-3000px.png","width":3000,"height":542,"caption":"Swiss Vitality Clinics"},"image":{"@id":"https:\/\/swissvitalityclinics.com\/pt-br\/#\/schema\/logo\/image\/"}}]}},"_links":{"self":[{"href":"https:\/\/swissvitalityclinics.com\/pt-br\/wp-json\/wp\/v2\/product\/2750","targetHints":{"allow":["GET"]}}],"collection":[{"href":"https:\/\/swissvitalityclinics.com\/pt-br\/wp-json\/wp\/v2\/product"}],"about":[{"href":"https:\/\/swissvitalityclinics.com\/pt-br\/wp-json\/wp\/v2\/types\/product"}],"replies":[{"embeddable":true,"href":"https:\/\/swissvitalityclinics.com\/pt-br\/wp-json\/wp\/v2\/comments?post=2750"}],"wp:featuredmedia":[{"embeddable":true,"href":"https:\/\/swissvitalityclinics.com\/pt-br\/wp-json\/wp\/v2\/media\/2369"}],"wp:attachment":[{"href":"https:\/\/swissvitalityclinics.com\/pt-br\/wp-json\/wp\/v2\/media?parent=2750"}],"wp:term":[{"taxonomy":"product_brand","embeddable":true,"href":"https:\/\/swissvitalityclinics.com\/pt-br\/wp-json\/wp\/v2\/product_brand?post=2750"},{"taxonomy":"product_cat","embeddable":true,"href":"https:\/\/swissvitalityclinics.com\/pt-br\/wp-json\/wp\/v2\/product_cat?post=2750"},{"taxonomy":"product_tag","embeddable":true,"href":"https:\/\/swissvitalityclinics.com\/pt-br\/wp-json\/wp\/v2\/product_tag?post=2750"}],"curies":[{"name":"wp","href":"https:\/\/api.w.org\/{rel}","templated":true}]}}