{"id":2756,"date":"2024-03-27T11:14:08","date_gmt":"2024-03-27T11:14:08","guid":{"rendered":"https:\/\/swissvitalityclinics.com\/product\/bpc-157-5mg\/"},"modified":"2024-06-27T14:41:38","modified_gmt":"2024-06-27T14:41:38","slug":"bpc-157-5mg","status":"publish","type":"product","link":"https:\/\/swissvitalityclinics.com\/pt-br\/produto\/bpc-157-5mg\/","title":{"rendered":"BPC-157 5mg"},"content":{"rendered":"<div class=\"page\" title=\"P\u00e1gina 18\">\n<div class=\"section\">\n<div class=\"layoutArea\">\n<div class=\"column\">\n<p>O BPC-157 \u00e9 um pept\u00eddeo que tem o potencial de aumentar drasticamente os tempos de cicatriza\u00e7\u00e3o e recupera\u00e7\u00e3o em compara\u00e7\u00e3o com outros medicamentos de prescri\u00e7\u00e3o atualmente dispon\u00edveis. Foi comprovado que o pept\u00eddeo ajuda a curar muitos tipos de feridas em animais, como les\u00f5es musculares e de tend\u00f5es, incluindo ligamentos rompidos, porque pode acelerar o processo de cicatriza\u00e7\u00e3o. Al\u00e9m disso, o BPC 157, tamb\u00e9m conhecido como composto de prote\u00e7\u00e3o corporal, tamb\u00e9m demonstrou proteger os \u00f3rg\u00e3os e ajudar a prevenir \u00falceras g\u00e1stricas, que podem ser muito dolorosas. Al\u00e9m disso, o BPC 157 combate problemas de sa\u00fade, como intestino perme\u00e1vel, SII, c\u00f3licas intestinais e doen\u00e7a de Crohn, atuando simultaneamente no trato digestivo. Esse pept\u00eddeo tamb\u00e9m demonstrou ser capaz de ajudar a aliviar a dor.<\/p>\n<\/div>\n<\/div>\n<\/div>\n<\/div>\n","protected":false},"excerpt":{"rendered":"<p>O BPC-157 \u00e9 um pept\u00eddeo que tem o potencial de aumentar drasticamente os tempos de cicatriza\u00e7\u00e3o e recupera\u00e7\u00e3o em compara\u00e7\u00e3o com outros medicamentos de prescri\u00e7\u00e3o atualmente dispon\u00edveis. Foi comprovado que o pept\u00eddeo ajuda a curar muitos tipos de feridas em animais, como les\u00f5es musculares e de tend\u00f5es, incluindo ligamentos rompidos, porque pode acelerar o processo [&hellip;]<\/p>\n","protected":false},"featured_media":2363,"comment_status":"open","ping_status":"closed","template":"","meta":{"_acf_changed":false},"product_brand":[],"product_cat":[55],"product_tag":[],"class_list":{"0":"post-2756","1":"product","2":"type-product","3":"status-publish","4":"has-post-thumbnail","6":"product_cat-nano-terapia","8":"first","9":"instock","10":"shipping-taxable","11":"product-type-simple"},"acf":[],"yoast_head":"<!-- This site is optimized with the Yoast SEO plugin v26.2 - https:\/\/yoast.com\/wordpress\/plugins\/seo\/ -->\n<title>BPC-157 5mg - Swiss Vitality Clinics<\/title>\n<meta name=\"robots\" content=\"index, follow, max-snippet:-1, max-image-preview:large, max-video-preview:-1\" \/>\n<link rel=\"canonical\" href=\"https:\/\/swissvitalityclinics.com\/pt-br\/produto\/bpc-157-5mg\/\" \/>\n<meta property=\"og:locale\" content=\"pt_BR\" \/>\n<meta property=\"og:type\" content=\"article\" \/>\n<meta property=\"og:title\" content=\"BPC-157 5mg - Swiss Vitality Clinics\" \/>\n<meta property=\"og:description\" content=\"O BPC-157 \u00e9 um pept\u00eddeo que tem o potencial de aumentar drasticamente os tempos de cicatriza\u00e7\u00e3o e recupera\u00e7\u00e3o em compara\u00e7\u00e3o com outros medicamentos de prescri\u00e7\u00e3o atualmente dispon\u00edveis. Foi comprovado que o pept\u00eddeo ajuda a curar muitos tipos de feridas em animais, como les\u00f5es musculares e de tend\u00f5es, incluindo ligamentos rompidos, porque pode acelerar o processo [&hellip;]\" \/>\n<meta property=\"og:url\" content=\"https:\/\/swissvitalityclinics.com\/pt-br\/produto\/bpc-157-5mg\/\" \/>\n<meta property=\"og:site_name\" content=\"Swiss Vitality Clinics\" \/>\n<meta property=\"article:modified_time\" content=\"2024-06-27T14:41:38+00:00\" \/>\n<meta property=\"og:image\" content=\"https:\/\/swissvitalityclinics.com\/wp-content\/uploads\/2024\/03\/Screenshot-2024-03-27-at-12.29.22.png\" \/>\n\t<meta property=\"og:image:width\" content=\"1535\" \/>\n\t<meta property=\"og:image:height\" content=\"712\" \/>\n\t<meta property=\"og:image:type\" content=\"image\/png\" \/>\n<meta name=\"twitter:card\" content=\"summary_large_image\" \/>\n<meta name=\"twitter:label1\" content=\"Est. tempo de leitura\" \/>\n\t<meta name=\"twitter:data1\" content=\"1 minuto\" \/>\n<script type=\"application\/ld+json\" class=\"yoast-schema-graph\">{\"@context\":\"https:\/\/schema.org\",\"@graph\":[{\"@type\":\"WebPage\",\"@id\":\"https:\/\/swissvitalityclinics.com\/pt-br\/produto\/bpc-157-5mg\/\",\"url\":\"https:\/\/swissvitalityclinics.com\/pt-br\/produto\/bpc-157-5mg\/\",\"name\":\"BPC-157 5mg - Swiss Vitality Clinics\",\"isPartOf\":{\"@id\":\"https:\/\/swissvitalityclinics.com\/pt-br\/#website\"},\"primaryImageOfPage\":{\"@id\":\"https:\/\/swissvitalityclinics.com\/pt-br\/produto\/bpc-157-5mg\/#primaryimage\"},\"image\":{\"@id\":\"https:\/\/swissvitalityclinics.com\/pt-br\/produto\/bpc-157-5mg\/#primaryimage\"},\"thumbnailUrl\":\"https:\/\/swissvitalityclinics.com\/wp-content\/uploads\/2024\/03\/Screenshot-2024-03-27-at-12.29.22.png\",\"datePublished\":\"2024-03-27T11:14:08+00:00\",\"dateModified\":\"2024-06-27T14:41:38+00:00\",\"breadcrumb\":{\"@id\":\"https:\/\/swissvitalityclinics.com\/pt-br\/produto\/bpc-157-5mg\/#breadcrumb\"},\"inLanguage\":\"pt-BR\",\"potentialAction\":[{\"@type\":\"ReadAction\",\"target\":[\"https:\/\/swissvitalityclinics.com\/pt-br\/produto\/bpc-157-5mg\/\"]}]},{\"@type\":\"ImageObject\",\"inLanguage\":\"pt-BR\",\"@id\":\"https:\/\/swissvitalityclinics.com\/pt-br\/produto\/bpc-157-5mg\/#primaryimage\",\"url\":\"https:\/\/swissvitalityclinics.com\/wp-content\/uploads\/2024\/03\/Screenshot-2024-03-27-at-12.29.22.png\",\"contentUrl\":\"https:\/\/swissvitalityclinics.com\/wp-content\/uploads\/2024\/03\/Screenshot-2024-03-27-at-12.29.22.png\",\"width\":1535,\"height\":712},{\"@type\":\"BreadcrumbList\",\"@id\":\"https:\/\/swissvitalityclinics.com\/pt-br\/produto\/bpc-157-5mg\/#breadcrumb\",\"itemListElement\":[{\"@type\":\"ListItem\",\"position\":1,\"name\":\"Home\",\"item\":\"https:\/\/swissvitalityclinics.com\/pt-br\/inicio\/\"},{\"@type\":\"ListItem\",\"position\":2,\"name\":\"Loja\",\"item\":\"https:\/\/swissvitalityclinics.com\/pt-br\/loja\/\"},{\"@type\":\"ListItem\",\"position\":3,\"name\":\"BPC-157 5mg\"}]},{\"@type\":\"WebSite\",\"@id\":\"https:\/\/swissvitalityclinics.com\/pt-br\/#website\",\"url\":\"https:\/\/swissvitalityclinics.com\/pt-br\/\",\"name\":\"Swiss Vitality Clinics\",\"description\":\"Epigenetics, Inuspherese, Nano Therapy\",\"publisher\":{\"@id\":\"https:\/\/swissvitalityclinics.com\/pt-br\/#organization\"},\"potentialAction\":[{\"@type\":\"SearchAction\",\"target\":{\"@type\":\"EntryPoint\",\"urlTemplate\":\"https:\/\/swissvitalityclinics.com\/pt-br\/?s={search_term_string}\"},\"query-input\":{\"@type\":\"PropertyValueSpecification\",\"valueRequired\":true,\"valueName\":\"search_term_string\"}}],\"inLanguage\":\"pt-BR\"},{\"@type\":\"Organization\",\"@id\":\"https:\/\/swissvitalityclinics.com\/pt-br\/#organization\",\"name\":\"Swiss Vitality Clinics\",\"url\":\"https:\/\/swissvitalityclinics.com\/pt-br\/\",\"logo\":{\"@type\":\"ImageObject\",\"inLanguage\":\"pt-BR\",\"@id\":\"https:\/\/swissvitalityclinics.com\/pt-br\/#\/schema\/logo\/image\/\",\"url\":\"https:\/\/swissvitalityclinics.com\/wp-content\/uploads\/2024\/02\/Swiss-Vitality-Clinics-Logo-002-02-3000px.png\",\"contentUrl\":\"https:\/\/swissvitalityclinics.com\/wp-content\/uploads\/2024\/02\/Swiss-Vitality-Clinics-Logo-002-02-3000px.png\",\"width\":3000,\"height\":542,\"caption\":\"Swiss Vitality Clinics\"},\"image\":{\"@id\":\"https:\/\/swissvitalityclinics.com\/pt-br\/#\/schema\/logo\/image\/\"}}]}<\/script>\n<!-- \/ Yoast SEO plugin. -->","yoast_head_json":{"title":"BPC-157 5mg - Swiss Vitality Clinics","robots":{"index":"index","follow":"follow","max-snippet":"max-snippet:-1","max-image-preview":"max-image-preview:large","max-video-preview":"max-video-preview:-1"},"canonical":"https:\/\/swissvitalityclinics.com\/pt-br\/produto\/bpc-157-5mg\/","og_locale":"pt_BR","og_type":"article","og_title":"BPC-157 5mg - Swiss Vitality Clinics","og_description":"O BPC-157 \u00e9 um pept\u00eddeo que tem o potencial de aumentar drasticamente os tempos de cicatriza\u00e7\u00e3o e recupera\u00e7\u00e3o em compara\u00e7\u00e3o com outros medicamentos de prescri\u00e7\u00e3o atualmente dispon\u00edveis. Foi comprovado que o pept\u00eddeo ajuda a curar muitos tipos de feridas em animais, como les\u00f5es musculares e de tend\u00f5es, incluindo ligamentos rompidos, porque pode acelerar o processo [&hellip;]","og_url":"https:\/\/swissvitalityclinics.com\/pt-br\/produto\/bpc-157-5mg\/","og_site_name":"Swiss Vitality Clinics","article_modified_time":"2024-06-27T14:41:38+00:00","og_image":[{"width":1535,"height":712,"url":"https:\/\/swissvitalityclinics.com\/wp-content\/uploads\/2024\/03\/Screenshot-2024-03-27-at-12.29.22.png","type":"image\/png"}],"twitter_card":"summary_large_image","twitter_misc":{"Est. tempo de leitura":"1 minuto"},"schema":{"@context":"https:\/\/schema.org","@graph":[{"@type":"WebPage","@id":"https:\/\/swissvitalityclinics.com\/pt-br\/produto\/bpc-157-5mg\/","url":"https:\/\/swissvitalityclinics.com\/pt-br\/produto\/bpc-157-5mg\/","name":"BPC-157 5mg - Swiss Vitality Clinics","isPartOf":{"@id":"https:\/\/swissvitalityclinics.com\/pt-br\/#website"},"primaryImageOfPage":{"@id":"https:\/\/swissvitalityclinics.com\/pt-br\/produto\/bpc-157-5mg\/#primaryimage"},"image":{"@id":"https:\/\/swissvitalityclinics.com\/pt-br\/produto\/bpc-157-5mg\/#primaryimage"},"thumbnailUrl":"https:\/\/swissvitalityclinics.com\/wp-content\/uploads\/2024\/03\/Screenshot-2024-03-27-at-12.29.22.png","datePublished":"2024-03-27T11:14:08+00:00","dateModified":"2024-06-27T14:41:38+00:00","breadcrumb":{"@id":"https:\/\/swissvitalityclinics.com\/pt-br\/produto\/bpc-157-5mg\/#breadcrumb"},"inLanguage":"pt-BR","potentialAction":[{"@type":"ReadAction","target":["https:\/\/swissvitalityclinics.com\/pt-br\/produto\/bpc-157-5mg\/"]}]},{"@type":"ImageObject","inLanguage":"pt-BR","@id":"https:\/\/swissvitalityclinics.com\/pt-br\/produto\/bpc-157-5mg\/#primaryimage","url":"https:\/\/swissvitalityclinics.com\/wp-content\/uploads\/2024\/03\/Screenshot-2024-03-27-at-12.29.22.png","contentUrl":"https:\/\/swissvitalityclinics.com\/wp-content\/uploads\/2024\/03\/Screenshot-2024-03-27-at-12.29.22.png","width":1535,"height":712},{"@type":"BreadcrumbList","@id":"https:\/\/swissvitalityclinics.com\/pt-br\/produto\/bpc-157-5mg\/#breadcrumb","itemListElement":[{"@type":"ListItem","position":1,"name":"Home","item":"https:\/\/swissvitalityclinics.com\/pt-br\/inicio\/"},{"@type":"ListItem","position":2,"name":"Loja","item":"https:\/\/swissvitalityclinics.com\/pt-br\/loja\/"},{"@type":"ListItem","position":3,"name":"BPC-157 5mg"}]},{"@type":"WebSite","@id":"https:\/\/swissvitalityclinics.com\/pt-br\/#website","url":"https:\/\/swissvitalityclinics.com\/pt-br\/","name":"Swiss Vitality Clinics","description":"Epigenetics, Inuspherese, Nano Therapy","publisher":{"@id":"https:\/\/swissvitalityclinics.com\/pt-br\/#organization"},"potentialAction":[{"@type":"SearchAction","target":{"@type":"EntryPoint","urlTemplate":"https:\/\/swissvitalityclinics.com\/pt-br\/?s={search_term_string}"},"query-input":{"@type":"PropertyValueSpecification","valueRequired":true,"valueName":"search_term_string"}}],"inLanguage":"pt-BR"},{"@type":"Organization","@id":"https:\/\/swissvitalityclinics.com\/pt-br\/#organization","name":"Swiss Vitality Clinics","url":"https:\/\/swissvitalityclinics.com\/pt-br\/","logo":{"@type":"ImageObject","inLanguage":"pt-BR","@id":"https:\/\/swissvitalityclinics.com\/pt-br\/#\/schema\/logo\/image\/","url":"https:\/\/swissvitalityclinics.com\/wp-content\/uploads\/2024\/02\/Swiss-Vitality-Clinics-Logo-002-02-3000px.png","contentUrl":"https:\/\/swissvitalityclinics.com\/wp-content\/uploads\/2024\/02\/Swiss-Vitality-Clinics-Logo-002-02-3000px.png","width":3000,"height":542,"caption":"Swiss Vitality Clinics"},"image":{"@id":"https:\/\/swissvitalityclinics.com\/pt-br\/#\/schema\/logo\/image\/"}}]}},"_links":{"self":[{"href":"https:\/\/swissvitalityclinics.com\/pt-br\/wp-json\/wp\/v2\/product\/2756","targetHints":{"allow":["GET"]}}],"collection":[{"href":"https:\/\/swissvitalityclinics.com\/pt-br\/wp-json\/wp\/v2\/product"}],"about":[{"href":"https:\/\/swissvitalityclinics.com\/pt-br\/wp-json\/wp\/v2\/types\/product"}],"replies":[{"embeddable":true,"href":"https:\/\/swissvitalityclinics.com\/pt-br\/wp-json\/wp\/v2\/comments?post=2756"}],"wp:featuredmedia":[{"embeddable":true,"href":"https:\/\/swissvitalityclinics.com\/pt-br\/wp-json\/wp\/v2\/media\/2363"}],"wp:attachment":[{"href":"https:\/\/swissvitalityclinics.com\/pt-br\/wp-json\/wp\/v2\/media?parent=2756"}],"wp:term":[{"taxonomy":"product_brand","embeddable":true,"href":"https:\/\/swissvitalityclinics.com\/pt-br\/wp-json\/wp\/v2\/product_brand?post=2756"},{"taxonomy":"product_cat","embeddable":true,"href":"https:\/\/swissvitalityclinics.com\/pt-br\/wp-json\/wp\/v2\/product_cat?post=2756"},{"taxonomy":"product_tag","embeddable":true,"href":"https:\/\/swissvitalityclinics.com\/pt-br\/wp-json\/wp\/v2\/product_tag?post=2756"}],"curies":[{"name":"wp","href":"https:\/\/api.w.org\/{rel}","templated":true}]}}